{"id":10467,"date":"2020-06-08T11:23:08","date_gmt":"2020-06-08T08:23:08","guid":{"rendered":"https:\/\/vinilozona.lt\/?post_type=product&#038;p=10467"},"modified":"2023-01-02T17:25:09","modified_gmt":"2023-01-02T15:25:09","slug":"grazina-apanaviciute-%e2%80%8e-operu-arijos","status":"publish","type":"product","link":"https:\/\/vinilozona.lt\/en\/parduotuve\/lietuviska\/grazina-apanaviciute-%e2%80%8e-operu-arijos\/","title":{"rendered":"Gra\u017eina Apanavi\u010di\u016bt\u0117 \u200e\u2013 Oper\u0173 Arijos"},"content":{"rendered":"<p>A1\t\tAidos Scena (&#8222;Aida&#8221;, I V.) 7:37<br \/>\nA2\t\tAidos Re\u010ditatyvas Ir Romansas (&#8222;Aida&#8221;, III V.) 6:27<br \/>\nA3\t\tElizabet\u0117s Scena Ir Arija (&#8222;Don Karlas&#8221;, V V.) 8:41<br \/>\nB1\t\tLeonoros Arija (&#8222;Likimo J\u0117ga&#8221;, IV V.) 5:08<br \/>\nB2\t\tD\u017eokondos Arija (&#8222;D\u017eokonda&#8221;, IV V.) 4:16<br \/>\nB3\t\tToskos Arija (&#8222;Toska&#8221;, II V.) 3:09<br \/>\nB4\t\tSentos Balad\u0117 (&#8222;Skrajojantis Olandas&#8221;, II V.) 6:30<\/p>","protected":false},"excerpt":{"rendered":"<p>\u042110 22739 001<\/p>","protected":false},"featured_media":10468,"template":"","meta":[],"product_cat":[19,22],"product_tag":[55],"yoast_head":"<!-- This site is optimized with the Yoast SEO plugin v23.5 - https:\/\/yoast.com\/wordpress\/plugins\/seo\/ -->\n<title>Gra\u017eina Apanavi\u010di\u016bt\u0117 \u200e\u2013 Oper\u0173 Arijos Vinilin\u0117 Plok\u0161tel\u0117 | Vinilozona.lt<\/title>\n<meta name=\"robots\" content=\"index, follow, max-snippet:-1, max-image-preview:large, max-video-preview:-1\" \/>\n<link rel=\"canonical\" href=\"https:\/\/vinilozona.lt\/en\/parduotuve\/lietuviska\/grazina-apanaviciute-\u200e-operu-arijos\/\" \/>\n<meta property=\"og:locale\" content=\"en_GB\" \/>\n<meta property=\"og:type\" content=\"article\" \/>\n<meta property=\"og:title\" content=\"Gra\u017eina Apanavi\u010di\u016bt\u0117 \u200e\u2013 Oper\u0173 Arijos Vinilin\u0117 Plok\u0161tel\u0117 | Vinilozona.lt\" \/>\n<meta property=\"og:description\" content=\"\u042110 22739 001\" \/>\n<meta property=\"og:url\" content=\"https:\/\/vinilozona.lt\/en\/parduotuve\/lietuviska\/grazina-apanaviciute-\u200e-operu-arijos\/\" \/>\n<meta property=\"og:site_name\" content=\"Vinilo Zona\" \/>\n<meta property=\"article:modified_time\" content=\"2023-01-02T15:25:09+00:00\" \/>\n<meta property=\"og:image\" content=\"https:\/\/vinilozona.lt\/wp-content\/uploads\/2020\/06\/R-4496087-1367157583-3505.jpeg.jpg\" \/>\n\t<meta property=\"og:image:width\" content=\"298\" \/>\n\t<meta property=\"og:image:height\" content=\"300\" \/>\n\t<meta property=\"og:image:type\" content=\"image\/jpeg\" \/>\n<meta name=\"twitter:card\" content=\"summary_large_image\" \/>\n<script type=\"application\/ld+json\" class=\"yoast-schema-graph\">{\"@context\":\"https:\/\/schema.org\",\"@graph\":[{\"@type\":\"WebPage\",\"@id\":\"https:\/\/vinilozona.lt\/parduotuve\/lietuviska\/grazina-apanaviciute-%e2%80%8e-operu-arijos\/\",\"url\":\"https:\/\/vinilozona.lt\/parduotuve\/lietuviska\/grazina-apanaviciute-%e2%80%8e-operu-arijos\/\",\"name\":\"Gra\u017eina Apanavi\u010di\u016bt\u0117 \u200e\u2013 Oper\u0173 Arijos Vinilin\u0117 Plok\u0161tel\u0117 | Vinilozona.lt\",\"isPartOf\":{\"@id\":\"https:\/\/vinilozona.lt\/#website\"},\"primaryImageOfPage\":{\"@id\":\"https:\/\/vinilozona.lt\/parduotuve\/lietuviska\/grazina-apanaviciute-%e2%80%8e-operu-arijos\/#primaryimage\"},\"image\":{\"@id\":\"https:\/\/vinilozona.lt\/parduotuve\/lietuviska\/grazina-apanaviciute-%e2%80%8e-operu-arijos\/#primaryimage\"},\"thumbnailUrl\":\"https:\/\/vinilozona.lt\/wp-content\/uploads\/2020\/06\/R-4496087-1367157583-3505.jpeg.jpg\",\"datePublished\":\"2020-06-08T08:23:08+00:00\",\"dateModified\":\"2023-01-02T15:25:09+00:00\",\"breadcrumb\":{\"@id\":\"https:\/\/vinilozona.lt\/parduotuve\/lietuviska\/grazina-apanaviciute-%e2%80%8e-operu-arijos\/#breadcrumb\"},\"inLanguage\":\"en-GB\",\"potentialAction\":[{\"@type\":\"ReadAction\",\"target\":[\"https:\/\/vinilozona.lt\/parduotuve\/lietuviska\/grazina-apanaviciute-%e2%80%8e-operu-arijos\/\"]}]},{\"@type\":\"ImageObject\",\"inLanguage\":\"en-GB\",\"@id\":\"https:\/\/vinilozona.lt\/parduotuve\/lietuviska\/grazina-apanaviciute-%e2%80%8e-operu-arijos\/#primaryimage\",\"url\":\"https:\/\/vinilozona.lt\/wp-content\/uploads\/2020\/06\/R-4496087-1367157583-3505.jpeg.jpg\",\"contentUrl\":\"https:\/\/vinilozona.lt\/wp-content\/uploads\/2020\/06\/R-4496087-1367157583-3505.jpeg.jpg\",\"width\":298,\"height\":300},{\"@type\":\"BreadcrumbList\",\"@id\":\"https:\/\/vinilozona.lt\/parduotuve\/lietuviska\/grazina-apanaviciute-%e2%80%8e-operu-arijos\/#breadcrumb\",\"itemListElement\":[{\"@type\":\"ListItem\",\"position\":1,\"name\":\"Home\",\"item\":\"https:\/\/vinilozona.lt\/\"},{\"@type\":\"ListItem\",\"position\":2,\"name\":\"Parduotuv\u0117\",\"item\":\"https:\/\/vinilozona.lt\/parduotuve\/\"},{\"@type\":\"ListItem\",\"position\":3,\"name\":\"Gra\u017eina Apanavi\u010di\u016bt\u0117 \u200e\u2013 Oper\u0173 Arijos\"}]},{\"@type\":\"WebSite\",\"@id\":\"https:\/\/vinilozona.lt\/#website\",\"url\":\"https:\/\/vinilozona.lt\/\",\"name\":\"Vinilo Zona\",\"description\":\"Nup\u016bsk dulkes ir klausyk LP\",\"potentialAction\":[{\"@type\":\"SearchAction\",\"target\":{\"@type\":\"EntryPoint\",\"urlTemplate\":\"https:\/\/vinilozona.lt\/?s={search_term_string}\"},\"query-input\":{\"@type\":\"PropertyValueSpecification\",\"valueRequired\":true,\"valueName\":\"search_term_string\"}}],\"inLanguage\":\"en-GB\"}]}<\/script>\n<!-- \/ Yoast SEO plugin. -->","yoast_head_json":{"title":"Gra\u017eina Apanavi\u010di\u016bt\u0117 \u200e\u2013 Oper\u0173 Arijos Vinilin\u0117 Plok\u0161tel\u0117 | Vinilozona.lt","robots":{"index":"index","follow":"follow","max-snippet":"max-snippet:-1","max-image-preview":"max-image-preview:large","max-video-preview":"max-video-preview:-1"},"canonical":"https:\/\/vinilozona.lt\/en\/parduotuve\/lietuviska\/grazina-apanaviciute-\u200e-operu-arijos\/","og_locale":"en_GB","og_type":"article","og_title":"Gra\u017eina Apanavi\u010di\u016bt\u0117 \u200e\u2013 Oper\u0173 Arijos Vinilin\u0117 Plok\u0161tel\u0117 | Vinilozona.lt","og_description":"\u042110 22739 001","og_url":"https:\/\/vinilozona.lt\/en\/parduotuve\/lietuviska\/grazina-apanaviciute-\u200e-operu-arijos\/","og_site_name":"Vinilo Zona","article_modified_time":"2023-01-02T15:25:09+00:00","og_image":[{"width":298,"height":300,"url":"https:\/\/vinilozona.lt\/wp-content\/uploads\/2020\/06\/R-4496087-1367157583-3505.jpeg.jpg","type":"image\/jpeg"}],"twitter_card":"summary_large_image","schema":{"@context":"https:\/\/schema.org","@graph":[{"@type":"WebPage","@id":"https:\/\/vinilozona.lt\/parduotuve\/lietuviska\/grazina-apanaviciute-%e2%80%8e-operu-arijos\/","url":"https:\/\/vinilozona.lt\/parduotuve\/lietuviska\/grazina-apanaviciute-%e2%80%8e-operu-arijos\/","name":"Gra\u017eina Apanavi\u010di\u016bt\u0117 \u200e\u2013 Oper\u0173 Arijos Vinilin\u0117 Plok\u0161tel\u0117 | Vinilozona.lt","isPartOf":{"@id":"https:\/\/vinilozona.lt\/#website"},"primaryImageOfPage":{"@id":"https:\/\/vinilozona.lt\/parduotuve\/lietuviska\/grazina-apanaviciute-%e2%80%8e-operu-arijos\/#primaryimage"},"image":{"@id":"https:\/\/vinilozona.lt\/parduotuve\/lietuviska\/grazina-apanaviciute-%e2%80%8e-operu-arijos\/#primaryimage"},"thumbnailUrl":"https:\/\/vinilozona.lt\/wp-content\/uploads\/2020\/06\/R-4496087-1367157583-3505.jpeg.jpg","datePublished":"2020-06-08T08:23:08+00:00","dateModified":"2023-01-02T15:25:09+00:00","breadcrumb":{"@id":"https:\/\/vinilozona.lt\/parduotuve\/lietuviska\/grazina-apanaviciute-%e2%80%8e-operu-arijos\/#breadcrumb"},"inLanguage":"en-GB","potentialAction":[{"@type":"ReadAction","target":["https:\/\/vinilozona.lt\/parduotuve\/lietuviska\/grazina-apanaviciute-%e2%80%8e-operu-arijos\/"]}]},{"@type":"ImageObject","inLanguage":"en-GB","@id":"https:\/\/vinilozona.lt\/parduotuve\/lietuviska\/grazina-apanaviciute-%e2%80%8e-operu-arijos\/#primaryimage","url":"https:\/\/vinilozona.lt\/wp-content\/uploads\/2020\/06\/R-4496087-1367157583-3505.jpeg.jpg","contentUrl":"https:\/\/vinilozona.lt\/wp-content\/uploads\/2020\/06\/R-4496087-1367157583-3505.jpeg.jpg","width":298,"height":300},{"@type":"BreadcrumbList","@id":"https:\/\/vinilozona.lt\/parduotuve\/lietuviska\/grazina-apanaviciute-%e2%80%8e-operu-arijos\/#breadcrumb","itemListElement":[{"@type":"ListItem","position":1,"name":"Home","item":"https:\/\/vinilozona.lt\/"},{"@type":"ListItem","position":2,"name":"Parduotuv\u0117","item":"https:\/\/vinilozona.lt\/parduotuve\/"},{"@type":"ListItem","position":3,"name":"Gra\u017eina Apanavi\u010di\u016bt\u0117 \u200e\u2013 Oper\u0173 Arijos"}]},{"@type":"WebSite","@id":"https:\/\/vinilozona.lt\/#website","url":"https:\/\/vinilozona.lt\/","name":"Vinilo Zona","description":"Nup\u016bsk dulkes ir klausyk LP","potentialAction":[{"@type":"SearchAction","target":{"@type":"EntryPoint","urlTemplate":"https:\/\/vinilozona.lt\/?s={search_term_string}"},"query-input":{"@type":"PropertyValueSpecification","valueRequired":true,"valueName":"search_term_string"}}],"inLanguage":"en-GB"}]}},"_links":{"self":[{"href":"https:\/\/vinilozona.lt\/en\/wp-json\/wp\/v2\/product\/10467"}],"collection":[{"href":"https:\/\/vinilozona.lt\/en\/wp-json\/wp\/v2\/product"}],"about":[{"href":"https:\/\/vinilozona.lt\/en\/wp-json\/wp\/v2\/types\/product"}],"wp:featuredmedia":[{"embeddable":true,"href":"https:\/\/vinilozona.lt\/en\/wp-json\/wp\/v2\/media\/10468"}],"wp:attachment":[{"href":"https:\/\/vinilozona.lt\/en\/wp-json\/wp\/v2\/media?parent=10467"}],"wp:term":[{"taxonomy":"product_cat","embeddable":true,"href":"https:\/\/vinilozona.lt\/en\/wp-json\/wp\/v2\/product_cat?post=10467"},{"taxonomy":"product_tag","embeddable":true,"href":"https:\/\/vinilozona.lt\/en\/wp-json\/wp\/v2\/product_tag?post=10467"}],"curies":[{"name":"wp","href":"https:\/\/api.w.org\/{rel}","templated":true}]}}