{"id":10455,"date":"2020-06-08T11:08:26","date_gmt":"2020-06-08T08:08:26","guid":{"rendered":"https:\/\/vinilozona.lt\/?post_type=product&#038;p=10455"},"modified":"2023-03-04T00:22:19","modified_gmt":"2023-03-03T22:22:19","slug":"vokalinis-kvartetas-vad-l-vilkonciaus-pozemines-upes-laimio-vilkonciaus-dainos","status":"publish","type":"product","link":"https:\/\/vinilozona.lt\/en\/parduotuve\/lietuviska\/vokalinis-kvartetas-vad-l-vilkonciaus-pozemines-upes-laimio-vilkonciaus-dainos\/","title":{"rendered":"Vokalinis Kvartetas Vad. L. Vilkon\u010diaus \u2013 Po\u017eemin\u0117s Up\u0117s. Laimio Vilkon\u010diaus Dainos"},"content":{"rendered":"<p>A1\t\tPo\u017eemin\u0117s Up\u0117s 1<br \/>\nA2\t\tT\u0117vyne Manoji<br \/>\nA3\t\tGimtin\u0117<br \/>\nA4\t\tSako<br \/>\nB1\t\tTu<br \/>\nB2\t\t\u017dem\u0117s Vidury<br \/>\nB3\t\t\u017dem\u0117s Gaudesys<br \/>\nB4\t\tPo\u017eemin\u0117s Up\u0117s 2<\/p>","protected":false},"excerpt":{"rendered":"<p>\u042160 22041 000<\/p>","protected":false},"featured_media":10456,"template":"","meta":[],"product_cat":[19],"product_tag":[55],"yoast_head":"<!-- This site is optimized with the Yoast SEO plugin v23.5 - https:\/\/yoast.com\/wordpress\/plugins\/seo\/ -->\n<title>Vokalinis Kvartetas Vad. L. Vilkon\u010diaus \u2013 Po\u017eemin\u0117s Up\u0117s. Laimio Vilkon\u010diaus Dainos Vinilin\u0117 Plok\u0161tel\u0117 | Vinilozona.lt<\/title>\n<meta name=\"robots\" content=\"index, follow, max-snippet:-1, max-image-preview:large, max-video-preview:-1\" \/>\n<link rel=\"canonical\" href=\"https:\/\/vinilozona.lt\/en\/parduotuve\/lietuviska\/vokalinis-kvartetas-vad-l-vilkonciaus-pozemines-upes-laimio-vilkonciaus-dainos\/\" \/>\n<meta property=\"og:locale\" content=\"en_GB\" \/>\n<meta property=\"og:type\" content=\"article\" \/>\n<meta property=\"og:title\" content=\"Vokalinis Kvartetas Vad. L. Vilkon\u010diaus \u2013 Po\u017eemin\u0117s Up\u0117s. Laimio Vilkon\u010diaus Dainos Vinilin\u0117 Plok\u0161tel\u0117 | Vinilozona.lt\" \/>\n<meta property=\"og:description\" content=\"\u042160 22041 000\" \/>\n<meta property=\"og:url\" content=\"https:\/\/vinilozona.lt\/en\/parduotuve\/lietuviska\/vokalinis-kvartetas-vad-l-vilkonciaus-pozemines-upes-laimio-vilkonciaus-dainos\/\" \/>\n<meta property=\"og:site_name\" content=\"Vinilo Zona\" \/>\n<meta property=\"article:modified_time\" content=\"2023-03-03T22:22:19+00:00\" \/>\n<meta property=\"og:image\" content=\"https:\/\/vinilozona.lt\/wp-content\/uploads\/2020\/06\/R-3574493-1335857386.jpeg.jpg\" \/>\n\t<meta property=\"og:image:width\" content=\"298\" \/>\n\t<meta property=\"og:image:height\" content=\"300\" \/>\n\t<meta property=\"og:image:type\" content=\"image\/jpeg\" \/>\n<meta name=\"twitter:card\" content=\"summary_large_image\" \/>\n<script type=\"application\/ld+json\" class=\"yoast-schema-graph\">{\"@context\":\"https:\/\/schema.org\",\"@graph\":[{\"@type\":\"WebPage\",\"@id\":\"https:\/\/vinilozona.lt\/parduotuve\/lietuviska\/vokalinis-kvartetas-vad-l-vilkonciaus-pozemines-upes-laimio-vilkonciaus-dainos\/\",\"url\":\"https:\/\/vinilozona.lt\/parduotuve\/lietuviska\/vokalinis-kvartetas-vad-l-vilkonciaus-pozemines-upes-laimio-vilkonciaus-dainos\/\",\"name\":\"Vokalinis Kvartetas Vad. L. Vilkon\u010diaus \u2013 Po\u017eemin\u0117s Up\u0117s. Laimio Vilkon\u010diaus Dainos Vinilin\u0117 Plok\u0161tel\u0117 | Vinilozona.lt\",\"isPartOf\":{\"@id\":\"https:\/\/vinilozona.lt\/#website\"},\"primaryImageOfPage\":{\"@id\":\"https:\/\/vinilozona.lt\/parduotuve\/lietuviska\/vokalinis-kvartetas-vad-l-vilkonciaus-pozemines-upes-laimio-vilkonciaus-dainos\/#primaryimage\"},\"image\":{\"@id\":\"https:\/\/vinilozona.lt\/parduotuve\/lietuviska\/vokalinis-kvartetas-vad-l-vilkonciaus-pozemines-upes-laimio-vilkonciaus-dainos\/#primaryimage\"},\"thumbnailUrl\":\"https:\/\/vinilozona.lt\/wp-content\/uploads\/2020\/06\/R-3574493-1335857386.jpeg.jpg\",\"datePublished\":\"2020-06-08T08:08:26+00:00\",\"dateModified\":\"2023-03-03T22:22:19+00:00\",\"breadcrumb\":{\"@id\":\"https:\/\/vinilozona.lt\/parduotuve\/lietuviska\/vokalinis-kvartetas-vad-l-vilkonciaus-pozemines-upes-laimio-vilkonciaus-dainos\/#breadcrumb\"},\"inLanguage\":\"en-GB\",\"potentialAction\":[{\"@type\":\"ReadAction\",\"target\":[\"https:\/\/vinilozona.lt\/parduotuve\/lietuviska\/vokalinis-kvartetas-vad-l-vilkonciaus-pozemines-upes-laimio-vilkonciaus-dainos\/\"]}]},{\"@type\":\"ImageObject\",\"inLanguage\":\"en-GB\",\"@id\":\"https:\/\/vinilozona.lt\/parduotuve\/lietuviska\/vokalinis-kvartetas-vad-l-vilkonciaus-pozemines-upes-laimio-vilkonciaus-dainos\/#primaryimage\",\"url\":\"https:\/\/vinilozona.lt\/wp-content\/uploads\/2020\/06\/R-3574493-1335857386.jpeg.jpg\",\"contentUrl\":\"https:\/\/vinilozona.lt\/wp-content\/uploads\/2020\/06\/R-3574493-1335857386.jpeg.jpg\",\"width\":298,\"height\":300},{\"@type\":\"BreadcrumbList\",\"@id\":\"https:\/\/vinilozona.lt\/parduotuve\/lietuviska\/vokalinis-kvartetas-vad-l-vilkonciaus-pozemines-upes-laimio-vilkonciaus-dainos\/#breadcrumb\",\"itemListElement\":[{\"@type\":\"ListItem\",\"position\":1,\"name\":\"Home\",\"item\":\"https:\/\/vinilozona.lt\/\"},{\"@type\":\"ListItem\",\"position\":2,\"name\":\"Parduotuv\u0117\",\"item\":\"https:\/\/vinilozona.lt\/parduotuve\/\"},{\"@type\":\"ListItem\",\"position\":3,\"name\":\"Vokalinis Kvartetas Vad. L. Vilkon\u010diaus \u2013 Po\u017eemin\u0117s Up\u0117s. Laimio Vilkon\u010diaus Dainos\"}]},{\"@type\":\"WebSite\",\"@id\":\"https:\/\/vinilozona.lt\/#website\",\"url\":\"https:\/\/vinilozona.lt\/\",\"name\":\"Vinilo Zona\",\"description\":\"Nup\u016bsk dulkes ir klausyk LP\",\"potentialAction\":[{\"@type\":\"SearchAction\",\"target\":{\"@type\":\"EntryPoint\",\"urlTemplate\":\"https:\/\/vinilozona.lt\/?s={search_term_string}\"},\"query-input\":{\"@type\":\"PropertyValueSpecification\",\"valueRequired\":true,\"valueName\":\"search_term_string\"}}],\"inLanguage\":\"en-GB\"}]}<\/script>\n<!-- \/ Yoast SEO plugin. -->","yoast_head_json":{"title":"Vokalinis Kvartetas Vad. L. Vilkon\u010diaus \u2013 Po\u017eemin\u0117s Up\u0117s. Laimio Vilkon\u010diaus Dainos Vinilin\u0117 Plok\u0161tel\u0117 | Vinilozona.lt","robots":{"index":"index","follow":"follow","max-snippet":"max-snippet:-1","max-image-preview":"max-image-preview:large","max-video-preview":"max-video-preview:-1"},"canonical":"https:\/\/vinilozona.lt\/en\/parduotuve\/lietuviska\/vokalinis-kvartetas-vad-l-vilkonciaus-pozemines-upes-laimio-vilkonciaus-dainos\/","og_locale":"en_GB","og_type":"article","og_title":"Vokalinis Kvartetas Vad. L. Vilkon\u010diaus \u2013 Po\u017eemin\u0117s Up\u0117s. Laimio Vilkon\u010diaus Dainos Vinilin\u0117 Plok\u0161tel\u0117 | Vinilozona.lt","og_description":"\u042160 22041 000","og_url":"https:\/\/vinilozona.lt\/en\/parduotuve\/lietuviska\/vokalinis-kvartetas-vad-l-vilkonciaus-pozemines-upes-laimio-vilkonciaus-dainos\/","og_site_name":"Vinilo Zona","article_modified_time":"2023-03-03T22:22:19+00:00","og_image":[{"width":298,"height":300,"url":"https:\/\/vinilozona.lt\/wp-content\/uploads\/2020\/06\/R-3574493-1335857386.jpeg.jpg","type":"image\/jpeg"}],"twitter_card":"summary_large_image","schema":{"@context":"https:\/\/schema.org","@graph":[{"@type":"WebPage","@id":"https:\/\/vinilozona.lt\/parduotuve\/lietuviska\/vokalinis-kvartetas-vad-l-vilkonciaus-pozemines-upes-laimio-vilkonciaus-dainos\/","url":"https:\/\/vinilozona.lt\/parduotuve\/lietuviska\/vokalinis-kvartetas-vad-l-vilkonciaus-pozemines-upes-laimio-vilkonciaus-dainos\/","name":"Vokalinis Kvartetas Vad. L. Vilkon\u010diaus \u2013 Po\u017eemin\u0117s Up\u0117s. Laimio Vilkon\u010diaus Dainos Vinilin\u0117 Plok\u0161tel\u0117 | Vinilozona.lt","isPartOf":{"@id":"https:\/\/vinilozona.lt\/#website"},"primaryImageOfPage":{"@id":"https:\/\/vinilozona.lt\/parduotuve\/lietuviska\/vokalinis-kvartetas-vad-l-vilkonciaus-pozemines-upes-laimio-vilkonciaus-dainos\/#primaryimage"},"image":{"@id":"https:\/\/vinilozona.lt\/parduotuve\/lietuviska\/vokalinis-kvartetas-vad-l-vilkonciaus-pozemines-upes-laimio-vilkonciaus-dainos\/#primaryimage"},"thumbnailUrl":"https:\/\/vinilozona.lt\/wp-content\/uploads\/2020\/06\/R-3574493-1335857386.jpeg.jpg","datePublished":"2020-06-08T08:08:26+00:00","dateModified":"2023-03-03T22:22:19+00:00","breadcrumb":{"@id":"https:\/\/vinilozona.lt\/parduotuve\/lietuviska\/vokalinis-kvartetas-vad-l-vilkonciaus-pozemines-upes-laimio-vilkonciaus-dainos\/#breadcrumb"},"inLanguage":"en-GB","potentialAction":[{"@type":"ReadAction","target":["https:\/\/vinilozona.lt\/parduotuve\/lietuviska\/vokalinis-kvartetas-vad-l-vilkonciaus-pozemines-upes-laimio-vilkonciaus-dainos\/"]}]},{"@type":"ImageObject","inLanguage":"en-GB","@id":"https:\/\/vinilozona.lt\/parduotuve\/lietuviska\/vokalinis-kvartetas-vad-l-vilkonciaus-pozemines-upes-laimio-vilkonciaus-dainos\/#primaryimage","url":"https:\/\/vinilozona.lt\/wp-content\/uploads\/2020\/06\/R-3574493-1335857386.jpeg.jpg","contentUrl":"https:\/\/vinilozona.lt\/wp-content\/uploads\/2020\/06\/R-3574493-1335857386.jpeg.jpg","width":298,"height":300},{"@type":"BreadcrumbList","@id":"https:\/\/vinilozona.lt\/parduotuve\/lietuviska\/vokalinis-kvartetas-vad-l-vilkonciaus-pozemines-upes-laimio-vilkonciaus-dainos\/#breadcrumb","itemListElement":[{"@type":"ListItem","position":1,"name":"Home","item":"https:\/\/vinilozona.lt\/"},{"@type":"ListItem","position":2,"name":"Parduotuv\u0117","item":"https:\/\/vinilozona.lt\/parduotuve\/"},{"@type":"ListItem","position":3,"name":"Vokalinis Kvartetas Vad. L. Vilkon\u010diaus \u2013 Po\u017eemin\u0117s Up\u0117s. Laimio Vilkon\u010diaus Dainos"}]},{"@type":"WebSite","@id":"https:\/\/vinilozona.lt\/#website","url":"https:\/\/vinilozona.lt\/","name":"Vinilo Zona","description":"Nup\u016bsk dulkes ir klausyk LP","potentialAction":[{"@type":"SearchAction","target":{"@type":"EntryPoint","urlTemplate":"https:\/\/vinilozona.lt\/?s={search_term_string}"},"query-input":{"@type":"PropertyValueSpecification","valueRequired":true,"valueName":"search_term_string"}}],"inLanguage":"en-GB"}]}},"_links":{"self":[{"href":"https:\/\/vinilozona.lt\/en\/wp-json\/wp\/v2\/product\/10455"}],"collection":[{"href":"https:\/\/vinilozona.lt\/en\/wp-json\/wp\/v2\/product"}],"about":[{"href":"https:\/\/vinilozona.lt\/en\/wp-json\/wp\/v2\/types\/product"}],"wp:featuredmedia":[{"embeddable":true,"href":"https:\/\/vinilozona.lt\/en\/wp-json\/wp\/v2\/media\/10456"}],"wp:attachment":[{"href":"https:\/\/vinilozona.lt\/en\/wp-json\/wp\/v2\/media?parent=10455"}],"wp:term":[{"taxonomy":"product_cat","embeddable":true,"href":"https:\/\/vinilozona.lt\/en\/wp-json\/wp\/v2\/product_cat?post=10455"},{"taxonomy":"product_tag","embeddable":true,"href":"https:\/\/vinilozona.lt\/en\/wp-json\/wp\/v2\/product_tag?post=10455"}],"curies":[{"name":"wp","href":"https:\/\/api.w.org\/{rel}","templated":true}]}}