{"id":10453,"date":"2020-06-08T11:05:50","date_gmt":"2020-06-08T08:05:50","guid":{"rendered":"https:\/\/vinilozona.lt\/?post_type=product&#038;p=10453"},"modified":"2023-01-02T17:23:31","modified_gmt":"2023-01-02T15:23:31","slug":"vilniaus-valstybinio-v-kapsuko-universiteto-folklorinis-ansamblis-%e2%80%8e-lietuva-dainu-krastas","status":"publish","type":"product","link":"https:\/\/vinilozona.lt\/en\/parduotuve\/lietuviska\/vilniaus-valstybinio-v-kapsuko-universiteto-folklorinis-ansamblis-%e2%80%8e-lietuva-dainu-krastas\/","title":{"rendered":"Vilniaus Valstybinio V. Kapsuko Universiteto Folklorinis Ansamblis \u200e\u2013 Lietuva &#8211; Dain\u0173 Kra\u0161tas"},"content":{"rendered":"<p>A1\t\tAisim, Sesiul\u0117s, Mes Kermo\u0161\u0117lin\t1:26<br \/>\nA2\t\tUpela \u010cirvont\u0117la 0:45<br \/>\nA3\t\tAtain Ruden\u0117lis\t2:46<br \/>\nA4\t\tU\u017eoulalis 0:40<br \/>\nA5\t\tAuga Unt Kalna 3:12<br \/>\nA6\t\tEisma, Sesios, Dauno 1:21<br \/>\nA7\t\tOi An Kalno 4:17<br \/>\nA8\t\tRaliavimas Medine Birbyne 1:07<br \/>\nA9\t\tApyn\u0117lis Augo 1:14<br \/>\nA10\t\tOi Eisim Namo Namytu\u017eio 2:06<br \/>\nB1\t\tAugo Kieme Uoselis 1:45<br \/>\nB2\t\tPauk\u0161\u010di\u0173 Bals\u0173 Pam\u0117gd\u017eiojimai Molinukais\t1:42<br \/>\nB3\t\tAugo Obileli 1:52<br \/>\nB4\t\tKas Man Supa, Supkit Mani, Sup\u0117j\u0117liai 1:08<br \/>\nB5\t\tRaliavimas \u0160iaudo Birbyn\u0117mis 1:07<br \/>\nB6\t\tDai, Kuris Laukas Skumba\t3:29<br \/>\nB7\t\tTrys Keturiosi 1:07<br \/>\nB8\t\tSkudutis\t0:44<br \/>\nB9\t\tValioj, Dalgela 0:56<br \/>\nB10\t\tOi Siunta Siunta 2:07<br \/>\nB11\t\tPraau\u0161a Denela 2:33<\/p>","protected":false},"excerpt":{"rendered":"<p>\u042130 25709 007<\/p>","protected":false},"featured_media":10454,"template":"","meta":[],"product_cat":[19],"product_tag":[55],"yoast_head":"<!-- This site is optimized with the Yoast SEO plugin v23.5 - https:\/\/yoast.com\/wordpress\/plugins\/seo\/ -->\n<title>Vilniaus Valstybinio V. Kapsuko Universiteto Folklorinis Ansamblis \u200e\u2013 Lietuva - Dain\u0173 Kra\u0161tas Vinilin\u0117 Plok\u0161tel\u0117 | Vinilozona.lt<\/title>\n<meta name=\"robots\" content=\"index, follow, max-snippet:-1, max-image-preview:large, max-video-preview:-1\" \/>\n<link rel=\"canonical\" href=\"https:\/\/vinilozona.lt\/en\/parduotuve\/lietuviska\/vilniaus-valstybinio-v-kapsuko-universiteto-folklorinis-ansamblis-\u200e-lietuva-dainu-krastas\/\" \/>\n<meta property=\"og:locale\" content=\"en_GB\" \/>\n<meta property=\"og:type\" content=\"article\" \/>\n<meta property=\"og:title\" content=\"Vilniaus Valstybinio V. Kapsuko Universiteto Folklorinis Ansamblis \u200e\u2013 Lietuva - Dain\u0173 Kra\u0161tas Vinilin\u0117 Plok\u0161tel\u0117 | Vinilozona.lt\" \/>\n<meta property=\"og:description\" content=\"\u042130 25709 007\" \/>\n<meta property=\"og:url\" content=\"https:\/\/vinilozona.lt\/en\/parduotuve\/lietuviska\/vilniaus-valstybinio-v-kapsuko-universiteto-folklorinis-ansamblis-\u200e-lietuva-dainu-krastas\/\" \/>\n<meta property=\"og:site_name\" content=\"Vinilo Zona\" \/>\n<meta property=\"article:modified_time\" content=\"2023-01-02T15:23:31+00:00\" \/>\n<meta property=\"og:image\" content=\"https:\/\/vinilozona.lt\/wp-content\/uploads\/2020\/06\/R-3625058-1338546668-7496.jpeg.jpg\" \/>\n\t<meta property=\"og:image:width\" content=\"298\" \/>\n\t<meta property=\"og:image:height\" content=\"300\" \/>\n\t<meta property=\"og:image:type\" content=\"image\/jpeg\" \/>\n<meta name=\"twitter:card\" content=\"summary_large_image\" \/>\n<script type=\"application\/ld+json\" class=\"yoast-schema-graph\">{\"@context\":\"https:\/\/schema.org\",\"@graph\":[{\"@type\":\"WebPage\",\"@id\":\"https:\/\/vinilozona.lt\/parduotuve\/lietuviska\/vilniaus-valstybinio-v-kapsuko-universiteto-folklorinis-ansamblis-%e2%80%8e-lietuva-dainu-krastas\/\",\"url\":\"https:\/\/vinilozona.lt\/parduotuve\/lietuviska\/vilniaus-valstybinio-v-kapsuko-universiteto-folklorinis-ansamblis-%e2%80%8e-lietuva-dainu-krastas\/\",\"name\":\"Vilniaus Valstybinio V. Kapsuko Universiteto Folklorinis Ansamblis \u200e\u2013 Lietuva - Dain\u0173 Kra\u0161tas Vinilin\u0117 Plok\u0161tel\u0117 | Vinilozona.lt\",\"isPartOf\":{\"@id\":\"https:\/\/vinilozona.lt\/#website\"},\"primaryImageOfPage\":{\"@id\":\"https:\/\/vinilozona.lt\/parduotuve\/lietuviska\/vilniaus-valstybinio-v-kapsuko-universiteto-folklorinis-ansamblis-%e2%80%8e-lietuva-dainu-krastas\/#primaryimage\"},\"image\":{\"@id\":\"https:\/\/vinilozona.lt\/parduotuve\/lietuviska\/vilniaus-valstybinio-v-kapsuko-universiteto-folklorinis-ansamblis-%e2%80%8e-lietuva-dainu-krastas\/#primaryimage\"},\"thumbnailUrl\":\"https:\/\/vinilozona.lt\/wp-content\/uploads\/2020\/06\/R-3625058-1338546668-7496.jpeg.jpg\",\"datePublished\":\"2020-06-08T08:05:50+00:00\",\"dateModified\":\"2023-01-02T15:23:31+00:00\",\"breadcrumb\":{\"@id\":\"https:\/\/vinilozona.lt\/parduotuve\/lietuviska\/vilniaus-valstybinio-v-kapsuko-universiteto-folklorinis-ansamblis-%e2%80%8e-lietuva-dainu-krastas\/#breadcrumb\"},\"inLanguage\":\"en-GB\",\"potentialAction\":[{\"@type\":\"ReadAction\",\"target\":[\"https:\/\/vinilozona.lt\/parduotuve\/lietuviska\/vilniaus-valstybinio-v-kapsuko-universiteto-folklorinis-ansamblis-%e2%80%8e-lietuva-dainu-krastas\/\"]}]},{\"@type\":\"ImageObject\",\"inLanguage\":\"en-GB\",\"@id\":\"https:\/\/vinilozona.lt\/parduotuve\/lietuviska\/vilniaus-valstybinio-v-kapsuko-universiteto-folklorinis-ansamblis-%e2%80%8e-lietuva-dainu-krastas\/#primaryimage\",\"url\":\"https:\/\/vinilozona.lt\/wp-content\/uploads\/2020\/06\/R-3625058-1338546668-7496.jpeg.jpg\",\"contentUrl\":\"https:\/\/vinilozona.lt\/wp-content\/uploads\/2020\/06\/R-3625058-1338546668-7496.jpeg.jpg\",\"width\":298,\"height\":300},{\"@type\":\"BreadcrumbList\",\"@id\":\"https:\/\/vinilozona.lt\/parduotuve\/lietuviska\/vilniaus-valstybinio-v-kapsuko-universiteto-folklorinis-ansamblis-%e2%80%8e-lietuva-dainu-krastas\/#breadcrumb\",\"itemListElement\":[{\"@type\":\"ListItem\",\"position\":1,\"name\":\"Home\",\"item\":\"https:\/\/vinilozona.lt\/\"},{\"@type\":\"ListItem\",\"position\":2,\"name\":\"Parduotuv\u0117\",\"item\":\"https:\/\/vinilozona.lt\/parduotuve\/\"},{\"@type\":\"ListItem\",\"position\":3,\"name\":\"Vilniaus Valstybinio V. Kapsuko Universiteto Folklorinis Ansamblis \u200e\u2013 Lietuva &#8211; Dain\u0173 Kra\u0161tas\"}]},{\"@type\":\"WebSite\",\"@id\":\"https:\/\/vinilozona.lt\/#website\",\"url\":\"https:\/\/vinilozona.lt\/\",\"name\":\"Vinilo Zona\",\"description\":\"Nup\u016bsk dulkes ir klausyk LP\",\"potentialAction\":[{\"@type\":\"SearchAction\",\"target\":{\"@type\":\"EntryPoint\",\"urlTemplate\":\"https:\/\/vinilozona.lt\/?s={search_term_string}\"},\"query-input\":{\"@type\":\"PropertyValueSpecification\",\"valueRequired\":true,\"valueName\":\"search_term_string\"}}],\"inLanguage\":\"en-GB\"}]}<\/script>\n<!-- \/ Yoast SEO plugin. -->","yoast_head_json":{"title":"Vilniaus Valstybinio V. Kapsuko Universiteto Folklorinis Ansamblis \u200e\u2013 Lietuva - Dain\u0173 Kra\u0161tas Vinilin\u0117 Plok\u0161tel\u0117 | Vinilozona.lt","robots":{"index":"index","follow":"follow","max-snippet":"max-snippet:-1","max-image-preview":"max-image-preview:large","max-video-preview":"max-video-preview:-1"},"canonical":"https:\/\/vinilozona.lt\/en\/parduotuve\/lietuviska\/vilniaus-valstybinio-v-kapsuko-universiteto-folklorinis-ansamblis-\u200e-lietuva-dainu-krastas\/","og_locale":"en_GB","og_type":"article","og_title":"Vilniaus Valstybinio V. Kapsuko Universiteto Folklorinis Ansamblis \u200e\u2013 Lietuva - Dain\u0173 Kra\u0161tas Vinilin\u0117 Plok\u0161tel\u0117 | Vinilozona.lt","og_description":"\u042130 25709 007","og_url":"https:\/\/vinilozona.lt\/en\/parduotuve\/lietuviska\/vilniaus-valstybinio-v-kapsuko-universiteto-folklorinis-ansamblis-\u200e-lietuva-dainu-krastas\/","og_site_name":"Vinilo Zona","article_modified_time":"2023-01-02T15:23:31+00:00","og_image":[{"width":298,"height":300,"url":"https:\/\/vinilozona.lt\/wp-content\/uploads\/2020\/06\/R-3625058-1338546668-7496.jpeg.jpg","type":"image\/jpeg"}],"twitter_card":"summary_large_image","schema":{"@context":"https:\/\/schema.org","@graph":[{"@type":"WebPage","@id":"https:\/\/vinilozona.lt\/parduotuve\/lietuviska\/vilniaus-valstybinio-v-kapsuko-universiteto-folklorinis-ansamblis-%e2%80%8e-lietuva-dainu-krastas\/","url":"https:\/\/vinilozona.lt\/parduotuve\/lietuviska\/vilniaus-valstybinio-v-kapsuko-universiteto-folklorinis-ansamblis-%e2%80%8e-lietuva-dainu-krastas\/","name":"Vilniaus Valstybinio V. Kapsuko Universiteto Folklorinis Ansamblis \u200e\u2013 Lietuva - Dain\u0173 Kra\u0161tas Vinilin\u0117 Plok\u0161tel\u0117 | Vinilozona.lt","isPartOf":{"@id":"https:\/\/vinilozona.lt\/#website"},"primaryImageOfPage":{"@id":"https:\/\/vinilozona.lt\/parduotuve\/lietuviska\/vilniaus-valstybinio-v-kapsuko-universiteto-folklorinis-ansamblis-%e2%80%8e-lietuva-dainu-krastas\/#primaryimage"},"image":{"@id":"https:\/\/vinilozona.lt\/parduotuve\/lietuviska\/vilniaus-valstybinio-v-kapsuko-universiteto-folklorinis-ansamblis-%e2%80%8e-lietuva-dainu-krastas\/#primaryimage"},"thumbnailUrl":"https:\/\/vinilozona.lt\/wp-content\/uploads\/2020\/06\/R-3625058-1338546668-7496.jpeg.jpg","datePublished":"2020-06-08T08:05:50+00:00","dateModified":"2023-01-02T15:23:31+00:00","breadcrumb":{"@id":"https:\/\/vinilozona.lt\/parduotuve\/lietuviska\/vilniaus-valstybinio-v-kapsuko-universiteto-folklorinis-ansamblis-%e2%80%8e-lietuva-dainu-krastas\/#breadcrumb"},"inLanguage":"en-GB","potentialAction":[{"@type":"ReadAction","target":["https:\/\/vinilozona.lt\/parduotuve\/lietuviska\/vilniaus-valstybinio-v-kapsuko-universiteto-folklorinis-ansamblis-%e2%80%8e-lietuva-dainu-krastas\/"]}]},{"@type":"ImageObject","inLanguage":"en-GB","@id":"https:\/\/vinilozona.lt\/parduotuve\/lietuviska\/vilniaus-valstybinio-v-kapsuko-universiteto-folklorinis-ansamblis-%e2%80%8e-lietuva-dainu-krastas\/#primaryimage","url":"https:\/\/vinilozona.lt\/wp-content\/uploads\/2020\/06\/R-3625058-1338546668-7496.jpeg.jpg","contentUrl":"https:\/\/vinilozona.lt\/wp-content\/uploads\/2020\/06\/R-3625058-1338546668-7496.jpeg.jpg","width":298,"height":300},{"@type":"BreadcrumbList","@id":"https:\/\/vinilozona.lt\/parduotuve\/lietuviska\/vilniaus-valstybinio-v-kapsuko-universiteto-folklorinis-ansamblis-%e2%80%8e-lietuva-dainu-krastas\/#breadcrumb","itemListElement":[{"@type":"ListItem","position":1,"name":"Home","item":"https:\/\/vinilozona.lt\/"},{"@type":"ListItem","position":2,"name":"Parduotuv\u0117","item":"https:\/\/vinilozona.lt\/parduotuve\/"},{"@type":"ListItem","position":3,"name":"Vilniaus Valstybinio V. Kapsuko Universiteto Folklorinis Ansamblis \u200e\u2013 Lietuva &#8211; Dain\u0173 Kra\u0161tas"}]},{"@type":"WebSite","@id":"https:\/\/vinilozona.lt\/#website","url":"https:\/\/vinilozona.lt\/","name":"Vinilo Zona","description":"Nup\u016bsk dulkes ir klausyk LP","potentialAction":[{"@type":"SearchAction","target":{"@type":"EntryPoint","urlTemplate":"https:\/\/vinilozona.lt\/?s={search_term_string}"},"query-input":{"@type":"PropertyValueSpecification","valueRequired":true,"valueName":"search_term_string"}}],"inLanguage":"en-GB"}]}},"_links":{"self":[{"href":"https:\/\/vinilozona.lt\/en\/wp-json\/wp\/v2\/product\/10453"}],"collection":[{"href":"https:\/\/vinilozona.lt\/en\/wp-json\/wp\/v2\/product"}],"about":[{"href":"https:\/\/vinilozona.lt\/en\/wp-json\/wp\/v2\/types\/product"}],"wp:featuredmedia":[{"embeddable":true,"href":"https:\/\/vinilozona.lt\/en\/wp-json\/wp\/v2\/media\/10454"}],"wp:attachment":[{"href":"https:\/\/vinilozona.lt\/en\/wp-json\/wp\/v2\/media?parent=10453"}],"wp:term":[{"taxonomy":"product_cat","embeddable":true,"href":"https:\/\/vinilozona.lt\/en\/wp-json\/wp\/v2\/product_cat?post=10453"},{"taxonomy":"product_tag","embeddable":true,"href":"https:\/\/vinilozona.lt\/en\/wp-json\/wp\/v2\/product_tag?post=10453"}],"curies":[{"name":"wp","href":"https:\/\/api.w.org\/{rel}","templated":true}]}}