{"id":10451,"date":"2020-02-08T05:00:45","date_gmt":"2020-02-08T03:00:45","guid":{"rendered":"https:\/\/vinilozona.lt\/?post_type=product&#038;p=10451"},"modified":"2025-02-08T07:11:43","modified_gmt":"2025-02-08T05:11:43","slug":"veronika-januleviciute-povilioniene-%e2%80%8e-dzuku-dainos","status":"publish","type":"product","link":"https:\/\/vinilozona.lt\/en\/parduotuve\/lietuviska\/veronika-januleviciute-povilioniene-%e2%80%8e-dzuku-dainos\/","title":{"rendered":"Veronika Janulevi\u010di\u016bt\u0117-Povilionien\u0117 \u200e\u2013 Dz\u016bk\u0173 Dainos"},"content":{"rendered":"<p>A1\t\tVai Auk\u0161tai Lakia Klevelio Lapeliai\t1:45<br \/>\nA2\t\tJoj Bernelis Ing Vainel\u012f\t2:01<br \/>\nA3\t\tOi An Kalno Krasna Liepa\t2:38<br \/>\nA4\t\tPral\u0117kdamas Bicin\u0117lis Pro Drev\u012f\t2:47<br \/>\nA5\t\t\u010ciulna Ulba Karvel\u0117lis Lakiodamas\t2:48<br \/>\nA6\t\tVidury Lauk\u0173 Gr\u016b\u0161el\u0117 Auga, Kal\u0117da\t1:20<br \/>\nA7\t\tLeliumoj, Siunt\u0117 Mani, Leliumoj\t3:41<br \/>\nA8\t\tAnksci Rytel\u012f Sauluk\u0117 Tek\u0117jo\t1:44<br \/>\nB1\t\t\u010ci\u016b\u010dia Li\u016blia Ma\u017eas S\u016bnait\u0117lis. A-a-a S\u016bnait\u0117li. Grudu Grudu Grucuk\u012f. Vir\u0117 Vir\u0117 Ko\u0161\u012f. Mylu Mylu Mylu. Katuke Laduke. Du-du-du Atskrido Bac\u0117nas. Li\u016bliai Li\u016bliai Liuli\u016bkait\u012f. \u0160arkela Varnela. Eik, O\u017eeli Vandenio. Garni Garni Ga-ga-ga. Sauluke Mocinuke, U\u017etek\u0117k. Dzievo Karvute, Skriski In Dang\u0173. M\u0117nuo M\u0117nuo M\u0117nulaici. Joja Joja Ponas. Joja Joja Dziedukas. Li\u016bliai Dukrel\u012f, Li\u016bliai Vaikel\u012f\t14:28<br \/>\nB2\t\tVaik\u0161cin\u0117jo T\u0117vulis Parug\u0117mis, Pabar\u0117mis\t3:31<br \/>\nB3\t\tDai An Mari\u0173, An M\u0117lyn\u0173\t1:39<br \/>\nB4\t\tRauda\t1:29<\/p>","protected":false},"excerpt":{"rendered":"<p>\u042130 25709 007<\/p>","protected":false},"featured_media":10452,"template":"","meta":[],"product_cat":[19],"product_tag":[55],"yoast_head":"<!-- This site is optimized with the Yoast SEO plugin v23.5 - https:\/\/yoast.com\/wordpress\/plugins\/seo\/ -->\n<title>Veronika Janulevi\u010di\u016bt\u0117-Povilionien\u0117 \u200e\u2013 Dz\u016bk\u0173 Dainos Vinilin\u0117 Plok\u0161tel\u0117 | Vinilozona.lt<\/title>\n<meta name=\"robots\" content=\"index, follow, max-snippet:-1, max-image-preview:large, max-video-preview:-1\" \/>\n<link rel=\"canonical\" href=\"https:\/\/vinilozona.lt\/en\/parduotuve\/lietuviska\/veronika-januleviciute-povilioniene-\u200e-dzuku-dainos\/\" \/>\n<meta property=\"og:locale\" content=\"en_GB\" \/>\n<meta property=\"og:type\" content=\"article\" \/>\n<meta property=\"og:title\" content=\"Veronika Janulevi\u010di\u016bt\u0117-Povilionien\u0117 \u200e\u2013 Dz\u016bk\u0173 Dainos Vinilin\u0117 Plok\u0161tel\u0117 | Vinilozona.lt\" \/>\n<meta property=\"og:description\" content=\"\u042130 25709 007\" \/>\n<meta property=\"og:url\" content=\"https:\/\/vinilozona.lt\/en\/parduotuve\/lietuviska\/veronika-januleviciute-povilioniene-\u200e-dzuku-dainos\/\" \/>\n<meta property=\"og:site_name\" content=\"Vinilo Zona\" \/>\n<meta property=\"article:modified_time\" content=\"2025-02-08T05:11:43+00:00\" \/>\n<meta property=\"og:image\" content=\"https:\/\/vinilozona.lt\/wp-content\/uploads\/2020\/06\/R-11439382-1516361902-9592.jpeg.jpg\" \/>\n\t<meta property=\"og:image:width\" content=\"300\" \/>\n\t<meta property=\"og:image:height\" content=\"300\" \/>\n\t<meta property=\"og:image:type\" content=\"image\/jpeg\" \/>\n<meta name=\"twitter:card\" content=\"summary_large_image\" \/>\n<meta name=\"twitter:label1\" content=\"Estimated reading time\" \/>\n\t<meta name=\"twitter:data1\" content=\"1 minute\" \/>\n<script type=\"application\/ld+json\" class=\"yoast-schema-graph\">{\"@context\":\"https:\/\/schema.org\",\"@graph\":[{\"@type\":\"WebPage\",\"@id\":\"https:\/\/vinilozona.lt\/parduotuve\/lietuviska\/veronika-januleviciute-povilioniene-%e2%80%8e-dzuku-dainos\/\",\"url\":\"https:\/\/vinilozona.lt\/parduotuve\/lietuviska\/veronika-januleviciute-povilioniene-%e2%80%8e-dzuku-dainos\/\",\"name\":\"Veronika Janulevi\u010di\u016bt\u0117-Povilionien\u0117 \u200e\u2013 Dz\u016bk\u0173 Dainos Vinilin\u0117 Plok\u0161tel\u0117 | Vinilozona.lt\",\"isPartOf\":{\"@id\":\"https:\/\/vinilozona.lt\/#website\"},\"primaryImageOfPage\":{\"@id\":\"https:\/\/vinilozona.lt\/parduotuve\/lietuviska\/veronika-januleviciute-povilioniene-%e2%80%8e-dzuku-dainos\/#primaryimage\"},\"image\":{\"@id\":\"https:\/\/vinilozona.lt\/parduotuve\/lietuviska\/veronika-januleviciute-povilioniene-%e2%80%8e-dzuku-dainos\/#primaryimage\"},\"thumbnailUrl\":\"https:\/\/vinilozona.lt\/wp-content\/uploads\/2020\/06\/R-11439382-1516361902-9592.jpeg.jpg\",\"datePublished\":\"2020-02-08T03:00:45+00:00\",\"dateModified\":\"2025-02-08T05:11:43+00:00\",\"breadcrumb\":{\"@id\":\"https:\/\/vinilozona.lt\/parduotuve\/lietuviska\/veronika-januleviciute-povilioniene-%e2%80%8e-dzuku-dainos\/#breadcrumb\"},\"inLanguage\":\"en-GB\",\"potentialAction\":[{\"@type\":\"ReadAction\",\"target\":[\"https:\/\/vinilozona.lt\/parduotuve\/lietuviska\/veronika-januleviciute-povilioniene-%e2%80%8e-dzuku-dainos\/\"]}]},{\"@type\":\"ImageObject\",\"inLanguage\":\"en-GB\",\"@id\":\"https:\/\/vinilozona.lt\/parduotuve\/lietuviska\/veronika-januleviciute-povilioniene-%e2%80%8e-dzuku-dainos\/#primaryimage\",\"url\":\"https:\/\/vinilozona.lt\/wp-content\/uploads\/2020\/06\/R-11439382-1516361902-9592.jpeg.jpg\",\"contentUrl\":\"https:\/\/vinilozona.lt\/wp-content\/uploads\/2020\/06\/R-11439382-1516361902-9592.jpeg.jpg\",\"width\":300,\"height\":300},{\"@type\":\"BreadcrumbList\",\"@id\":\"https:\/\/vinilozona.lt\/parduotuve\/lietuviska\/veronika-januleviciute-povilioniene-%e2%80%8e-dzuku-dainos\/#breadcrumb\",\"itemListElement\":[{\"@type\":\"ListItem\",\"position\":1,\"name\":\"Home\",\"item\":\"https:\/\/vinilozona.lt\/\"},{\"@type\":\"ListItem\",\"position\":2,\"name\":\"Parduotuv\u0117\",\"item\":\"https:\/\/vinilozona.lt\/parduotuve\/\"},{\"@type\":\"ListItem\",\"position\":3,\"name\":\"Veronika Janulevi\u010di\u016bt\u0117-Povilionien\u0117 \u200e\u2013 Dz\u016bk\u0173 Dainos\"}]},{\"@type\":\"WebSite\",\"@id\":\"https:\/\/vinilozona.lt\/#website\",\"url\":\"https:\/\/vinilozona.lt\/\",\"name\":\"Vinilo Zona\",\"description\":\"Nup\u016bsk dulkes ir klausyk LP\",\"potentialAction\":[{\"@type\":\"SearchAction\",\"target\":{\"@type\":\"EntryPoint\",\"urlTemplate\":\"https:\/\/vinilozona.lt\/?s={search_term_string}\"},\"query-input\":{\"@type\":\"PropertyValueSpecification\",\"valueRequired\":true,\"valueName\":\"search_term_string\"}}],\"inLanguage\":\"en-GB\"}]}<\/script>\n<!-- \/ Yoast SEO plugin. -->","yoast_head_json":{"title":"Veronika Janulevi\u010di\u016bt\u0117-Povilionien\u0117 \u200e\u2013 Dz\u016bk\u0173 Dainos Vinilin\u0117 Plok\u0161tel\u0117 | Vinilozona.lt","robots":{"index":"index","follow":"follow","max-snippet":"max-snippet:-1","max-image-preview":"max-image-preview:large","max-video-preview":"max-video-preview:-1"},"canonical":"https:\/\/vinilozona.lt\/en\/parduotuve\/lietuviska\/veronika-januleviciute-povilioniene-\u200e-dzuku-dainos\/","og_locale":"en_GB","og_type":"article","og_title":"Veronika Janulevi\u010di\u016bt\u0117-Povilionien\u0117 \u200e\u2013 Dz\u016bk\u0173 Dainos Vinilin\u0117 Plok\u0161tel\u0117 | Vinilozona.lt","og_description":"\u042130 25709 007","og_url":"https:\/\/vinilozona.lt\/en\/parduotuve\/lietuviska\/veronika-januleviciute-povilioniene-\u200e-dzuku-dainos\/","og_site_name":"Vinilo Zona","article_modified_time":"2025-02-08T05:11:43+00:00","og_image":[{"width":300,"height":300,"url":"https:\/\/vinilozona.lt\/wp-content\/uploads\/2020\/06\/R-11439382-1516361902-9592.jpeg.jpg","type":"image\/jpeg"}],"twitter_card":"summary_large_image","twitter_misc":{"Estimated reading time":"1 minute"},"schema":{"@context":"https:\/\/schema.org","@graph":[{"@type":"WebPage","@id":"https:\/\/vinilozona.lt\/parduotuve\/lietuviska\/veronika-januleviciute-povilioniene-%e2%80%8e-dzuku-dainos\/","url":"https:\/\/vinilozona.lt\/parduotuve\/lietuviska\/veronika-januleviciute-povilioniene-%e2%80%8e-dzuku-dainos\/","name":"Veronika Janulevi\u010di\u016bt\u0117-Povilionien\u0117 \u200e\u2013 Dz\u016bk\u0173 Dainos Vinilin\u0117 Plok\u0161tel\u0117 | Vinilozona.lt","isPartOf":{"@id":"https:\/\/vinilozona.lt\/#website"},"primaryImageOfPage":{"@id":"https:\/\/vinilozona.lt\/parduotuve\/lietuviska\/veronika-januleviciute-povilioniene-%e2%80%8e-dzuku-dainos\/#primaryimage"},"image":{"@id":"https:\/\/vinilozona.lt\/parduotuve\/lietuviska\/veronika-januleviciute-povilioniene-%e2%80%8e-dzuku-dainos\/#primaryimage"},"thumbnailUrl":"https:\/\/vinilozona.lt\/wp-content\/uploads\/2020\/06\/R-11439382-1516361902-9592.jpeg.jpg","datePublished":"2020-02-08T03:00:45+00:00","dateModified":"2025-02-08T05:11:43+00:00","breadcrumb":{"@id":"https:\/\/vinilozona.lt\/parduotuve\/lietuviska\/veronika-januleviciute-povilioniene-%e2%80%8e-dzuku-dainos\/#breadcrumb"},"inLanguage":"en-GB","potentialAction":[{"@type":"ReadAction","target":["https:\/\/vinilozona.lt\/parduotuve\/lietuviska\/veronika-januleviciute-povilioniene-%e2%80%8e-dzuku-dainos\/"]}]},{"@type":"ImageObject","inLanguage":"en-GB","@id":"https:\/\/vinilozona.lt\/parduotuve\/lietuviska\/veronika-januleviciute-povilioniene-%e2%80%8e-dzuku-dainos\/#primaryimage","url":"https:\/\/vinilozona.lt\/wp-content\/uploads\/2020\/06\/R-11439382-1516361902-9592.jpeg.jpg","contentUrl":"https:\/\/vinilozona.lt\/wp-content\/uploads\/2020\/06\/R-11439382-1516361902-9592.jpeg.jpg","width":300,"height":300},{"@type":"BreadcrumbList","@id":"https:\/\/vinilozona.lt\/parduotuve\/lietuviska\/veronika-januleviciute-povilioniene-%e2%80%8e-dzuku-dainos\/#breadcrumb","itemListElement":[{"@type":"ListItem","position":1,"name":"Home","item":"https:\/\/vinilozona.lt\/"},{"@type":"ListItem","position":2,"name":"Parduotuv\u0117","item":"https:\/\/vinilozona.lt\/parduotuve\/"},{"@type":"ListItem","position":3,"name":"Veronika Janulevi\u010di\u016bt\u0117-Povilionien\u0117 \u200e\u2013 Dz\u016bk\u0173 Dainos"}]},{"@type":"WebSite","@id":"https:\/\/vinilozona.lt\/#website","url":"https:\/\/vinilozona.lt\/","name":"Vinilo Zona","description":"Nup\u016bsk dulkes ir klausyk LP","potentialAction":[{"@type":"SearchAction","target":{"@type":"EntryPoint","urlTemplate":"https:\/\/vinilozona.lt\/?s={search_term_string}"},"query-input":{"@type":"PropertyValueSpecification","valueRequired":true,"valueName":"search_term_string"}}],"inLanguage":"en-GB"}]}},"_links":{"self":[{"href":"https:\/\/vinilozona.lt\/en\/wp-json\/wp\/v2\/product\/10451"}],"collection":[{"href":"https:\/\/vinilozona.lt\/en\/wp-json\/wp\/v2\/product"}],"about":[{"href":"https:\/\/vinilozona.lt\/en\/wp-json\/wp\/v2\/types\/product"}],"wp:featuredmedia":[{"embeddable":true,"href":"https:\/\/vinilozona.lt\/en\/wp-json\/wp\/v2\/media\/10452"}],"wp:attachment":[{"href":"https:\/\/vinilozona.lt\/en\/wp-json\/wp\/v2\/media?parent=10451"}],"wp:term":[{"taxonomy":"product_cat","embeddable":true,"href":"https:\/\/vinilozona.lt\/en\/wp-json\/wp\/v2\/product_cat?post=10451"},{"taxonomy":"product_tag","embeddable":true,"href":"https:\/\/vinilozona.lt\/en\/wp-json\/wp\/v2\/product_tag?post=10451"}],"curies":[{"name":"wp","href":"https:\/\/api.w.org\/{rel}","templated":true}]}}