{"id":10449,"date":"2020-06-08T11:01:55","date_gmt":"2020-06-08T08:01:55","guid":{"rendered":"https:\/\/vinilozona.lt\/?post_type=product&#038;p=10449"},"modified":"2022-02-28T22:39:29","modified_gmt":"2022-02-28T20:39:29","slug":"luokes-etnografinis-ansamblis-%e2%80%8e-patalkiu-vakarone","status":"publish","type":"product","link":"https:\/\/vinilozona.lt\/en\/parduotuve\/lietuviska\/luokes-etnografinis-ansamblis-%e2%80%8e-patalkiu-vakarone\/","title":{"rendered":"Luok\u0117s Etnografinis Ansamblis \u200e\u2013 Patalki\u0173 Vakaron\u0117"},"content":{"rendered":"<p>A.1\t\tSaul\u0117 Nusileido U\u017e Auk\u0161t\u0173 Kalneli\u0173<br \/>\nA.2\t\tParein Parein Pjov\u0117jeliai<br \/>\nA.3\t\tOracija, \u012eteikiant Gaspadinei Rugi\u0173 Vainik\u0105<br \/>\nA.4\t\tOracija, \u012eteikiant Gaspadoriui Lazd\u0105<br \/>\nA.5\t\tAisma \u012e Kaln\u0105 Rugeli\u0173 Pakirsti<br \/>\nA.6\t\t\u0160ali Kelio Kar\u010demele<br \/>\nA.7\t\tPasakojimas Apie Duonos Kepim\u0105<br \/>\nA.8\t\tVuo Kami Tu Buva, Pijuokieli Mona<br \/>\nA.9\t\tOi K\u016bliau K\u016bliau<br \/>\nA.10\t\tAuga K\u0117imi Klevelis<br \/>\nA.11\t\tOi Meiga Meiga Meigelio<br \/>\nB.1\t\tI\u0161dygo Dar\u017e\u0117 G\u0117lel\u0117<br \/>\nB.2\t\tSkambal\u0173 Polka<br \/>\nB.3\t\tValsas<br \/>\nB.4\t\tRats Rat\u0105 Vija Vija (Ratelis)<br \/>\nB.5\t\t\u0160arka (\u017daidimas)<br \/>\nB.6\t\tZuikelis (\u017daidimas)<br \/>\nB.7\t\tPolka<br \/>\nB.8\t\t\u0160einas (\u0160okis)<br \/>\nB.9\t\t\u017daliojoj Girel\u0117j<br \/>\nB.10\t\t\u0160okin\u0117ja \u017dvirbl\u0117lis<br \/>\nB.11\t\tValgykit Valgykit, Sv\u0117telia M\u016bs\u0173<br \/>\nB.12\t\tLek Gerves<br \/>\nB.13\t\tMar\u0161as<\/p>","protected":false},"excerpt":{"rendered":"<p>\u042130\u201406783\u201484<\/p>","protected":false},"featured_media":10450,"template":"","meta":[],"product_cat":[19],"product_tag":[55],"yoast_head":"<!-- This site is optimized with the Yoast SEO plugin v23.5 - https:\/\/yoast.com\/wordpress\/plugins\/seo\/ -->\n<title>Luok\u0117s Etnografinis Ansamblis \u200e\u2013 Patalki\u0173 Vakaron\u0117 Vinilin\u0117 Plok\u0161tel\u0117 | Vinilozona.lt<\/title>\n<meta name=\"robots\" content=\"index, follow, max-snippet:-1, max-image-preview:large, max-video-preview:-1\" \/>\n<link rel=\"canonical\" href=\"https:\/\/vinilozona.lt\/en\/parduotuve\/lietuviska\/luokes-etnografinis-ansamblis-\u200e-patalkiu-vakarone\/\" \/>\n<meta property=\"og:locale\" content=\"en_GB\" \/>\n<meta property=\"og:type\" content=\"article\" \/>\n<meta property=\"og:title\" content=\"Luok\u0117s Etnografinis Ansamblis \u200e\u2013 Patalki\u0173 Vakaron\u0117 Vinilin\u0117 Plok\u0161tel\u0117 | Vinilozona.lt\" \/>\n<meta property=\"og:description\" content=\"\u042130\u201406783\u201484\" \/>\n<meta property=\"og:url\" content=\"https:\/\/vinilozona.lt\/en\/parduotuve\/lietuviska\/luokes-etnografinis-ansamblis-\u200e-patalkiu-vakarone\/\" \/>\n<meta property=\"og:site_name\" content=\"Vinilo Zona\" \/>\n<meta property=\"article:modified_time\" content=\"2022-02-28T20:39:29+00:00\" \/>\n<meta property=\"og:image\" content=\"https:\/\/vinilozona.lt\/wp-content\/uploads\/2020\/06\/R-3949297-1350287717-8083.jpeg.jpg\" \/>\n\t<meta property=\"og:image:width\" content=\"300\" \/>\n\t<meta property=\"og:image:height\" content=\"300\" \/>\n\t<meta property=\"og:image:type\" content=\"image\/jpeg\" \/>\n<meta name=\"twitter:card\" content=\"summary_large_image\" \/>\n<meta name=\"twitter:label1\" content=\"Estimated reading time\" \/>\n\t<meta name=\"twitter:data1\" content=\"1 minute\" \/>\n<script type=\"application\/ld+json\" class=\"yoast-schema-graph\">{\"@context\":\"https:\/\/schema.org\",\"@graph\":[{\"@type\":\"WebPage\",\"@id\":\"https:\/\/vinilozona.lt\/parduotuve\/lietuviska\/luokes-etnografinis-ansamblis-%e2%80%8e-patalkiu-vakarone\/\",\"url\":\"https:\/\/vinilozona.lt\/parduotuve\/lietuviska\/luokes-etnografinis-ansamblis-%e2%80%8e-patalkiu-vakarone\/\",\"name\":\"Luok\u0117s Etnografinis Ansamblis \u200e\u2013 Patalki\u0173 Vakaron\u0117 Vinilin\u0117 Plok\u0161tel\u0117 | Vinilozona.lt\",\"isPartOf\":{\"@id\":\"https:\/\/vinilozona.lt\/#website\"},\"primaryImageOfPage\":{\"@id\":\"https:\/\/vinilozona.lt\/parduotuve\/lietuviska\/luokes-etnografinis-ansamblis-%e2%80%8e-patalkiu-vakarone\/#primaryimage\"},\"image\":{\"@id\":\"https:\/\/vinilozona.lt\/parduotuve\/lietuviska\/luokes-etnografinis-ansamblis-%e2%80%8e-patalkiu-vakarone\/#primaryimage\"},\"thumbnailUrl\":\"https:\/\/vinilozona.lt\/wp-content\/uploads\/2020\/06\/R-3949297-1350287717-8083.jpeg.jpg\",\"datePublished\":\"2020-06-08T08:01:55+00:00\",\"dateModified\":\"2022-02-28T20:39:29+00:00\",\"breadcrumb\":{\"@id\":\"https:\/\/vinilozona.lt\/parduotuve\/lietuviska\/luokes-etnografinis-ansamblis-%e2%80%8e-patalkiu-vakarone\/#breadcrumb\"},\"inLanguage\":\"en-GB\",\"potentialAction\":[{\"@type\":\"ReadAction\",\"target\":[\"https:\/\/vinilozona.lt\/parduotuve\/lietuviska\/luokes-etnografinis-ansamblis-%e2%80%8e-patalkiu-vakarone\/\"]}]},{\"@type\":\"ImageObject\",\"inLanguage\":\"en-GB\",\"@id\":\"https:\/\/vinilozona.lt\/parduotuve\/lietuviska\/luokes-etnografinis-ansamblis-%e2%80%8e-patalkiu-vakarone\/#primaryimage\",\"url\":\"https:\/\/vinilozona.lt\/wp-content\/uploads\/2020\/06\/R-3949297-1350287717-8083.jpeg.jpg\",\"contentUrl\":\"https:\/\/vinilozona.lt\/wp-content\/uploads\/2020\/06\/R-3949297-1350287717-8083.jpeg.jpg\",\"width\":300,\"height\":300},{\"@type\":\"BreadcrumbList\",\"@id\":\"https:\/\/vinilozona.lt\/parduotuve\/lietuviska\/luokes-etnografinis-ansamblis-%e2%80%8e-patalkiu-vakarone\/#breadcrumb\",\"itemListElement\":[{\"@type\":\"ListItem\",\"position\":1,\"name\":\"Home\",\"item\":\"https:\/\/vinilozona.lt\/\"},{\"@type\":\"ListItem\",\"position\":2,\"name\":\"Parduotuv\u0117\",\"item\":\"https:\/\/vinilozona.lt\/parduotuve\/\"},{\"@type\":\"ListItem\",\"position\":3,\"name\":\"Luok\u0117s Etnografinis Ansamblis \u200e\u2013 Patalki\u0173 Vakaron\u0117\"}]},{\"@type\":\"WebSite\",\"@id\":\"https:\/\/vinilozona.lt\/#website\",\"url\":\"https:\/\/vinilozona.lt\/\",\"name\":\"Vinilo Zona\",\"description\":\"Nup\u016bsk dulkes ir klausyk LP\",\"potentialAction\":[{\"@type\":\"SearchAction\",\"target\":{\"@type\":\"EntryPoint\",\"urlTemplate\":\"https:\/\/vinilozona.lt\/?s={search_term_string}\"},\"query-input\":{\"@type\":\"PropertyValueSpecification\",\"valueRequired\":true,\"valueName\":\"search_term_string\"}}],\"inLanguage\":\"en-GB\"}]}<\/script>\n<!-- \/ Yoast SEO plugin. -->","yoast_head_json":{"title":"Luok\u0117s Etnografinis Ansamblis \u200e\u2013 Patalki\u0173 Vakaron\u0117 Vinilin\u0117 Plok\u0161tel\u0117 | Vinilozona.lt","robots":{"index":"index","follow":"follow","max-snippet":"max-snippet:-1","max-image-preview":"max-image-preview:large","max-video-preview":"max-video-preview:-1"},"canonical":"https:\/\/vinilozona.lt\/en\/parduotuve\/lietuviska\/luokes-etnografinis-ansamblis-\u200e-patalkiu-vakarone\/","og_locale":"en_GB","og_type":"article","og_title":"Luok\u0117s Etnografinis Ansamblis \u200e\u2013 Patalki\u0173 Vakaron\u0117 Vinilin\u0117 Plok\u0161tel\u0117 | Vinilozona.lt","og_description":"\u042130\u201406783\u201484","og_url":"https:\/\/vinilozona.lt\/en\/parduotuve\/lietuviska\/luokes-etnografinis-ansamblis-\u200e-patalkiu-vakarone\/","og_site_name":"Vinilo Zona","article_modified_time":"2022-02-28T20:39:29+00:00","og_image":[{"width":300,"height":300,"url":"https:\/\/vinilozona.lt\/wp-content\/uploads\/2020\/06\/R-3949297-1350287717-8083.jpeg.jpg","type":"image\/jpeg"}],"twitter_card":"summary_large_image","twitter_misc":{"Estimated reading time":"1 minute"},"schema":{"@context":"https:\/\/schema.org","@graph":[{"@type":"WebPage","@id":"https:\/\/vinilozona.lt\/parduotuve\/lietuviska\/luokes-etnografinis-ansamblis-%e2%80%8e-patalkiu-vakarone\/","url":"https:\/\/vinilozona.lt\/parduotuve\/lietuviska\/luokes-etnografinis-ansamblis-%e2%80%8e-patalkiu-vakarone\/","name":"Luok\u0117s Etnografinis Ansamblis \u200e\u2013 Patalki\u0173 Vakaron\u0117 Vinilin\u0117 Plok\u0161tel\u0117 | Vinilozona.lt","isPartOf":{"@id":"https:\/\/vinilozona.lt\/#website"},"primaryImageOfPage":{"@id":"https:\/\/vinilozona.lt\/parduotuve\/lietuviska\/luokes-etnografinis-ansamblis-%e2%80%8e-patalkiu-vakarone\/#primaryimage"},"image":{"@id":"https:\/\/vinilozona.lt\/parduotuve\/lietuviska\/luokes-etnografinis-ansamblis-%e2%80%8e-patalkiu-vakarone\/#primaryimage"},"thumbnailUrl":"https:\/\/vinilozona.lt\/wp-content\/uploads\/2020\/06\/R-3949297-1350287717-8083.jpeg.jpg","datePublished":"2020-06-08T08:01:55+00:00","dateModified":"2022-02-28T20:39:29+00:00","breadcrumb":{"@id":"https:\/\/vinilozona.lt\/parduotuve\/lietuviska\/luokes-etnografinis-ansamblis-%e2%80%8e-patalkiu-vakarone\/#breadcrumb"},"inLanguage":"en-GB","potentialAction":[{"@type":"ReadAction","target":["https:\/\/vinilozona.lt\/parduotuve\/lietuviska\/luokes-etnografinis-ansamblis-%e2%80%8e-patalkiu-vakarone\/"]}]},{"@type":"ImageObject","inLanguage":"en-GB","@id":"https:\/\/vinilozona.lt\/parduotuve\/lietuviska\/luokes-etnografinis-ansamblis-%e2%80%8e-patalkiu-vakarone\/#primaryimage","url":"https:\/\/vinilozona.lt\/wp-content\/uploads\/2020\/06\/R-3949297-1350287717-8083.jpeg.jpg","contentUrl":"https:\/\/vinilozona.lt\/wp-content\/uploads\/2020\/06\/R-3949297-1350287717-8083.jpeg.jpg","width":300,"height":300},{"@type":"BreadcrumbList","@id":"https:\/\/vinilozona.lt\/parduotuve\/lietuviska\/luokes-etnografinis-ansamblis-%e2%80%8e-patalkiu-vakarone\/#breadcrumb","itemListElement":[{"@type":"ListItem","position":1,"name":"Home","item":"https:\/\/vinilozona.lt\/"},{"@type":"ListItem","position":2,"name":"Parduotuv\u0117","item":"https:\/\/vinilozona.lt\/parduotuve\/"},{"@type":"ListItem","position":3,"name":"Luok\u0117s Etnografinis Ansamblis \u200e\u2013 Patalki\u0173 Vakaron\u0117"}]},{"@type":"WebSite","@id":"https:\/\/vinilozona.lt\/#website","url":"https:\/\/vinilozona.lt\/","name":"Vinilo Zona","description":"Nup\u016bsk dulkes ir klausyk LP","potentialAction":[{"@type":"SearchAction","target":{"@type":"EntryPoint","urlTemplate":"https:\/\/vinilozona.lt\/?s={search_term_string}"},"query-input":{"@type":"PropertyValueSpecification","valueRequired":true,"valueName":"search_term_string"}}],"inLanguage":"en-GB"}]}},"_links":{"self":[{"href":"https:\/\/vinilozona.lt\/en\/wp-json\/wp\/v2\/product\/10449"}],"collection":[{"href":"https:\/\/vinilozona.lt\/en\/wp-json\/wp\/v2\/product"}],"about":[{"href":"https:\/\/vinilozona.lt\/en\/wp-json\/wp\/v2\/types\/product"}],"wp:featuredmedia":[{"embeddable":true,"href":"https:\/\/vinilozona.lt\/en\/wp-json\/wp\/v2\/media\/10450"}],"wp:attachment":[{"href":"https:\/\/vinilozona.lt\/en\/wp-json\/wp\/v2\/media?parent=10449"}],"wp:term":[{"taxonomy":"product_cat","embeddable":true,"href":"https:\/\/vinilozona.lt\/en\/wp-json\/wp\/v2\/product_cat?post=10449"},{"taxonomy":"product_tag","embeddable":true,"href":"https:\/\/vinilozona.lt\/en\/wp-json\/wp\/v2\/product_tag?post=10449"}],"curies":[{"name":"wp","href":"https:\/\/api.w.org\/{rel}","templated":true}]}}