{"id":10443,"date":"2020-06-08T10:54:08","date_gmt":"2020-06-08T07:54:08","guid":{"rendered":"https:\/\/vinilozona.lt\/?post_type=product&#038;p=10443"},"modified":"2023-02-26T15:51:46","modified_gmt":"2023-02-26T13:51:46","slug":"ratilio-%e2%80%8e-ratilio","status":"publish","type":"product","link":"https:\/\/vinilozona.lt\/en\/parduotuve\/lietuviska\/ratilio-%e2%80%8e-ratilio\/","title":{"rendered":"Ratilio \u200e\u2013 Ratilio"},"content":{"rendered":"<p>A1\t\tAt\u017eagarin\u0117 (Bir\u017eai)<br \/>\nA2\t\tLabus Vakarus, Sutartin\u0117 (Vabalninkas)<br \/>\nA3\t\tNa\u0161lait\u0117l\u0117, Sutartin\u0117 (Vabalninkas)<br \/>\nA4\t\tLioj Lioj \u0160alavija, Sutartin\u0117 (Vabalninkas)<br \/>\nA5\t\tSese Sod\u0173 Sadina, \u0160oktin\u0117 Sutartin\u0117 (Deltuva)<br \/>\nA6\t\t\u0160umka, Senovi\u0161kas Suktinis (Salamiestis)<br \/>\nA7\t\tKokie \u010ci Svotai, Sutartin\u0117 (Pabaiskas)<br \/>\nA8\t\tLioj, \u017dalia R\u016bta Sutartin\u0117 (Vabalninkas)<br \/>\nA9\t\tSvo\u010d Svo\u010d, Pasgodokim (Kupi\u0161kis)<br \/>\nA10\t\tA\u0161 U\u017eaugau Ra\u0161ka\u017e\u0117ly (Vabalninkas)<br \/>\nA11\t\tBer\u017eyt\u0117s Polka (Kupi\u0161kis)<br \/>\nA12\t\tSviro Lingo Mergeli\u0173 Suolas, Vestuvin\u0117 (\u0160ven\u010dionys)<br \/>\nA13\t\tTamtatedris, Polka (Sered\u017eius)<br \/>\nA14\t\tSavickio Polka (Kupi\u0161kis)<br \/>\nB1\t\tTrepsiukas, \u0160okis (Zarasai)<br \/>\nB2\t\tO Jau Mano Mielas, Kalendorin\u0117 (Merkin\u0117)<br \/>\nB3\t\t\u0172\u017euolas Su Liepele, Vestuvin\u0117 (Alytus)<br \/>\nB4\t\tDovanokite Jus, Dieve, Vestuvin\u0117 (Ignalina)<br \/>\nB5\t\tVajaunas, \u017demai\u010di\u0173 \u0160okis (Seda)<br \/>\nB6\t\tKur Aug Mona Mergeli, Jaunimo-Meil\u0117s (Kretinga)<br \/>\nB7\t\tUlanas, \u017demai\u010di\u0173 \u0160okis (Salantai)<br \/>\nB8\t\tPolka (\u0160irvintos)<br \/>\nB9\t\tDu Gaideliai Negiedoja, Vestuvin\u0117 (Utena)<br \/>\nB10\t\tPintuvi\u0173 Polka (Skuodas)<\/p>","protected":false},"excerpt":{"rendered":"<p>\u042130 25851 009<\/p>","protected":false},"featured_media":10444,"template":"","meta":[],"product_cat":[19],"product_tag":[55],"yoast_head":"<!-- This site is optimized with the Yoast SEO plugin v23.5 - https:\/\/yoast.com\/wordpress\/plugins\/seo\/ -->\n<title>Ratilio \u200e\u2013 Ratilio Vinilin\u0117 Plok\u0161tel\u0117 | Vinilozona.lt<\/title>\n<meta name=\"robots\" content=\"index, follow, max-snippet:-1, max-image-preview:large, max-video-preview:-1\" \/>\n<link rel=\"canonical\" href=\"https:\/\/vinilozona.lt\/en\/parduotuve\/lietuviska\/ratilio-\u200e-ratilio\/\" \/>\n<meta property=\"og:locale\" content=\"en_GB\" \/>\n<meta property=\"og:type\" content=\"article\" \/>\n<meta property=\"og:title\" content=\"Ratilio \u200e\u2013 Ratilio Vinilin\u0117 Plok\u0161tel\u0117 | Vinilozona.lt\" \/>\n<meta property=\"og:description\" content=\"\u042130 25851 009\" \/>\n<meta property=\"og:url\" content=\"https:\/\/vinilozona.lt\/en\/parduotuve\/lietuviska\/ratilio-\u200e-ratilio\/\" \/>\n<meta property=\"og:site_name\" content=\"Vinilo Zona\" \/>\n<meta property=\"article:modified_time\" content=\"2023-02-26T13:51:46+00:00\" \/>\n<meta property=\"og:image\" content=\"https:\/\/vinilozona.lt\/wp-content\/uploads\/2020\/06\/R-2521449-1294578264.jpeg.jpg\" \/>\n\t<meta property=\"og:image:width\" content=\"300\" \/>\n\t<meta property=\"og:image:height\" content=\"285\" \/>\n\t<meta property=\"og:image:type\" content=\"image\/jpeg\" \/>\n<meta name=\"twitter:card\" content=\"summary_large_image\" \/>\n<meta name=\"twitter:label1\" content=\"Estimated reading time\" \/>\n\t<meta name=\"twitter:data1\" content=\"1 minute\" \/>\n<script type=\"application\/ld+json\" class=\"yoast-schema-graph\">{\"@context\":\"https:\/\/schema.org\",\"@graph\":[{\"@type\":\"WebPage\",\"@id\":\"https:\/\/vinilozona.lt\/parduotuve\/lietuviska\/ratilio-%e2%80%8e-ratilio\/\",\"url\":\"https:\/\/vinilozona.lt\/parduotuve\/lietuviska\/ratilio-%e2%80%8e-ratilio\/\",\"name\":\"Ratilio \u200e\u2013 Ratilio Vinilin\u0117 Plok\u0161tel\u0117 | Vinilozona.lt\",\"isPartOf\":{\"@id\":\"https:\/\/vinilozona.lt\/#website\"},\"primaryImageOfPage\":{\"@id\":\"https:\/\/vinilozona.lt\/parduotuve\/lietuviska\/ratilio-%e2%80%8e-ratilio\/#primaryimage\"},\"image\":{\"@id\":\"https:\/\/vinilozona.lt\/parduotuve\/lietuviska\/ratilio-%e2%80%8e-ratilio\/#primaryimage\"},\"thumbnailUrl\":\"https:\/\/vinilozona.lt\/wp-content\/uploads\/2020\/06\/R-2521449-1294578264.jpeg.jpg\",\"datePublished\":\"2020-06-08T07:54:08+00:00\",\"dateModified\":\"2023-02-26T13:51:46+00:00\",\"breadcrumb\":{\"@id\":\"https:\/\/vinilozona.lt\/parduotuve\/lietuviska\/ratilio-%e2%80%8e-ratilio\/#breadcrumb\"},\"inLanguage\":\"en-GB\",\"potentialAction\":[{\"@type\":\"ReadAction\",\"target\":[\"https:\/\/vinilozona.lt\/parduotuve\/lietuviska\/ratilio-%e2%80%8e-ratilio\/\"]}]},{\"@type\":\"ImageObject\",\"inLanguage\":\"en-GB\",\"@id\":\"https:\/\/vinilozona.lt\/parduotuve\/lietuviska\/ratilio-%e2%80%8e-ratilio\/#primaryimage\",\"url\":\"https:\/\/vinilozona.lt\/wp-content\/uploads\/2020\/06\/R-2521449-1294578264.jpeg.jpg\",\"contentUrl\":\"https:\/\/vinilozona.lt\/wp-content\/uploads\/2020\/06\/R-2521449-1294578264.jpeg.jpg\",\"width\":300,\"height\":285},{\"@type\":\"BreadcrumbList\",\"@id\":\"https:\/\/vinilozona.lt\/parduotuve\/lietuviska\/ratilio-%e2%80%8e-ratilio\/#breadcrumb\",\"itemListElement\":[{\"@type\":\"ListItem\",\"position\":1,\"name\":\"Home\",\"item\":\"https:\/\/vinilozona.lt\/\"},{\"@type\":\"ListItem\",\"position\":2,\"name\":\"Parduotuv\u0117\",\"item\":\"https:\/\/vinilozona.lt\/parduotuve\/\"},{\"@type\":\"ListItem\",\"position\":3,\"name\":\"Ratilio \u200e\u2013 Ratilio\"}]},{\"@type\":\"WebSite\",\"@id\":\"https:\/\/vinilozona.lt\/#website\",\"url\":\"https:\/\/vinilozona.lt\/\",\"name\":\"Vinilo Zona\",\"description\":\"Nup\u016bsk dulkes ir klausyk LP\",\"potentialAction\":[{\"@type\":\"SearchAction\",\"target\":{\"@type\":\"EntryPoint\",\"urlTemplate\":\"https:\/\/vinilozona.lt\/?s={search_term_string}\"},\"query-input\":{\"@type\":\"PropertyValueSpecification\",\"valueRequired\":true,\"valueName\":\"search_term_string\"}}],\"inLanguage\":\"en-GB\"}]}<\/script>\n<!-- \/ Yoast SEO plugin. -->","yoast_head_json":{"title":"Ratilio \u200e\u2013 Ratilio Vinilin\u0117 Plok\u0161tel\u0117 | Vinilozona.lt","robots":{"index":"index","follow":"follow","max-snippet":"max-snippet:-1","max-image-preview":"max-image-preview:large","max-video-preview":"max-video-preview:-1"},"canonical":"https:\/\/vinilozona.lt\/en\/parduotuve\/lietuviska\/ratilio-\u200e-ratilio\/","og_locale":"en_GB","og_type":"article","og_title":"Ratilio \u200e\u2013 Ratilio Vinilin\u0117 Plok\u0161tel\u0117 | Vinilozona.lt","og_description":"\u042130 25851 009","og_url":"https:\/\/vinilozona.lt\/en\/parduotuve\/lietuviska\/ratilio-\u200e-ratilio\/","og_site_name":"Vinilo Zona","article_modified_time":"2023-02-26T13:51:46+00:00","og_image":[{"width":300,"height":285,"url":"https:\/\/vinilozona.lt\/wp-content\/uploads\/2020\/06\/R-2521449-1294578264.jpeg.jpg","type":"image\/jpeg"}],"twitter_card":"summary_large_image","twitter_misc":{"Estimated reading time":"1 minute"},"schema":{"@context":"https:\/\/schema.org","@graph":[{"@type":"WebPage","@id":"https:\/\/vinilozona.lt\/parduotuve\/lietuviska\/ratilio-%e2%80%8e-ratilio\/","url":"https:\/\/vinilozona.lt\/parduotuve\/lietuviska\/ratilio-%e2%80%8e-ratilio\/","name":"Ratilio \u200e\u2013 Ratilio Vinilin\u0117 Plok\u0161tel\u0117 | Vinilozona.lt","isPartOf":{"@id":"https:\/\/vinilozona.lt\/#website"},"primaryImageOfPage":{"@id":"https:\/\/vinilozona.lt\/parduotuve\/lietuviska\/ratilio-%e2%80%8e-ratilio\/#primaryimage"},"image":{"@id":"https:\/\/vinilozona.lt\/parduotuve\/lietuviska\/ratilio-%e2%80%8e-ratilio\/#primaryimage"},"thumbnailUrl":"https:\/\/vinilozona.lt\/wp-content\/uploads\/2020\/06\/R-2521449-1294578264.jpeg.jpg","datePublished":"2020-06-08T07:54:08+00:00","dateModified":"2023-02-26T13:51:46+00:00","breadcrumb":{"@id":"https:\/\/vinilozona.lt\/parduotuve\/lietuviska\/ratilio-%e2%80%8e-ratilio\/#breadcrumb"},"inLanguage":"en-GB","potentialAction":[{"@type":"ReadAction","target":["https:\/\/vinilozona.lt\/parduotuve\/lietuviska\/ratilio-%e2%80%8e-ratilio\/"]}]},{"@type":"ImageObject","inLanguage":"en-GB","@id":"https:\/\/vinilozona.lt\/parduotuve\/lietuviska\/ratilio-%e2%80%8e-ratilio\/#primaryimage","url":"https:\/\/vinilozona.lt\/wp-content\/uploads\/2020\/06\/R-2521449-1294578264.jpeg.jpg","contentUrl":"https:\/\/vinilozona.lt\/wp-content\/uploads\/2020\/06\/R-2521449-1294578264.jpeg.jpg","width":300,"height":285},{"@type":"BreadcrumbList","@id":"https:\/\/vinilozona.lt\/parduotuve\/lietuviska\/ratilio-%e2%80%8e-ratilio\/#breadcrumb","itemListElement":[{"@type":"ListItem","position":1,"name":"Home","item":"https:\/\/vinilozona.lt\/"},{"@type":"ListItem","position":2,"name":"Parduotuv\u0117","item":"https:\/\/vinilozona.lt\/parduotuve\/"},{"@type":"ListItem","position":3,"name":"Ratilio \u200e\u2013 Ratilio"}]},{"@type":"WebSite","@id":"https:\/\/vinilozona.lt\/#website","url":"https:\/\/vinilozona.lt\/","name":"Vinilo Zona","description":"Nup\u016bsk dulkes ir klausyk LP","potentialAction":[{"@type":"SearchAction","target":{"@type":"EntryPoint","urlTemplate":"https:\/\/vinilozona.lt\/?s={search_term_string}"},"query-input":{"@type":"PropertyValueSpecification","valueRequired":true,"valueName":"search_term_string"}}],"inLanguage":"en-GB"}]}},"_links":{"self":[{"href":"https:\/\/vinilozona.lt\/en\/wp-json\/wp\/v2\/product\/10443"}],"collection":[{"href":"https:\/\/vinilozona.lt\/en\/wp-json\/wp\/v2\/product"}],"about":[{"href":"https:\/\/vinilozona.lt\/en\/wp-json\/wp\/v2\/types\/product"}],"wp:featuredmedia":[{"embeddable":true,"href":"https:\/\/vinilozona.lt\/en\/wp-json\/wp\/v2\/media\/10444"}],"wp:attachment":[{"href":"https:\/\/vinilozona.lt\/en\/wp-json\/wp\/v2\/media?parent=10443"}],"wp:term":[{"taxonomy":"product_cat","embeddable":true,"href":"https:\/\/vinilozona.lt\/en\/wp-json\/wp\/v2\/product_cat?post=10443"},{"taxonomy":"product_tag","embeddable":true,"href":"https:\/\/vinilozona.lt\/en\/wp-json\/wp\/v2\/product_tag?post=10443"}],"curies":[{"name":"wp","href":"https:\/\/api.w.org\/{rel}","templated":true}]}}