{"id":10343,"date":"2020-06-05T12:09:55","date_gmt":"2020-06-05T09:09:55","guid":{"rendered":"https:\/\/vinilozona.lt\/?post_type=product&#038;p=10343"},"modified":"2020-06-10T08:19:22","modified_gmt":"2020-06-10T05:19:22","slug":"secret-service-%d1%81%d0%b8%d0%ba%d1%80%d0%b5%d1%82-%d1%81%d0%b5%d1%80%d0%b2%d0%b8%d1%81-%e2%80%8e-when-the-night-closes-in-%d0%ba%d0%be%d0%b3%d0%b4%d0%b0-%d0%bd%d0%b0%d1%81%d1%82%d1%83","status":"publish","type":"product","link":"https:\/\/vinilozona.lt\/en\/parduotuve\/kita\/secret-service-%d1%81%d0%b8%d0%ba%d1%80%d0%b5%d1%82-%d1%81%d0%b5%d1%80%d0%b2%d0%b8%d1%81-%e2%80%8e-when-the-night-closes-in-%d0%ba%d0%be%d0%b3%d0%b4%d0%b0-%d0%bd%d0%b0%d1%81%d1%82%d1%83\/","title":{"rendered":"Secret Service = \u0421\u0438\u043a\u0440\u0435\u0442 \u0421\u0435\u0440\u0432\u0438\u0441* \u200e\u2013 When The Night Closes In = \u041a\u043e\u0433\u0434\u0430 \u041d\u0430\u0441\u0442\u0443\u043f\u0430\u0435\u0442 \u041d\u043e\u0447\u044c"},"content":{"rendered":"","protected":false},"excerpt":{"rendered":"<p>\u041c\u0435\u043b\u043e\u0434\u0438\u044f \u200e\u2013 \u042160 24651 009 <\/p>","protected":false},"featured_media":10344,"template":"","meta":[],"product_cat":[21],"product_tag":[44],"yoast_head":"<!-- This site is optimized with the Yoast SEO plugin v23.5 - https:\/\/yoast.com\/wordpress\/plugins\/seo\/ -->\n<title>Secret Service = \u0421\u0438\u043a\u0440\u0435\u0442 \u0421\u0435\u0440\u0432\u0438\u0441* \u200e\u2013 When The Night Closes In = \u041a\u043e\u0433\u0434\u0430 \u041d\u0430\u0441\u0442\u0443\u043f\u0430\u0435\u0442 \u041d\u043e\u0447\u044c Vinilin\u0117 Plok\u0161tel\u0117 | Vinilozona.lt<\/title>\n<meta name=\"robots\" content=\"index, follow, max-snippet:-1, max-image-preview:large, max-video-preview:-1\" \/>\n<link rel=\"canonical\" href=\"https:\/\/vinilozona.lt\/en\/parduotuve\/kita\/secret-service-\u0441\u0438\u043a\u0440\u0435\u0442-\u0441\u0435\u0440\u0432\u0438\u0441-\u200e-when-the-night-closes-in-\u043a\u043e\u0433\u0434\u0430-\u043d\u0430\u0441\u0442\u0443\/\" \/>\n<meta property=\"og:locale\" content=\"en_GB\" \/>\n<meta property=\"og:type\" content=\"article\" \/>\n<meta property=\"og:title\" content=\"Secret Service = \u0421\u0438\u043a\u0440\u0435\u0442 \u0421\u0435\u0440\u0432\u0438\u0441* \u200e\u2013 When The Night Closes In = \u041a\u043e\u0433\u0434\u0430 \u041d\u0430\u0441\u0442\u0443\u043f\u0430\u0435\u0442 \u041d\u043e\u0447\u044c Vinilin\u0117 Plok\u0161tel\u0117 | Vinilozona.lt\" \/>\n<meta property=\"og:description\" content=\"\u041c\u0435\u043b\u043e\u0434\u0438\u044f \u200e\u2013 \u042160 24651 009\" \/>\n<meta property=\"og:url\" content=\"https:\/\/vinilozona.lt\/en\/parduotuve\/kita\/secret-service-\u0441\u0438\u043a\u0440\u0435\u0442-\u0441\u0435\u0440\u0432\u0438\u0441-\u200e-when-the-night-closes-in-\u043a\u043e\u0433\u0434\u0430-\u043d\u0430\u0441\u0442\u0443\/\" \/>\n<meta property=\"og:site_name\" content=\"Vinilo Zona\" \/>\n<meta property=\"article:modified_time\" content=\"2020-06-10T05:19:22+00:00\" \/>\n<meta property=\"og:image\" content=\"https:\/\/vinilozona.lt\/wp-content\/uploads\/2020\/06\/R-5470921-1500629769-6898.jpeg.jpg\" \/>\n\t<meta property=\"og:image:width\" content=\"600\" \/>\n\t<meta property=\"og:image:height\" content=\"597\" \/>\n\t<meta property=\"og:image:type\" content=\"image\/jpeg\" \/>\n<meta name=\"twitter:card\" content=\"summary_large_image\" \/>\n<script type=\"application\/ld+json\" class=\"yoast-schema-graph\">{\"@context\":\"https:\/\/schema.org\",\"@graph\":[{\"@type\":\"WebPage\",\"@id\":\"https:\/\/vinilozona.lt\/parduotuve\/kita\/secret-service-%d1%81%d0%b8%d0%ba%d1%80%d0%b5%d1%82-%d1%81%d0%b5%d1%80%d0%b2%d0%b8%d1%81-%e2%80%8e-when-the-night-closes-in-%d0%ba%d0%be%d0%b3%d0%b4%d0%b0-%d0%bd%d0%b0%d1%81%d1%82%d1%83\/\",\"url\":\"https:\/\/vinilozona.lt\/parduotuve\/kita\/secret-service-%d1%81%d0%b8%d0%ba%d1%80%d0%b5%d1%82-%d1%81%d0%b5%d1%80%d0%b2%d0%b8%d1%81-%e2%80%8e-when-the-night-closes-in-%d0%ba%d0%be%d0%b3%d0%b4%d0%b0-%d0%bd%d0%b0%d1%81%d1%82%d1%83\/\",\"name\":\"Secret Service = \u0421\u0438\u043a\u0440\u0435\u0442 \u0421\u0435\u0440\u0432\u0438\u0441* \u200e\u2013 When The Night Closes In = \u041a\u043e\u0433\u0434\u0430 \u041d\u0430\u0441\u0442\u0443\u043f\u0430\u0435\u0442 \u041d\u043e\u0447\u044c Vinilin\u0117 Plok\u0161tel\u0117 | Vinilozona.lt\",\"isPartOf\":{\"@id\":\"https:\/\/vinilozona.lt\/#website\"},\"primaryImageOfPage\":{\"@id\":\"https:\/\/vinilozona.lt\/parduotuve\/kita\/secret-service-%d1%81%d0%b8%d0%ba%d1%80%d0%b5%d1%82-%d1%81%d0%b5%d1%80%d0%b2%d0%b8%d1%81-%e2%80%8e-when-the-night-closes-in-%d0%ba%d0%be%d0%b3%d0%b4%d0%b0-%d0%bd%d0%b0%d1%81%d1%82%d1%83\/#primaryimage\"},\"image\":{\"@id\":\"https:\/\/vinilozona.lt\/parduotuve\/kita\/secret-service-%d1%81%d0%b8%d0%ba%d1%80%d0%b5%d1%82-%d1%81%d0%b5%d1%80%d0%b2%d0%b8%d1%81-%e2%80%8e-when-the-night-closes-in-%d0%ba%d0%be%d0%b3%d0%b4%d0%b0-%d0%bd%d0%b0%d1%81%d1%82%d1%83\/#primaryimage\"},\"thumbnailUrl\":\"https:\/\/vinilozona.lt\/wp-content\/uploads\/2020\/06\/R-5470921-1500629769-6898.jpeg.jpg\",\"datePublished\":\"2020-06-05T09:09:55+00:00\",\"dateModified\":\"2020-06-10T05:19:22+00:00\",\"breadcrumb\":{\"@id\":\"https:\/\/vinilozona.lt\/parduotuve\/kita\/secret-service-%d1%81%d0%b8%d0%ba%d1%80%d0%b5%d1%82-%d1%81%d0%b5%d1%80%d0%b2%d0%b8%d1%81-%e2%80%8e-when-the-night-closes-in-%d0%ba%d0%be%d0%b3%d0%b4%d0%b0-%d0%bd%d0%b0%d1%81%d1%82%d1%83\/#breadcrumb\"},\"inLanguage\":\"en-GB\",\"potentialAction\":[{\"@type\":\"ReadAction\",\"target\":[\"https:\/\/vinilozona.lt\/parduotuve\/kita\/secret-service-%d1%81%d0%b8%d0%ba%d1%80%d0%b5%d1%82-%d1%81%d0%b5%d1%80%d0%b2%d0%b8%d1%81-%e2%80%8e-when-the-night-closes-in-%d0%ba%d0%be%d0%b3%d0%b4%d0%b0-%d0%bd%d0%b0%d1%81%d1%82%d1%83\/\"]}]},{\"@type\":\"ImageObject\",\"inLanguage\":\"en-GB\",\"@id\":\"https:\/\/vinilozona.lt\/parduotuve\/kita\/secret-service-%d1%81%d0%b8%d0%ba%d1%80%d0%b5%d1%82-%d1%81%d0%b5%d1%80%d0%b2%d0%b8%d1%81-%e2%80%8e-when-the-night-closes-in-%d0%ba%d0%be%d0%b3%d0%b4%d0%b0-%d0%bd%d0%b0%d1%81%d1%82%d1%83\/#primaryimage\",\"url\":\"https:\/\/vinilozona.lt\/wp-content\/uploads\/2020\/06\/R-5470921-1500629769-6898.jpeg.jpg\",\"contentUrl\":\"https:\/\/vinilozona.lt\/wp-content\/uploads\/2020\/06\/R-5470921-1500629769-6898.jpeg.jpg\",\"width\":600,\"height\":597},{\"@type\":\"BreadcrumbList\",\"@id\":\"https:\/\/vinilozona.lt\/parduotuve\/kita\/secret-service-%d1%81%d0%b8%d0%ba%d1%80%d0%b5%d1%82-%d1%81%d0%b5%d1%80%d0%b2%d0%b8%d1%81-%e2%80%8e-when-the-night-closes-in-%d0%ba%d0%be%d0%b3%d0%b4%d0%b0-%d0%bd%d0%b0%d1%81%d1%82%d1%83\/#breadcrumb\",\"itemListElement\":[{\"@type\":\"ListItem\",\"position\":1,\"name\":\"Home\",\"item\":\"https:\/\/vinilozona.lt\/\"},{\"@type\":\"ListItem\",\"position\":2,\"name\":\"Parduotuv\u0117\",\"item\":\"https:\/\/vinilozona.lt\/parduotuve\/\"},{\"@type\":\"ListItem\",\"position\":3,\"name\":\"Secret Service = \u0421\u0438\u043a\u0440\u0435\u0442 \u0421\u0435\u0440\u0432\u0438\u0441* \u200e\u2013 When The Night Closes In = \u041a\u043e\u0433\u0434\u0430 \u041d\u0430\u0441\u0442\u0443\u043f\u0430\u0435\u0442 \u041d\u043e\u0447\u044c\"}]},{\"@type\":\"WebSite\",\"@id\":\"https:\/\/vinilozona.lt\/#website\",\"url\":\"https:\/\/vinilozona.lt\/\",\"name\":\"Vinilo Zona\",\"description\":\"Nup\u016bsk dulkes ir klausyk LP\",\"potentialAction\":[{\"@type\":\"SearchAction\",\"target\":{\"@type\":\"EntryPoint\",\"urlTemplate\":\"https:\/\/vinilozona.lt\/?s={search_term_string}\"},\"query-input\":{\"@type\":\"PropertyValueSpecification\",\"valueRequired\":true,\"valueName\":\"search_term_string\"}}],\"inLanguage\":\"en-GB\"}]}<\/script>\n<!-- \/ Yoast SEO plugin. -->","yoast_head_json":{"title":"Secret Service = \u0421\u0438\u043a\u0440\u0435\u0442 \u0421\u0435\u0440\u0432\u0438\u0441* \u200e\u2013 When The Night Closes In = \u041a\u043e\u0433\u0434\u0430 \u041d\u0430\u0441\u0442\u0443\u043f\u0430\u0435\u0442 \u041d\u043e\u0447\u044c Vinilin\u0117 Plok\u0161tel\u0117 | Vinilozona.lt","robots":{"index":"index","follow":"follow","max-snippet":"max-snippet:-1","max-image-preview":"max-image-preview:large","max-video-preview":"max-video-preview:-1"},"canonical":"https:\/\/vinilozona.lt\/en\/parduotuve\/kita\/secret-service-\u0441\u0438\u043a\u0440\u0435\u0442-\u0441\u0435\u0440\u0432\u0438\u0441-\u200e-when-the-night-closes-in-\u043a\u043e\u0433\u0434\u0430-\u043d\u0430\u0441\u0442\u0443\/","og_locale":"en_GB","og_type":"article","og_title":"Secret Service = \u0421\u0438\u043a\u0440\u0435\u0442 \u0421\u0435\u0440\u0432\u0438\u0441* \u200e\u2013 When The Night Closes In = \u041a\u043e\u0433\u0434\u0430 \u041d\u0430\u0441\u0442\u0443\u043f\u0430\u0435\u0442 \u041d\u043e\u0447\u044c Vinilin\u0117 Plok\u0161tel\u0117 | Vinilozona.lt","og_description":"\u041c\u0435\u043b\u043e\u0434\u0438\u044f \u200e\u2013 \u042160 24651 009","og_url":"https:\/\/vinilozona.lt\/en\/parduotuve\/kita\/secret-service-\u0441\u0438\u043a\u0440\u0435\u0442-\u0441\u0435\u0440\u0432\u0438\u0441-\u200e-when-the-night-closes-in-\u043a\u043e\u0433\u0434\u0430-\u043d\u0430\u0441\u0442\u0443\/","og_site_name":"Vinilo Zona","article_modified_time":"2020-06-10T05:19:22+00:00","og_image":[{"width":600,"height":597,"url":"https:\/\/vinilozona.lt\/wp-content\/uploads\/2020\/06\/R-5470921-1500629769-6898.jpeg.jpg","type":"image\/jpeg"}],"twitter_card":"summary_large_image","schema":{"@context":"https:\/\/schema.org","@graph":[{"@type":"WebPage","@id":"https:\/\/vinilozona.lt\/parduotuve\/kita\/secret-service-%d1%81%d0%b8%d0%ba%d1%80%d0%b5%d1%82-%d1%81%d0%b5%d1%80%d0%b2%d0%b8%d1%81-%e2%80%8e-when-the-night-closes-in-%d0%ba%d0%be%d0%b3%d0%b4%d0%b0-%d0%bd%d0%b0%d1%81%d1%82%d1%83\/","url":"https:\/\/vinilozona.lt\/parduotuve\/kita\/secret-service-%d1%81%d0%b8%d0%ba%d1%80%d0%b5%d1%82-%d1%81%d0%b5%d1%80%d0%b2%d0%b8%d1%81-%e2%80%8e-when-the-night-closes-in-%d0%ba%d0%be%d0%b3%d0%b4%d0%b0-%d0%bd%d0%b0%d1%81%d1%82%d1%83\/","name":"Secret Service = \u0421\u0438\u043a\u0440\u0435\u0442 \u0421\u0435\u0440\u0432\u0438\u0441* \u200e\u2013 When The Night Closes In = \u041a\u043e\u0433\u0434\u0430 \u041d\u0430\u0441\u0442\u0443\u043f\u0430\u0435\u0442 \u041d\u043e\u0447\u044c Vinilin\u0117 Plok\u0161tel\u0117 | Vinilozona.lt","isPartOf":{"@id":"https:\/\/vinilozona.lt\/#website"},"primaryImageOfPage":{"@id":"https:\/\/vinilozona.lt\/parduotuve\/kita\/secret-service-%d1%81%d0%b8%d0%ba%d1%80%d0%b5%d1%82-%d1%81%d0%b5%d1%80%d0%b2%d0%b8%d1%81-%e2%80%8e-when-the-night-closes-in-%d0%ba%d0%be%d0%b3%d0%b4%d0%b0-%d0%bd%d0%b0%d1%81%d1%82%d1%83\/#primaryimage"},"image":{"@id":"https:\/\/vinilozona.lt\/parduotuve\/kita\/secret-service-%d1%81%d0%b8%d0%ba%d1%80%d0%b5%d1%82-%d1%81%d0%b5%d1%80%d0%b2%d0%b8%d1%81-%e2%80%8e-when-the-night-closes-in-%d0%ba%d0%be%d0%b3%d0%b4%d0%b0-%d0%bd%d0%b0%d1%81%d1%82%d1%83\/#primaryimage"},"thumbnailUrl":"https:\/\/vinilozona.lt\/wp-content\/uploads\/2020\/06\/R-5470921-1500629769-6898.jpeg.jpg","datePublished":"2020-06-05T09:09:55+00:00","dateModified":"2020-06-10T05:19:22+00:00","breadcrumb":{"@id":"https:\/\/vinilozona.lt\/parduotuve\/kita\/secret-service-%d1%81%d0%b8%d0%ba%d1%80%d0%b5%d1%82-%d1%81%d0%b5%d1%80%d0%b2%d0%b8%d1%81-%e2%80%8e-when-the-night-closes-in-%d0%ba%d0%be%d0%b3%d0%b4%d0%b0-%d0%bd%d0%b0%d1%81%d1%82%d1%83\/#breadcrumb"},"inLanguage":"en-GB","potentialAction":[{"@type":"ReadAction","target":["https:\/\/vinilozona.lt\/parduotuve\/kita\/secret-service-%d1%81%d0%b8%d0%ba%d1%80%d0%b5%d1%82-%d1%81%d0%b5%d1%80%d0%b2%d0%b8%d1%81-%e2%80%8e-when-the-night-closes-in-%d0%ba%d0%be%d0%b3%d0%b4%d0%b0-%d0%bd%d0%b0%d1%81%d1%82%d1%83\/"]}]},{"@type":"ImageObject","inLanguage":"en-GB","@id":"https:\/\/vinilozona.lt\/parduotuve\/kita\/secret-service-%d1%81%d0%b8%d0%ba%d1%80%d0%b5%d1%82-%d1%81%d0%b5%d1%80%d0%b2%d0%b8%d1%81-%e2%80%8e-when-the-night-closes-in-%d0%ba%d0%be%d0%b3%d0%b4%d0%b0-%d0%bd%d0%b0%d1%81%d1%82%d1%83\/#primaryimage","url":"https:\/\/vinilozona.lt\/wp-content\/uploads\/2020\/06\/R-5470921-1500629769-6898.jpeg.jpg","contentUrl":"https:\/\/vinilozona.lt\/wp-content\/uploads\/2020\/06\/R-5470921-1500629769-6898.jpeg.jpg","width":600,"height":597},{"@type":"BreadcrumbList","@id":"https:\/\/vinilozona.lt\/parduotuve\/kita\/secret-service-%d1%81%d0%b8%d0%ba%d1%80%d0%b5%d1%82-%d1%81%d0%b5%d1%80%d0%b2%d0%b8%d1%81-%e2%80%8e-when-the-night-closes-in-%d0%ba%d0%be%d0%b3%d0%b4%d0%b0-%d0%bd%d0%b0%d1%81%d1%82%d1%83\/#breadcrumb","itemListElement":[{"@type":"ListItem","position":1,"name":"Home","item":"https:\/\/vinilozona.lt\/"},{"@type":"ListItem","position":2,"name":"Parduotuv\u0117","item":"https:\/\/vinilozona.lt\/parduotuve\/"},{"@type":"ListItem","position":3,"name":"Secret Service = \u0421\u0438\u043a\u0440\u0435\u0442 \u0421\u0435\u0440\u0432\u0438\u0441* \u200e\u2013 When The Night Closes In = \u041a\u043e\u0433\u0434\u0430 \u041d\u0430\u0441\u0442\u0443\u043f\u0430\u0435\u0442 \u041d\u043e\u0447\u044c"}]},{"@type":"WebSite","@id":"https:\/\/vinilozona.lt\/#website","url":"https:\/\/vinilozona.lt\/","name":"Vinilo Zona","description":"Nup\u016bsk dulkes ir klausyk LP","potentialAction":[{"@type":"SearchAction","target":{"@type":"EntryPoint","urlTemplate":"https:\/\/vinilozona.lt\/?s={search_term_string}"},"query-input":{"@type":"PropertyValueSpecification","valueRequired":true,"valueName":"search_term_string"}}],"inLanguage":"en-GB"}]}},"_links":{"self":[{"href":"https:\/\/vinilozona.lt\/en\/wp-json\/wp\/v2\/product\/10343"}],"collection":[{"href":"https:\/\/vinilozona.lt\/en\/wp-json\/wp\/v2\/product"}],"about":[{"href":"https:\/\/vinilozona.lt\/en\/wp-json\/wp\/v2\/types\/product"}],"wp:featuredmedia":[{"embeddable":true,"href":"https:\/\/vinilozona.lt\/en\/wp-json\/wp\/v2\/media\/10344"}],"wp:attachment":[{"href":"https:\/\/vinilozona.lt\/en\/wp-json\/wp\/v2\/media?parent=10343"}],"wp:term":[{"taxonomy":"product_cat","embeddable":true,"href":"https:\/\/vinilozona.lt\/en\/wp-json\/wp\/v2\/product_cat?post=10343"},{"taxonomy":"product_tag","embeddable":true,"href":"https:\/\/vinilozona.lt\/en\/wp-json\/wp\/v2\/product_tag?post=10343"}],"curies":[{"name":"wp","href":"https:\/\/api.w.org\/{rel}","templated":true}]}}