{"id":10206,"date":"2025-09-08T05:10:02","date_gmt":"2025-09-08T02:10:02","guid":{"rendered":"https:\/\/vinilozona.lt\/?post_type=product&#038;p=10206"},"modified":"2025-09-08T08:47:25","modified_gmt":"2025-09-08T05:47:25","slug":"john-coltrane-quartet-%e2%80%8e-ballads","status":"publish","type":"product","link":"https:\/\/vinilozona.lt\/en\/parduotuve\/jazz\/john-coltrane-quartet-%e2%80%8e-ballads\/","title":{"rendered":"John Coltrane Quartet \u2013 Coltrane"},"content":{"rendered":"<p>A1\t\tOut Of This World  14:01<br \/>\nA2\t\tSoul Eyes 5:23<br \/>\nB1\t\tThe Inch Worm  6:15<br \/>\nB2\t\tTunji (Toon-gee)  6:32<br \/>\nB3\t\tMiles&#8217; Mode  7:30<\/p>","protected":false},"excerpt":{"rendered":"<p>Impulse! \u2013 A-21, Universal Music Special Markets \u2013 00011105021517<br \/>\nFormat:<br \/>\nVinyl, LP, Album, Reissue, Remastered, Gatefold<br \/>\nCountry:\tWorldwide<br \/>\nReleased:\t2022<\/p>","protected":false},"featured_media":24078,"template":"","meta":[],"product_cat":[20,23],"product_tag":[44],"yoast_head":"<!-- This site is optimized with the Yoast SEO plugin v23.5 - https:\/\/yoast.com\/wordpress\/plugins\/seo\/ -->\n<title>John Coltrane Quartet \u2013 Coltrane Vinilin\u0117 Plok\u0161tel\u0117 | Vinilozona.lt<\/title>\n<meta name=\"robots\" content=\"index, follow, max-snippet:-1, max-image-preview:large, max-video-preview:-1\" \/>\n<link rel=\"canonical\" href=\"https:\/\/vinilozona.lt\/en\/parduotuve\/jazz\/john-coltrane-quartet-\u200e-ballads\/\" \/>\n<meta property=\"og:locale\" content=\"en_GB\" \/>\n<meta property=\"og:type\" content=\"article\" \/>\n<meta property=\"og:title\" content=\"John Coltrane Quartet \u2013 Coltrane Vinilin\u0117 Plok\u0161tel\u0117 | Vinilozona.lt\" \/>\n<meta property=\"og:description\" content=\"Impulse! \u2013 A-21, Universal Music Special Markets \u2013 00011105021517 Format:  Vinyl, LP, Album, Reissue, Remastered, Gatefold Country: Worldwide Released: 2022\" \/>\n<meta property=\"og:url\" content=\"https:\/\/vinilozona.lt\/en\/parduotuve\/jazz\/john-coltrane-quartet-\u200e-ballads\/\" \/>\n<meta property=\"og:site_name\" content=\"Vinilo Zona\" \/>\n<meta property=\"article:modified_time\" content=\"2025-09-08T05:47:25+00:00\" \/>\n<meta property=\"og:image\" content=\"https:\/\/vinilozona.lt\/wp-content\/uploads\/2020\/06\/R-1027875-1391419243-2408.jpg\" \/>\n\t<meta property=\"og:image:width\" content=\"595\" \/>\n\t<meta property=\"og:image:height\" content=\"595\" \/>\n\t<meta property=\"og:image:type\" content=\"image\/jpeg\" \/>\n<meta name=\"twitter:card\" content=\"summary_large_image\" \/>\n<script type=\"application\/ld+json\" class=\"yoast-schema-graph\">{\"@context\":\"https:\/\/schema.org\",\"@graph\":[{\"@type\":\"WebPage\",\"@id\":\"https:\/\/vinilozona.lt\/parduotuve\/jazz\/john-coltrane-quartet-%e2%80%8e-ballads\/\",\"url\":\"https:\/\/vinilozona.lt\/parduotuve\/jazz\/john-coltrane-quartet-%e2%80%8e-ballads\/\",\"name\":\"John Coltrane Quartet \u2013 Coltrane Vinilin\u0117 Plok\u0161tel\u0117 | Vinilozona.lt\",\"isPartOf\":{\"@id\":\"https:\/\/vinilozona.lt\/#website\"},\"primaryImageOfPage\":{\"@id\":\"https:\/\/vinilozona.lt\/parduotuve\/jazz\/john-coltrane-quartet-%e2%80%8e-ballads\/#primaryimage\"},\"image\":{\"@id\":\"https:\/\/vinilozona.lt\/parduotuve\/jazz\/john-coltrane-quartet-%e2%80%8e-ballads\/#primaryimage\"},\"thumbnailUrl\":\"https:\/\/vinilozona.lt\/wp-content\/uploads\/2020\/06\/R-1027875-1391419243-2408.jpg\",\"datePublished\":\"2025-09-08T02:10:02+00:00\",\"dateModified\":\"2025-09-08T05:47:25+00:00\",\"breadcrumb\":{\"@id\":\"https:\/\/vinilozona.lt\/parduotuve\/jazz\/john-coltrane-quartet-%e2%80%8e-ballads\/#breadcrumb\"},\"inLanguage\":\"en-GB\",\"potentialAction\":[{\"@type\":\"ReadAction\",\"target\":[\"https:\/\/vinilozona.lt\/parduotuve\/jazz\/john-coltrane-quartet-%e2%80%8e-ballads\/\"]}]},{\"@type\":\"ImageObject\",\"inLanguage\":\"en-GB\",\"@id\":\"https:\/\/vinilozona.lt\/parduotuve\/jazz\/john-coltrane-quartet-%e2%80%8e-ballads\/#primaryimage\",\"url\":\"https:\/\/vinilozona.lt\/wp-content\/uploads\/2020\/06\/R-1027875-1391419243-2408.jpg\",\"contentUrl\":\"https:\/\/vinilozona.lt\/wp-content\/uploads\/2020\/06\/R-1027875-1391419243-2408.jpg\",\"width\":595,\"height\":595},{\"@type\":\"BreadcrumbList\",\"@id\":\"https:\/\/vinilozona.lt\/parduotuve\/jazz\/john-coltrane-quartet-%e2%80%8e-ballads\/#breadcrumb\",\"itemListElement\":[{\"@type\":\"ListItem\",\"position\":1,\"name\":\"Home\",\"item\":\"https:\/\/vinilozona.lt\/\"},{\"@type\":\"ListItem\",\"position\":2,\"name\":\"Parduotuv\u0117\",\"item\":\"https:\/\/vinilozona.lt\/parduotuve\/\"},{\"@type\":\"ListItem\",\"position\":3,\"name\":\"John Coltrane Quartet \u2013 Coltrane\"}]},{\"@type\":\"WebSite\",\"@id\":\"https:\/\/vinilozona.lt\/#website\",\"url\":\"https:\/\/vinilozona.lt\/\",\"name\":\"Vinilo Zona\",\"description\":\"Nup\u016bsk dulkes ir klausyk LP\",\"potentialAction\":[{\"@type\":\"SearchAction\",\"target\":{\"@type\":\"EntryPoint\",\"urlTemplate\":\"https:\/\/vinilozona.lt\/?s={search_term_string}\"},\"query-input\":{\"@type\":\"PropertyValueSpecification\",\"valueRequired\":true,\"valueName\":\"search_term_string\"}}],\"inLanguage\":\"en-GB\"}]}<\/script>\n<!-- \/ Yoast SEO plugin. -->","yoast_head_json":{"title":"John Coltrane Quartet \u2013 Coltrane Vinilin\u0117 Plok\u0161tel\u0117 | Vinilozona.lt","robots":{"index":"index","follow":"follow","max-snippet":"max-snippet:-1","max-image-preview":"max-image-preview:large","max-video-preview":"max-video-preview:-1"},"canonical":"https:\/\/vinilozona.lt\/en\/parduotuve\/jazz\/john-coltrane-quartet-\u200e-ballads\/","og_locale":"en_GB","og_type":"article","og_title":"John Coltrane Quartet \u2013 Coltrane Vinilin\u0117 Plok\u0161tel\u0117 | Vinilozona.lt","og_description":"Impulse! \u2013 A-21, Universal Music Special Markets \u2013 00011105021517 Format:  Vinyl, LP, Album, Reissue, Remastered, Gatefold Country: Worldwide Released: 2022","og_url":"https:\/\/vinilozona.lt\/en\/parduotuve\/jazz\/john-coltrane-quartet-\u200e-ballads\/","og_site_name":"Vinilo Zona","article_modified_time":"2025-09-08T05:47:25+00:00","og_image":[{"width":595,"height":595,"url":"https:\/\/vinilozona.lt\/wp-content\/uploads\/2020\/06\/R-1027875-1391419243-2408.jpg","type":"image\/jpeg"}],"twitter_card":"summary_large_image","schema":{"@context":"https:\/\/schema.org","@graph":[{"@type":"WebPage","@id":"https:\/\/vinilozona.lt\/parduotuve\/jazz\/john-coltrane-quartet-%e2%80%8e-ballads\/","url":"https:\/\/vinilozona.lt\/parduotuve\/jazz\/john-coltrane-quartet-%e2%80%8e-ballads\/","name":"John Coltrane Quartet \u2013 Coltrane Vinilin\u0117 Plok\u0161tel\u0117 | Vinilozona.lt","isPartOf":{"@id":"https:\/\/vinilozona.lt\/#website"},"primaryImageOfPage":{"@id":"https:\/\/vinilozona.lt\/parduotuve\/jazz\/john-coltrane-quartet-%e2%80%8e-ballads\/#primaryimage"},"image":{"@id":"https:\/\/vinilozona.lt\/parduotuve\/jazz\/john-coltrane-quartet-%e2%80%8e-ballads\/#primaryimage"},"thumbnailUrl":"https:\/\/vinilozona.lt\/wp-content\/uploads\/2020\/06\/R-1027875-1391419243-2408.jpg","datePublished":"2025-09-08T02:10:02+00:00","dateModified":"2025-09-08T05:47:25+00:00","breadcrumb":{"@id":"https:\/\/vinilozona.lt\/parduotuve\/jazz\/john-coltrane-quartet-%e2%80%8e-ballads\/#breadcrumb"},"inLanguage":"en-GB","potentialAction":[{"@type":"ReadAction","target":["https:\/\/vinilozona.lt\/parduotuve\/jazz\/john-coltrane-quartet-%e2%80%8e-ballads\/"]}]},{"@type":"ImageObject","inLanguage":"en-GB","@id":"https:\/\/vinilozona.lt\/parduotuve\/jazz\/john-coltrane-quartet-%e2%80%8e-ballads\/#primaryimage","url":"https:\/\/vinilozona.lt\/wp-content\/uploads\/2020\/06\/R-1027875-1391419243-2408.jpg","contentUrl":"https:\/\/vinilozona.lt\/wp-content\/uploads\/2020\/06\/R-1027875-1391419243-2408.jpg","width":595,"height":595},{"@type":"BreadcrumbList","@id":"https:\/\/vinilozona.lt\/parduotuve\/jazz\/john-coltrane-quartet-%e2%80%8e-ballads\/#breadcrumb","itemListElement":[{"@type":"ListItem","position":1,"name":"Home","item":"https:\/\/vinilozona.lt\/"},{"@type":"ListItem","position":2,"name":"Parduotuv\u0117","item":"https:\/\/vinilozona.lt\/parduotuve\/"},{"@type":"ListItem","position":3,"name":"John Coltrane Quartet \u2013 Coltrane"}]},{"@type":"WebSite","@id":"https:\/\/vinilozona.lt\/#website","url":"https:\/\/vinilozona.lt\/","name":"Vinilo Zona","description":"Nup\u016bsk dulkes ir klausyk LP","potentialAction":[{"@type":"SearchAction","target":{"@type":"EntryPoint","urlTemplate":"https:\/\/vinilozona.lt\/?s={search_term_string}"},"query-input":{"@type":"PropertyValueSpecification","valueRequired":true,"valueName":"search_term_string"}}],"inLanguage":"en-GB"}]}},"_links":{"self":[{"href":"https:\/\/vinilozona.lt\/en\/wp-json\/wp\/v2\/product\/10206"}],"collection":[{"href":"https:\/\/vinilozona.lt\/en\/wp-json\/wp\/v2\/product"}],"about":[{"href":"https:\/\/vinilozona.lt\/en\/wp-json\/wp\/v2\/types\/product"}],"wp:featuredmedia":[{"embeddable":true,"href":"https:\/\/vinilozona.lt\/en\/wp-json\/wp\/v2\/media\/24078"}],"wp:attachment":[{"href":"https:\/\/vinilozona.lt\/en\/wp-json\/wp\/v2\/media?parent=10206"}],"wp:term":[{"taxonomy":"product_cat","embeddable":true,"href":"https:\/\/vinilozona.lt\/en\/wp-json\/wp\/v2\/product_cat?post=10206"},{"taxonomy":"product_tag","embeddable":true,"href":"https:\/\/vinilozona.lt\/en\/wp-json\/wp\/v2\/product_tag?post=10206"}],"curies":[{"name":"wp","href":"https:\/\/api.w.org\/{rel}","templated":true}]}}