{"id":10131,"date":"2025-10-01T16:02:02","date_gmt":"2025-10-01T13:02:02","guid":{"rendered":"https:\/\/vinilozona.lt\/?post_type=product&#038;p=10131"},"modified":"2025-09-27T16:14:40","modified_gmt":"2025-09-27T13:14:40","slug":"beach-boys-%e2%80%8e-20-golden-greats","status":"publish","type":"product","link":"https:\/\/vinilozona.lt\/en\/parduotuve\/rock-pop\/beach-boys-%e2%80%8e-20-golden-greats\/","title":{"rendered":"Beach Boys \u200e\u2013 20 Golden Greats"},"content":{"rendered":"<p>A1 \tSurfin&#8217; U.S.A.<br \/>\nA2 \tFun, Fun, Fun<br \/>\nA3 \tI Get Around<br \/>\nA4 \tDon&#8217;t Worry Baby<br \/>\nA5 \tLittle Deuce Coupe<br \/>\nA6 \tWhen I Grow Up (To Be A Man)<br \/>\nA7 \tHelp Me Rhonda<br \/>\nA8 \tCalifornia Girls<br \/>\nA9 \tBarbara-Ann<br \/>\nA10 \tSloop John B<br \/>\nB1 \tYou&#8217;re So Good To Me<br \/>\nB2 \tGod Only Knows<br \/>\nB3 \tWouldn&#8217;t It Be Nice<br \/>\nB4 \tGood Vibrations<br \/>\nB5 \tThen I Kissed Her<br \/>\nB6 \tHeroes And Villains<br \/>\nB7 \tDarlin&#8217;<br \/>\nB8 \tDo It Again<br \/>\nB9 \tI Can Hear Music<br \/>\nB10 \tBreak Away<\/p>","protected":false},"excerpt":{"rendered":"<p>Label:<br \/>\nCapitol Records \u2013 1C 064-18 2232 1, Capitol Records \u2013 1C 064 1 82232 1<br \/>\nFormat:<br \/>\nVinyl, LP, Compilation, Reissue, Stereo<br \/>\nCountry:<br \/>\nGermany<\/p>","protected":false},"featured_media":10133,"template":"","meta":[],"product_cat":[15],"product_tag":[55],"yoast_head":"<!-- This site is optimized with the Yoast SEO plugin v23.5 - https:\/\/yoast.com\/wordpress\/plugins\/seo\/ -->\n<title>Beach Boys \u200e\u2013 20 Golden Greats Vinilin\u0117 Plok\u0161tel\u0117 | Vinilozona.lt<\/title>\n<meta name=\"robots\" content=\"index, follow, max-snippet:-1, max-image-preview:large, max-video-preview:-1\" \/>\n<link rel=\"canonical\" href=\"https:\/\/vinilozona.lt\/en\/parduotuve\/rock-pop\/beach-boys-\u200e-20-golden-greats\/\" \/>\n<meta property=\"og:locale\" content=\"en_GB\" \/>\n<meta property=\"og:type\" content=\"article\" \/>\n<meta property=\"og:title\" content=\"Beach Boys \u200e\u2013 20 Golden Greats Vinilin\u0117 Plok\u0161tel\u0117 | Vinilozona.lt\" \/>\n<meta property=\"og:description\" content=\"Label: Capitol Records \u2013 1C 064-18 2232 1, Capitol Records \u2013 1C 064 1 82232 1 Format: Vinyl, LP, Compilation, Reissue, Stereo Country: Germany\" \/>\n<meta property=\"og:url\" content=\"https:\/\/vinilozona.lt\/en\/parduotuve\/rock-pop\/beach-boys-\u200e-20-golden-greats\/\" \/>\n<meta property=\"og:site_name\" content=\"Vinilo Zona\" \/>\n<meta property=\"article:modified_time\" content=\"2025-09-27T13:14:40+00:00\" \/>\n<meta property=\"og:image\" content=\"https:\/\/vinilozona.lt\/wp-content\/uploads\/2020\/05\/R-1722717-1493313806-5063.jpeg.jpg\" \/>\n\t<meta property=\"og:image:width\" content=\"300\" \/>\n\t<meta property=\"og:image:height\" content=\"297\" \/>\n\t<meta property=\"og:image:type\" content=\"image\/jpeg\" \/>\n<meta name=\"twitter:card\" content=\"summary_large_image\" \/>\n<meta name=\"twitter:label1\" content=\"Estimated reading time\" \/>\n\t<meta name=\"twitter:data1\" content=\"1 minute\" \/>\n<script type=\"application\/ld+json\" class=\"yoast-schema-graph\">{\"@context\":\"https:\/\/schema.org\",\"@graph\":[{\"@type\":\"WebPage\",\"@id\":\"https:\/\/vinilozona.lt\/parduotuve\/rock-pop\/beach-boys-%e2%80%8e-20-golden-greats\/\",\"url\":\"https:\/\/vinilozona.lt\/parduotuve\/rock-pop\/beach-boys-%e2%80%8e-20-golden-greats\/\",\"name\":\"Beach Boys \u200e\u2013 20 Golden Greats Vinilin\u0117 Plok\u0161tel\u0117 | Vinilozona.lt\",\"isPartOf\":{\"@id\":\"https:\/\/vinilozona.lt\/#website\"},\"primaryImageOfPage\":{\"@id\":\"https:\/\/vinilozona.lt\/parduotuve\/rock-pop\/beach-boys-%e2%80%8e-20-golden-greats\/#primaryimage\"},\"image\":{\"@id\":\"https:\/\/vinilozona.lt\/parduotuve\/rock-pop\/beach-boys-%e2%80%8e-20-golden-greats\/#primaryimage\"},\"thumbnailUrl\":\"https:\/\/vinilozona.lt\/wp-content\/uploads\/2020\/05\/R-1722717-1493313806-5063.jpeg.jpg\",\"datePublished\":\"2025-10-01T13:02:02+00:00\",\"dateModified\":\"2025-09-27T13:14:40+00:00\",\"breadcrumb\":{\"@id\":\"https:\/\/vinilozona.lt\/parduotuve\/rock-pop\/beach-boys-%e2%80%8e-20-golden-greats\/#breadcrumb\"},\"inLanguage\":\"en-GB\",\"potentialAction\":[{\"@type\":\"ReadAction\",\"target\":[\"https:\/\/vinilozona.lt\/parduotuve\/rock-pop\/beach-boys-%e2%80%8e-20-golden-greats\/\"]}]},{\"@type\":\"ImageObject\",\"inLanguage\":\"en-GB\",\"@id\":\"https:\/\/vinilozona.lt\/parduotuve\/rock-pop\/beach-boys-%e2%80%8e-20-golden-greats\/#primaryimage\",\"url\":\"https:\/\/vinilozona.lt\/wp-content\/uploads\/2020\/05\/R-1722717-1493313806-5063.jpeg.jpg\",\"contentUrl\":\"https:\/\/vinilozona.lt\/wp-content\/uploads\/2020\/05\/R-1722717-1493313806-5063.jpeg.jpg\",\"width\":300,\"height\":297},{\"@type\":\"BreadcrumbList\",\"@id\":\"https:\/\/vinilozona.lt\/parduotuve\/rock-pop\/beach-boys-%e2%80%8e-20-golden-greats\/#breadcrumb\",\"itemListElement\":[{\"@type\":\"ListItem\",\"position\":1,\"name\":\"Home\",\"item\":\"https:\/\/vinilozona.lt\/\"},{\"@type\":\"ListItem\",\"position\":2,\"name\":\"Parduotuv\u0117\",\"item\":\"https:\/\/vinilozona.lt\/parduotuve\/\"},{\"@type\":\"ListItem\",\"position\":3,\"name\":\"Beach Boys \u200e\u2013 20 Golden Greats\"}]},{\"@type\":\"WebSite\",\"@id\":\"https:\/\/vinilozona.lt\/#website\",\"url\":\"https:\/\/vinilozona.lt\/\",\"name\":\"Vinilo Zona\",\"description\":\"Nup\u016bsk dulkes ir klausyk LP\",\"potentialAction\":[{\"@type\":\"SearchAction\",\"target\":{\"@type\":\"EntryPoint\",\"urlTemplate\":\"https:\/\/vinilozona.lt\/?s={search_term_string}\"},\"query-input\":{\"@type\":\"PropertyValueSpecification\",\"valueRequired\":true,\"valueName\":\"search_term_string\"}}],\"inLanguage\":\"en-GB\"}]}<\/script>\n<!-- \/ Yoast SEO plugin. -->","yoast_head_json":{"title":"Beach Boys \u200e\u2013 20 Golden Greats Vinilin\u0117 Plok\u0161tel\u0117 | Vinilozona.lt","robots":{"index":"index","follow":"follow","max-snippet":"max-snippet:-1","max-image-preview":"max-image-preview:large","max-video-preview":"max-video-preview:-1"},"canonical":"https:\/\/vinilozona.lt\/en\/parduotuve\/rock-pop\/beach-boys-\u200e-20-golden-greats\/","og_locale":"en_GB","og_type":"article","og_title":"Beach Boys \u200e\u2013 20 Golden Greats Vinilin\u0117 Plok\u0161tel\u0117 | Vinilozona.lt","og_description":"Label: Capitol Records \u2013 1C 064-18 2232 1, Capitol Records \u2013 1C 064 1 82232 1 Format: Vinyl, LP, Compilation, Reissue, Stereo Country: Germany","og_url":"https:\/\/vinilozona.lt\/en\/parduotuve\/rock-pop\/beach-boys-\u200e-20-golden-greats\/","og_site_name":"Vinilo Zona","article_modified_time":"2025-09-27T13:14:40+00:00","og_image":[{"width":300,"height":297,"url":"https:\/\/vinilozona.lt\/wp-content\/uploads\/2020\/05\/R-1722717-1493313806-5063.jpeg.jpg","type":"image\/jpeg"}],"twitter_card":"summary_large_image","twitter_misc":{"Estimated reading time":"1 minute"},"schema":{"@context":"https:\/\/schema.org","@graph":[{"@type":"WebPage","@id":"https:\/\/vinilozona.lt\/parduotuve\/rock-pop\/beach-boys-%e2%80%8e-20-golden-greats\/","url":"https:\/\/vinilozona.lt\/parduotuve\/rock-pop\/beach-boys-%e2%80%8e-20-golden-greats\/","name":"Beach Boys \u200e\u2013 20 Golden Greats Vinilin\u0117 Plok\u0161tel\u0117 | Vinilozona.lt","isPartOf":{"@id":"https:\/\/vinilozona.lt\/#website"},"primaryImageOfPage":{"@id":"https:\/\/vinilozona.lt\/parduotuve\/rock-pop\/beach-boys-%e2%80%8e-20-golden-greats\/#primaryimage"},"image":{"@id":"https:\/\/vinilozona.lt\/parduotuve\/rock-pop\/beach-boys-%e2%80%8e-20-golden-greats\/#primaryimage"},"thumbnailUrl":"https:\/\/vinilozona.lt\/wp-content\/uploads\/2020\/05\/R-1722717-1493313806-5063.jpeg.jpg","datePublished":"2025-10-01T13:02:02+00:00","dateModified":"2025-09-27T13:14:40+00:00","breadcrumb":{"@id":"https:\/\/vinilozona.lt\/parduotuve\/rock-pop\/beach-boys-%e2%80%8e-20-golden-greats\/#breadcrumb"},"inLanguage":"en-GB","potentialAction":[{"@type":"ReadAction","target":["https:\/\/vinilozona.lt\/parduotuve\/rock-pop\/beach-boys-%e2%80%8e-20-golden-greats\/"]}]},{"@type":"ImageObject","inLanguage":"en-GB","@id":"https:\/\/vinilozona.lt\/parduotuve\/rock-pop\/beach-boys-%e2%80%8e-20-golden-greats\/#primaryimage","url":"https:\/\/vinilozona.lt\/wp-content\/uploads\/2020\/05\/R-1722717-1493313806-5063.jpeg.jpg","contentUrl":"https:\/\/vinilozona.lt\/wp-content\/uploads\/2020\/05\/R-1722717-1493313806-5063.jpeg.jpg","width":300,"height":297},{"@type":"BreadcrumbList","@id":"https:\/\/vinilozona.lt\/parduotuve\/rock-pop\/beach-boys-%e2%80%8e-20-golden-greats\/#breadcrumb","itemListElement":[{"@type":"ListItem","position":1,"name":"Home","item":"https:\/\/vinilozona.lt\/"},{"@type":"ListItem","position":2,"name":"Parduotuv\u0117","item":"https:\/\/vinilozona.lt\/parduotuve\/"},{"@type":"ListItem","position":3,"name":"Beach Boys \u200e\u2013 20 Golden Greats"}]},{"@type":"WebSite","@id":"https:\/\/vinilozona.lt\/#website","url":"https:\/\/vinilozona.lt\/","name":"Vinilo Zona","description":"Nup\u016bsk dulkes ir klausyk LP","potentialAction":[{"@type":"SearchAction","target":{"@type":"EntryPoint","urlTemplate":"https:\/\/vinilozona.lt\/?s={search_term_string}"},"query-input":{"@type":"PropertyValueSpecification","valueRequired":true,"valueName":"search_term_string"}}],"inLanguage":"en-GB"}]}},"_links":{"self":[{"href":"https:\/\/vinilozona.lt\/en\/wp-json\/wp\/v2\/product\/10131"}],"collection":[{"href":"https:\/\/vinilozona.lt\/en\/wp-json\/wp\/v2\/product"}],"about":[{"href":"https:\/\/vinilozona.lt\/en\/wp-json\/wp\/v2\/types\/product"}],"wp:featuredmedia":[{"embeddable":true,"href":"https:\/\/vinilozona.lt\/en\/wp-json\/wp\/v2\/media\/10133"}],"wp:attachment":[{"href":"https:\/\/vinilozona.lt\/en\/wp-json\/wp\/v2\/media?parent=10131"}],"wp:term":[{"taxonomy":"product_cat","embeddable":true,"href":"https:\/\/vinilozona.lt\/en\/wp-json\/wp\/v2\/product_cat?post=10131"},{"taxonomy":"product_tag","embeddable":true,"href":"https:\/\/vinilozona.lt\/en\/wp-json\/wp\/v2\/product_tag?post=10131"}],"curies":[{"name":"wp","href":"https:\/\/api.w.org\/{rel}","templated":true}]}}