{"id":10116,"date":"2024-12-08T08:27:35","date_gmt":"2024-12-08T06:27:35","guid":{"rendered":"https:\/\/vinilozona.lt\/?post_type=product&#038;p=10116"},"modified":"2025-10-08T21:12:32","modified_gmt":"2025-10-08T18:12:32","slug":"the-beatles-%e2%80%8e-abbey-road","status":"publish","type":"product","link":"https:\/\/vinilozona.lt\/en\/parduotuve\/made-in-japan\/the-beatles-%e2%80%8e-abbey-road\/","title":{"rendered":"Beatles \u200e\u2013 Abbey Road"},"content":{"rendered":"<p>Come Together<br \/>\nSomething<br \/>\nMaxwell&#8217;s Silver Hammer<br \/>\nOh! Darling<br \/>\nOctopus&#8217;s Garden<br \/>\nI Want You (She&#8217;s So Heavy)<br \/>\nHere Comes The Sun<br \/>\nBecause<br \/>\nYou Never Give Me Your Money<br \/>\nSun King<br \/>\nMean Mr. Mustard<br \/>\nPolythene Pam<br \/>\nShe Came In Through The Bathroom Window<br \/>\nGolden Slumbers<br \/>\nCarry That Weight<br \/>\nThe End<\/p>","protected":false},"excerpt":{"rendered":"<p>Apple Records \u2013 AP-8815<br \/>\nFormat:<br \/>\nVinyl, LP, Album, Stereo<br \/>\nCountry:<br \/>\nJapan<br \/>\nReleased:<br \/>\nOct 1, 1969<\/p>","protected":false},"featured_media":26732,"template":"","meta":[],"product_cat":[39],"product_tag":[239],"yoast_head":"<!-- This site is optimized with the Yoast SEO plugin v23.5 - https:\/\/yoast.com\/wordpress\/plugins\/seo\/ -->\n<title>Beatles \u200e\u2013 Abbey Road Vinilin\u0117 Plok\u0161tel\u0117 | Vinilozona.lt<\/title>\n<meta name=\"robots\" content=\"index, follow, max-snippet:-1, max-image-preview:large, max-video-preview:-1\" \/>\n<link rel=\"canonical\" href=\"https:\/\/vinilozona.lt\/en\/parduotuve\/made-in-japan\/the-beatles-\u200e-abbey-road\/\" \/>\n<meta property=\"og:locale\" content=\"en_GB\" \/>\n<meta property=\"og:type\" content=\"article\" \/>\n<meta property=\"og:title\" content=\"Beatles \u200e\u2013 Abbey Road Vinilin\u0117 Plok\u0161tel\u0117 | Vinilozona.lt\" \/>\n<meta property=\"og:description\" content=\"Apple Records \u2013 AP-8815 Format: Vinyl, LP, Album, Stereo Country: Japan Released: Oct 1, 1969\" \/>\n<meta property=\"og:url\" content=\"https:\/\/vinilozona.lt\/en\/parduotuve\/made-in-japan\/the-beatles-\u200e-abbey-road\/\" \/>\n<meta property=\"og:site_name\" content=\"Vinilo Zona\" \/>\n<meta property=\"article:modified_time\" content=\"2025-10-08T18:12:32+00:00\" \/>\n<meta property=\"og:image\" content=\"https:\/\/vinilozona.lt\/wp-content\/uploads\/2020\/05\/R-2954558-1500394185-3810.jpg\" \/>\n\t<meta property=\"og:image:width\" content=\"590\" \/>\n\t<meta property=\"og:image:height\" content=\"599\" \/>\n\t<meta property=\"og:image:type\" content=\"image\/jpeg\" \/>\n<meta name=\"twitter:card\" content=\"summary_large_image\" \/>\n<script type=\"application\/ld+json\" class=\"yoast-schema-graph\">{\"@context\":\"https:\/\/schema.org\",\"@graph\":[{\"@type\":\"WebPage\",\"@id\":\"https:\/\/vinilozona.lt\/parduotuve\/made-in-japan\/the-beatles-%e2%80%8e-abbey-road\/\",\"url\":\"https:\/\/vinilozona.lt\/parduotuve\/made-in-japan\/the-beatles-%e2%80%8e-abbey-road\/\",\"name\":\"Beatles \u200e\u2013 Abbey Road Vinilin\u0117 Plok\u0161tel\u0117 | Vinilozona.lt\",\"isPartOf\":{\"@id\":\"https:\/\/vinilozona.lt\/#website\"},\"primaryImageOfPage\":{\"@id\":\"https:\/\/vinilozona.lt\/parduotuve\/made-in-japan\/the-beatles-%e2%80%8e-abbey-road\/#primaryimage\"},\"image\":{\"@id\":\"https:\/\/vinilozona.lt\/parduotuve\/made-in-japan\/the-beatles-%e2%80%8e-abbey-road\/#primaryimage\"},\"thumbnailUrl\":\"https:\/\/vinilozona.lt\/wp-content\/uploads\/2020\/05\/R-2954558-1500394185-3810.jpg\",\"datePublished\":\"2024-12-08T06:27:35+00:00\",\"dateModified\":\"2025-10-08T18:12:32+00:00\",\"breadcrumb\":{\"@id\":\"https:\/\/vinilozona.lt\/parduotuve\/made-in-japan\/the-beatles-%e2%80%8e-abbey-road\/#breadcrumb\"},\"inLanguage\":\"en-GB\",\"potentialAction\":[{\"@type\":\"ReadAction\",\"target\":[\"https:\/\/vinilozona.lt\/parduotuve\/made-in-japan\/the-beatles-%e2%80%8e-abbey-road\/\"]}]},{\"@type\":\"ImageObject\",\"inLanguage\":\"en-GB\",\"@id\":\"https:\/\/vinilozona.lt\/parduotuve\/made-in-japan\/the-beatles-%e2%80%8e-abbey-road\/#primaryimage\",\"url\":\"https:\/\/vinilozona.lt\/wp-content\/uploads\/2020\/05\/R-2954558-1500394185-3810.jpg\",\"contentUrl\":\"https:\/\/vinilozona.lt\/wp-content\/uploads\/2020\/05\/R-2954558-1500394185-3810.jpg\",\"width\":590,\"height\":599},{\"@type\":\"BreadcrumbList\",\"@id\":\"https:\/\/vinilozona.lt\/parduotuve\/made-in-japan\/the-beatles-%e2%80%8e-abbey-road\/#breadcrumb\",\"itemListElement\":[{\"@type\":\"ListItem\",\"position\":1,\"name\":\"Home\",\"item\":\"https:\/\/vinilozona.lt\/\"},{\"@type\":\"ListItem\",\"position\":2,\"name\":\"Parduotuv\u0117\",\"item\":\"https:\/\/vinilozona.lt\/parduotuve\/\"},{\"@type\":\"ListItem\",\"position\":3,\"name\":\"Beatles \u200e\u2013 Abbey Road\"}]},{\"@type\":\"WebSite\",\"@id\":\"https:\/\/vinilozona.lt\/#website\",\"url\":\"https:\/\/vinilozona.lt\/\",\"name\":\"Vinilo Zona\",\"description\":\"Nup\u016bsk dulkes ir klausyk LP\",\"potentialAction\":[{\"@type\":\"SearchAction\",\"target\":{\"@type\":\"EntryPoint\",\"urlTemplate\":\"https:\/\/vinilozona.lt\/?s={search_term_string}\"},\"query-input\":{\"@type\":\"PropertyValueSpecification\",\"valueRequired\":true,\"valueName\":\"search_term_string\"}}],\"inLanguage\":\"en-GB\"}]}<\/script>\n<!-- \/ Yoast SEO plugin. -->","yoast_head_json":{"title":"Beatles \u200e\u2013 Abbey Road Vinilin\u0117 Plok\u0161tel\u0117 | Vinilozona.lt","robots":{"index":"index","follow":"follow","max-snippet":"max-snippet:-1","max-image-preview":"max-image-preview:large","max-video-preview":"max-video-preview:-1"},"canonical":"https:\/\/vinilozona.lt\/en\/parduotuve\/made-in-japan\/the-beatles-\u200e-abbey-road\/","og_locale":"en_GB","og_type":"article","og_title":"Beatles \u200e\u2013 Abbey Road Vinilin\u0117 Plok\u0161tel\u0117 | Vinilozona.lt","og_description":"Apple Records \u2013 AP-8815 Format: Vinyl, LP, Album, Stereo Country: Japan Released: Oct 1, 1969","og_url":"https:\/\/vinilozona.lt\/en\/parduotuve\/made-in-japan\/the-beatles-\u200e-abbey-road\/","og_site_name":"Vinilo Zona","article_modified_time":"2025-10-08T18:12:32+00:00","og_image":[{"width":590,"height":599,"url":"https:\/\/vinilozona.lt\/wp-content\/uploads\/2020\/05\/R-2954558-1500394185-3810.jpg","type":"image\/jpeg"}],"twitter_card":"summary_large_image","schema":{"@context":"https:\/\/schema.org","@graph":[{"@type":"WebPage","@id":"https:\/\/vinilozona.lt\/parduotuve\/made-in-japan\/the-beatles-%e2%80%8e-abbey-road\/","url":"https:\/\/vinilozona.lt\/parduotuve\/made-in-japan\/the-beatles-%e2%80%8e-abbey-road\/","name":"Beatles \u200e\u2013 Abbey Road Vinilin\u0117 Plok\u0161tel\u0117 | Vinilozona.lt","isPartOf":{"@id":"https:\/\/vinilozona.lt\/#website"},"primaryImageOfPage":{"@id":"https:\/\/vinilozona.lt\/parduotuve\/made-in-japan\/the-beatles-%e2%80%8e-abbey-road\/#primaryimage"},"image":{"@id":"https:\/\/vinilozona.lt\/parduotuve\/made-in-japan\/the-beatles-%e2%80%8e-abbey-road\/#primaryimage"},"thumbnailUrl":"https:\/\/vinilozona.lt\/wp-content\/uploads\/2020\/05\/R-2954558-1500394185-3810.jpg","datePublished":"2024-12-08T06:27:35+00:00","dateModified":"2025-10-08T18:12:32+00:00","breadcrumb":{"@id":"https:\/\/vinilozona.lt\/parduotuve\/made-in-japan\/the-beatles-%e2%80%8e-abbey-road\/#breadcrumb"},"inLanguage":"en-GB","potentialAction":[{"@type":"ReadAction","target":["https:\/\/vinilozona.lt\/parduotuve\/made-in-japan\/the-beatles-%e2%80%8e-abbey-road\/"]}]},{"@type":"ImageObject","inLanguage":"en-GB","@id":"https:\/\/vinilozona.lt\/parduotuve\/made-in-japan\/the-beatles-%e2%80%8e-abbey-road\/#primaryimage","url":"https:\/\/vinilozona.lt\/wp-content\/uploads\/2020\/05\/R-2954558-1500394185-3810.jpg","contentUrl":"https:\/\/vinilozona.lt\/wp-content\/uploads\/2020\/05\/R-2954558-1500394185-3810.jpg","width":590,"height":599},{"@type":"BreadcrumbList","@id":"https:\/\/vinilozona.lt\/parduotuve\/made-in-japan\/the-beatles-%e2%80%8e-abbey-road\/#breadcrumb","itemListElement":[{"@type":"ListItem","position":1,"name":"Home","item":"https:\/\/vinilozona.lt\/"},{"@type":"ListItem","position":2,"name":"Parduotuv\u0117","item":"https:\/\/vinilozona.lt\/parduotuve\/"},{"@type":"ListItem","position":3,"name":"Beatles \u200e\u2013 Abbey Road"}]},{"@type":"WebSite","@id":"https:\/\/vinilozona.lt\/#website","url":"https:\/\/vinilozona.lt\/","name":"Vinilo Zona","description":"Nup\u016bsk dulkes ir klausyk LP","potentialAction":[{"@type":"SearchAction","target":{"@type":"EntryPoint","urlTemplate":"https:\/\/vinilozona.lt\/?s={search_term_string}"},"query-input":{"@type":"PropertyValueSpecification","valueRequired":true,"valueName":"search_term_string"}}],"inLanguage":"en-GB"}]}},"_links":{"self":[{"href":"https:\/\/vinilozona.lt\/en\/wp-json\/wp\/v2\/product\/10116"}],"collection":[{"href":"https:\/\/vinilozona.lt\/en\/wp-json\/wp\/v2\/product"}],"about":[{"href":"https:\/\/vinilozona.lt\/en\/wp-json\/wp\/v2\/types\/product"}],"wp:featuredmedia":[{"embeddable":true,"href":"https:\/\/vinilozona.lt\/en\/wp-json\/wp\/v2\/media\/26732"}],"wp:attachment":[{"href":"https:\/\/vinilozona.lt\/en\/wp-json\/wp\/v2\/media?parent=10116"}],"wp:term":[{"taxonomy":"product_cat","embeddable":true,"href":"https:\/\/vinilozona.lt\/en\/wp-json\/wp\/v2\/product_cat?post=10116"},{"taxonomy":"product_tag","embeddable":true,"href":"https:\/\/vinilozona.lt\/en\/wp-json\/wp\/v2\/product_tag?post=10116"}],"curies":[{"name":"wp","href":"https:\/\/api.w.org\/{rel}","templated":true}]}}