{"id":10066,"date":"2021-02-25T13:00:19","date_gmt":"2021-02-25T11:00:19","guid":{"rendered":"https:\/\/vinilozona.lt\/?post_type=product&#038;p=10066"},"modified":"2021-08-01T12:26:19","modified_gmt":"2021-08-01T09:26:19","slug":"simon-garfunkel-%e2%80%8e-bookends","status":"publish","type":"product","link":"https:\/\/vinilozona.lt\/en\/parduotuve\/rock-pop\/simon-garfunkel-%e2%80%8e-bookends\/","title":{"rendered":"Simon &#038; Garfunkel \u200e\u2013 Bookends"},"content":{"rendered":"<p>A1 \tBookends Theme (Instrumental)<br \/>\nA2 \tSave The Life Of My Child<br \/>\nA3 \tAmerica<br \/>\nA4 \tOvers<br \/>\nA5 \tVoices Of Old People<br \/>\nA6 \tOld Friends<br \/>\nA7 \tBookends Theme<br \/>\nB1 \tFakin&#8217; It<br \/>\nB2 \tPunky&#8217;s Dilemma<br \/>\nB3 \tMrs. Robinson (From The Motion Picture &#8222;The Graduate&#8221;)<br \/>\nB4 \tA Hazy Shade Of Winter<br \/>\nB5 \tAt The Zoo<\/p>","protected":false},"excerpt":{"rendered":"<p>S 63101<\/p>","protected":false},"featured_media":10070,"template":"","meta":[],"product_cat":[15],"product_tag":[44],"yoast_head":"<!-- This site is optimized with the Yoast SEO plugin v23.5 - https:\/\/yoast.com\/wordpress\/plugins\/seo\/ -->\n<title>Simon &amp; Garfunkel \u200e\u2013 Bookends Vinilin\u0117 Plok\u0161tel\u0117 | Vinilozona.lt<\/title>\n<meta name=\"robots\" content=\"index, follow, max-snippet:-1, max-image-preview:large, max-video-preview:-1\" \/>\n<link rel=\"canonical\" href=\"https:\/\/vinilozona.lt\/en\/parduotuve\/rock-pop\/simon-garfunkel-\u200e-bookends\/\" \/>\n<meta property=\"og:locale\" content=\"en_GB\" \/>\n<meta property=\"og:type\" content=\"article\" \/>\n<meta property=\"og:title\" content=\"Simon &amp; Garfunkel \u200e\u2013 Bookends Vinilin\u0117 Plok\u0161tel\u0117 | Vinilozona.lt\" \/>\n<meta property=\"og:description\" content=\"S 63101\" \/>\n<meta property=\"og:url\" content=\"https:\/\/vinilozona.lt\/en\/parduotuve\/rock-pop\/simon-garfunkel-\u200e-bookends\/\" \/>\n<meta property=\"og:site_name\" content=\"Vinilo Zona\" \/>\n<meta property=\"article:modified_time\" content=\"2021-08-01T09:26:19+00:00\" \/>\n<meta property=\"og:image\" content=\"https:\/\/vinilozona.lt\/wp-content\/uploads\/2020\/05\/R-5646719-1398871459-1871.jpeg.jpg\" \/>\n\t<meta property=\"og:image:width\" content=\"300\" \/>\n\t<meta property=\"og:image:height\" content=\"300\" \/>\n\t<meta property=\"og:image:type\" content=\"image\/jpeg\" \/>\n<meta name=\"twitter:card\" content=\"summary_large_image\" \/>\n<script type=\"application\/ld+json\" class=\"yoast-schema-graph\">{\"@context\":\"https:\/\/schema.org\",\"@graph\":[{\"@type\":\"WebPage\",\"@id\":\"https:\/\/vinilozona.lt\/en\/parduotuve\/rock-pop\/simon-garfunkel-%e2%80%8e-bookends\/\",\"url\":\"https:\/\/vinilozona.lt\/en\/parduotuve\/rock-pop\/simon-garfunkel-%e2%80%8e-bookends\/\",\"name\":\"Simon & Garfunkel \u200e\u2013 Bookends Vinilin\u0117 Plok\u0161tel\u0117 | Vinilozona.lt\",\"isPartOf\":{\"@id\":\"https:\/\/vinilozona.lt\/#website\"},\"primaryImageOfPage\":{\"@id\":\"https:\/\/vinilozona.lt\/en\/parduotuve\/rock-pop\/simon-garfunkel-%e2%80%8e-bookends\/#primaryimage\"},\"image\":{\"@id\":\"https:\/\/vinilozona.lt\/en\/parduotuve\/rock-pop\/simon-garfunkel-%e2%80%8e-bookends\/#primaryimage\"},\"thumbnailUrl\":\"https:\/\/vinilozona.lt\/wp-content\/uploads\/2020\/05\/R-5646719-1398871459-1871.jpeg.jpg\",\"datePublished\":\"2021-02-25T11:00:19+00:00\",\"dateModified\":\"2021-08-01T09:26:19+00:00\",\"breadcrumb\":{\"@id\":\"https:\/\/vinilozona.lt\/en\/parduotuve\/rock-pop\/simon-garfunkel-%e2%80%8e-bookends\/#breadcrumb\"},\"inLanguage\":\"en-GB\",\"potentialAction\":[{\"@type\":\"ReadAction\",\"target\":[\"https:\/\/vinilozona.lt\/en\/parduotuve\/rock-pop\/simon-garfunkel-%e2%80%8e-bookends\/\"]}]},{\"@type\":\"ImageObject\",\"inLanguage\":\"en-GB\",\"@id\":\"https:\/\/vinilozona.lt\/en\/parduotuve\/rock-pop\/simon-garfunkel-%e2%80%8e-bookends\/#primaryimage\",\"url\":\"https:\/\/vinilozona.lt\/wp-content\/uploads\/2020\/05\/R-5646719-1398871459-1871.jpeg.jpg\",\"contentUrl\":\"https:\/\/vinilozona.lt\/wp-content\/uploads\/2020\/05\/R-5646719-1398871459-1871.jpeg.jpg\",\"width\":300,\"height\":300},{\"@type\":\"BreadcrumbList\",\"@id\":\"https:\/\/vinilozona.lt\/en\/parduotuve\/rock-pop\/simon-garfunkel-%e2%80%8e-bookends\/#breadcrumb\",\"itemListElement\":[{\"@type\":\"ListItem\",\"position\":1,\"name\":\"Home\",\"item\":\"https:\/\/vinilozona.lt\/\"},{\"@type\":\"ListItem\",\"position\":2,\"name\":\"Parduotuv\u0117\",\"item\":\"https:\/\/vinilozona.lt\/parduotuve\/\"},{\"@type\":\"ListItem\",\"position\":3,\"name\":\"Simon &#038; Garfunkel \u200e\u2013 Bookends\"}]},{\"@type\":\"WebSite\",\"@id\":\"https:\/\/vinilozona.lt\/#website\",\"url\":\"https:\/\/vinilozona.lt\/\",\"name\":\"Vinilo Zona\",\"description\":\"Nup\u016bsk dulkes ir klausyk LP\",\"potentialAction\":[{\"@type\":\"SearchAction\",\"target\":{\"@type\":\"EntryPoint\",\"urlTemplate\":\"https:\/\/vinilozona.lt\/?s={search_term_string}\"},\"query-input\":{\"@type\":\"PropertyValueSpecification\",\"valueRequired\":true,\"valueName\":\"search_term_string\"}}],\"inLanguage\":\"en-GB\"}]}<\/script>\n<!-- \/ Yoast SEO plugin. -->","yoast_head_json":{"title":"Simon & Garfunkel \u200e\u2013 Bookends Vinilin\u0117 Plok\u0161tel\u0117 | Vinilozona.lt","robots":{"index":"index","follow":"follow","max-snippet":"max-snippet:-1","max-image-preview":"max-image-preview:large","max-video-preview":"max-video-preview:-1"},"canonical":"https:\/\/vinilozona.lt\/en\/parduotuve\/rock-pop\/simon-garfunkel-\u200e-bookends\/","og_locale":"en_GB","og_type":"article","og_title":"Simon & Garfunkel \u200e\u2013 Bookends Vinilin\u0117 Plok\u0161tel\u0117 | Vinilozona.lt","og_description":"S 63101","og_url":"https:\/\/vinilozona.lt\/en\/parduotuve\/rock-pop\/simon-garfunkel-\u200e-bookends\/","og_site_name":"Vinilo Zona","article_modified_time":"2021-08-01T09:26:19+00:00","og_image":[{"width":300,"height":300,"url":"https:\/\/vinilozona.lt\/wp-content\/uploads\/2020\/05\/R-5646719-1398871459-1871.jpeg.jpg","type":"image\/jpeg"}],"twitter_card":"summary_large_image","schema":{"@context":"https:\/\/schema.org","@graph":[{"@type":"WebPage","@id":"https:\/\/vinilozona.lt\/en\/parduotuve\/rock-pop\/simon-garfunkel-%e2%80%8e-bookends\/","url":"https:\/\/vinilozona.lt\/en\/parduotuve\/rock-pop\/simon-garfunkel-%e2%80%8e-bookends\/","name":"Simon & Garfunkel \u200e\u2013 Bookends Vinilin\u0117 Plok\u0161tel\u0117 | Vinilozona.lt","isPartOf":{"@id":"https:\/\/vinilozona.lt\/#website"},"primaryImageOfPage":{"@id":"https:\/\/vinilozona.lt\/en\/parduotuve\/rock-pop\/simon-garfunkel-%e2%80%8e-bookends\/#primaryimage"},"image":{"@id":"https:\/\/vinilozona.lt\/en\/parduotuve\/rock-pop\/simon-garfunkel-%e2%80%8e-bookends\/#primaryimage"},"thumbnailUrl":"https:\/\/vinilozona.lt\/wp-content\/uploads\/2020\/05\/R-5646719-1398871459-1871.jpeg.jpg","datePublished":"2021-02-25T11:00:19+00:00","dateModified":"2021-08-01T09:26:19+00:00","breadcrumb":{"@id":"https:\/\/vinilozona.lt\/en\/parduotuve\/rock-pop\/simon-garfunkel-%e2%80%8e-bookends\/#breadcrumb"},"inLanguage":"en-GB","potentialAction":[{"@type":"ReadAction","target":["https:\/\/vinilozona.lt\/en\/parduotuve\/rock-pop\/simon-garfunkel-%e2%80%8e-bookends\/"]}]},{"@type":"ImageObject","inLanguage":"en-GB","@id":"https:\/\/vinilozona.lt\/en\/parduotuve\/rock-pop\/simon-garfunkel-%e2%80%8e-bookends\/#primaryimage","url":"https:\/\/vinilozona.lt\/wp-content\/uploads\/2020\/05\/R-5646719-1398871459-1871.jpeg.jpg","contentUrl":"https:\/\/vinilozona.lt\/wp-content\/uploads\/2020\/05\/R-5646719-1398871459-1871.jpeg.jpg","width":300,"height":300},{"@type":"BreadcrumbList","@id":"https:\/\/vinilozona.lt\/en\/parduotuve\/rock-pop\/simon-garfunkel-%e2%80%8e-bookends\/#breadcrumb","itemListElement":[{"@type":"ListItem","position":1,"name":"Home","item":"https:\/\/vinilozona.lt\/"},{"@type":"ListItem","position":2,"name":"Parduotuv\u0117","item":"https:\/\/vinilozona.lt\/parduotuve\/"},{"@type":"ListItem","position":3,"name":"Simon &#038; Garfunkel \u200e\u2013 Bookends"}]},{"@type":"WebSite","@id":"https:\/\/vinilozona.lt\/#website","url":"https:\/\/vinilozona.lt\/","name":"Vinilo Zona","description":"Nup\u016bsk dulkes ir klausyk LP","potentialAction":[{"@type":"SearchAction","target":{"@type":"EntryPoint","urlTemplate":"https:\/\/vinilozona.lt\/?s={search_term_string}"},"query-input":{"@type":"PropertyValueSpecification","valueRequired":true,"valueName":"search_term_string"}}],"inLanguage":"en-GB"}]}},"_links":{"self":[{"href":"https:\/\/vinilozona.lt\/en\/wp-json\/wp\/v2\/product\/10066"}],"collection":[{"href":"https:\/\/vinilozona.lt\/en\/wp-json\/wp\/v2\/product"}],"about":[{"href":"https:\/\/vinilozona.lt\/en\/wp-json\/wp\/v2\/types\/product"}],"wp:featuredmedia":[{"embeddable":true,"href":"https:\/\/vinilozona.lt\/en\/wp-json\/wp\/v2\/media\/10070"}],"wp:attachment":[{"href":"https:\/\/vinilozona.lt\/en\/wp-json\/wp\/v2\/media?parent=10066"}],"wp:term":[{"taxonomy":"product_cat","embeddable":true,"href":"https:\/\/vinilozona.lt\/en\/wp-json\/wp\/v2\/product_cat?post=10066"},{"taxonomy":"product_tag","embeddable":true,"href":"https:\/\/vinilozona.lt\/en\/wp-json\/wp\/v2\/product_tag?post=10066"}],"curies":[{"name":"wp","href":"https:\/\/api.w.org\/{rel}","templated":true}]}}