{"id":42,"date":"2019-10-26T16:13:59","date_gmt":"2019-10-26T13:13:59","guid":{"rendered":"https:\/\/vinylhome.lt\/?page_id=42"},"modified":"2019-10-26T16:13:59","modified_gmt":"2019-10-26T13:13:59","slug":"ploksteliu-supirkimas","status":"publish","type":"page","link":"https:\/\/vinilozona.lt\/en\/ploksteliu-supirkimas\/","title":{"rendered":"Purchase of plates"},"content":{"rendered":"<p style=\"text-align:left\">You have an obsolete collection of records, you have found parents &#039;or relatives&#039; records in the basement - offer them to the Vinyl ZONE. Contact us or send photos: info@vinilozona.lt We will evaluate your collection for sale and offer the most attractive price.<\/p>","protected":false},"excerpt":{"rendered":"<p>You have an obsolete collection of records, you have found parents &#039;or relatives&#039; records in the basement - offer them to the Vinyl ZONE. Contact us or send photos: info@vinilozona.lt We will evaluate your collection for sale and offer the most attractive price.<\/p>","protected":false},"author":1,"featured_media":0,"parent":0,"menu_order":0,"comment_status":"closed","ping_status":"closed","template":"","meta":{"footnotes":""},"yoast_head":"<!-- This site is optimized with the Yoast SEO plugin v23.5 - https:\/\/yoast.com\/wordpress\/plugins\/seo\/ -->\n<title>Plok\u0161teli\u0173 supirkimas - Vinilo Zona<\/title>\n<meta name=\"robots\" content=\"index, follow, max-snippet:-1, max-image-preview:large, max-video-preview:-1\" \/>\n<link rel=\"canonical\" href=\"https:\/\/vinilozona.lt\/en\/ploksteliu-supirkimas\/\" \/>\n<meta property=\"og:locale\" content=\"en_GB\" \/>\n<meta property=\"og:type\" content=\"article\" \/>\n<meta property=\"og:title\" content=\"Plok\u0161teli\u0173 supirkimas - Vinilo Zona\" \/>\n<meta property=\"og:description\" content=\"Turite nebeklausom\u0105 plok\u0161teli\u0173 kolekcij\u0105, radote r\u016bsyje t\u0117v\u0173 ar giminai\u010di\u0173 plok\u0161teles &#8211; pasi\u016blykite jas Vinilo ZONAI. Susisiekite su mumis ar atsi\u0173skite nuotraukas: info@vinilozona.lt Mes \u012fvertinsime J\u016bs\u0173 norim\u0105 parduoti kolekcij\u0105 ir pasi\u016blysime pa\u010di\u0105 patraukliausi\u0105 kain\u0105.\" \/>\n<meta property=\"og:url\" content=\"https:\/\/vinilozona.lt\/en\/ploksteliu-supirkimas\/\" \/>\n<meta property=\"og:site_name\" content=\"Vinilo Zona\" \/>\n<meta name=\"twitter:card\" content=\"summary_large_image\" \/>\n<script type=\"application\/ld+json\" class=\"yoast-schema-graph\">{\"@context\":\"https:\/\/schema.org\",\"@graph\":[{\"@type\":\"WebPage\",\"@id\":\"https:\/\/vinilozona.lt\/ploksteliu-supirkimas\/\",\"url\":\"https:\/\/vinilozona.lt\/ploksteliu-supirkimas\/\",\"name\":\"Plok\u0161teli\u0173 supirkimas - Vinilo Zona\",\"isPartOf\":{\"@id\":\"https:\/\/vinilozona.lt\/#website\"},\"datePublished\":\"2019-10-26T13:13:59+00:00\",\"dateModified\":\"2019-10-26T13:13:59+00:00\",\"breadcrumb\":{\"@id\":\"https:\/\/vinilozona.lt\/ploksteliu-supirkimas\/#breadcrumb\"},\"inLanguage\":\"en-GB\",\"potentialAction\":[{\"@type\":\"ReadAction\",\"target\":[\"https:\/\/vinilozona.lt\/ploksteliu-supirkimas\/\"]}]},{\"@type\":\"BreadcrumbList\",\"@id\":\"https:\/\/vinilozona.lt\/ploksteliu-supirkimas\/#breadcrumb\",\"itemListElement\":[{\"@type\":\"ListItem\",\"position\":1,\"name\":\"Home\",\"item\":\"https:\/\/vinilozona.lt\/\"},{\"@type\":\"ListItem\",\"position\":2,\"name\":\"Plok\u0161teli\u0173 supirkimas\"}]},{\"@type\":\"WebSite\",\"@id\":\"https:\/\/vinilozona.lt\/#website\",\"url\":\"https:\/\/vinilozona.lt\/\",\"name\":\"Vinilo Zona\",\"description\":\"Nup\u016bsk dulkes ir klausyk LP\",\"potentialAction\":[{\"@type\":\"SearchAction\",\"target\":{\"@type\":\"EntryPoint\",\"urlTemplate\":\"https:\/\/vinilozona.lt\/?s={search_term_string}\"},\"query-input\":{\"@type\":\"PropertyValueSpecification\",\"valueRequired\":true,\"valueName\":\"search_term_string\"}}],\"inLanguage\":\"en-GB\"}]}<\/script>\n<!-- \/ Yoast SEO plugin. -->","yoast_head_json":{"title":"Plok\u0161teli\u0173 supirkimas - Vinilo Zona","robots":{"index":"index","follow":"follow","max-snippet":"max-snippet:-1","max-image-preview":"max-image-preview:large","max-video-preview":"max-video-preview:-1"},"canonical":"https:\/\/vinilozona.lt\/en\/ploksteliu-supirkimas\/","og_locale":"en_GB","og_type":"article","og_title":"Plok\u0161teli\u0173 supirkimas - Vinilo Zona","og_description":"Turite nebeklausom\u0105 plok\u0161teli\u0173 kolekcij\u0105, radote r\u016bsyje t\u0117v\u0173 ar giminai\u010di\u0173 plok\u0161teles &#8211; pasi\u016blykite jas Vinilo ZONAI. Susisiekite su mumis ar atsi\u0173skite nuotraukas: info@vinilozona.lt Mes \u012fvertinsime J\u016bs\u0173 norim\u0105 parduoti kolekcij\u0105 ir pasi\u016blysime pa\u010di\u0105 patraukliausi\u0105 kain\u0105.","og_url":"https:\/\/vinilozona.lt\/en\/ploksteliu-supirkimas\/","og_site_name":"Vinilo Zona","twitter_card":"summary_large_image","schema":{"@context":"https:\/\/schema.org","@graph":[{"@type":"WebPage","@id":"https:\/\/vinilozona.lt\/ploksteliu-supirkimas\/","url":"https:\/\/vinilozona.lt\/ploksteliu-supirkimas\/","name":"Plok\u0161teli\u0173 supirkimas - Vinilo Zona","isPartOf":{"@id":"https:\/\/vinilozona.lt\/#website"},"datePublished":"2019-10-26T13:13:59+00:00","dateModified":"2019-10-26T13:13:59+00:00","breadcrumb":{"@id":"https:\/\/vinilozona.lt\/ploksteliu-supirkimas\/#breadcrumb"},"inLanguage":"en-GB","potentialAction":[{"@type":"ReadAction","target":["https:\/\/vinilozona.lt\/ploksteliu-supirkimas\/"]}]},{"@type":"BreadcrumbList","@id":"https:\/\/vinilozona.lt\/ploksteliu-supirkimas\/#breadcrumb","itemListElement":[{"@type":"ListItem","position":1,"name":"Home","item":"https:\/\/vinilozona.lt\/"},{"@type":"ListItem","position":2,"name":"Plok\u0161teli\u0173 supirkimas"}]},{"@type":"WebSite","@id":"https:\/\/vinilozona.lt\/#website","url":"https:\/\/vinilozona.lt\/","name":"Vinilo Zona","description":"Nup\u016bsk dulkes ir klausyk LP","potentialAction":[{"@type":"SearchAction","target":{"@type":"EntryPoint","urlTemplate":"https:\/\/vinilozona.lt\/?s={search_term_string}"},"query-input":{"@type":"PropertyValueSpecification","valueRequired":true,"valueName":"search_term_string"}}],"inLanguage":"en-GB"}]}},"_links":{"self":[{"href":"https:\/\/vinilozona.lt\/en\/wp-json\/wp\/v2\/pages\/42"}],"collection":[{"href":"https:\/\/vinilozona.lt\/en\/wp-json\/wp\/v2\/pages"}],"about":[{"href":"https:\/\/vinilozona.lt\/en\/wp-json\/wp\/v2\/types\/page"}],"author":[{"embeddable":true,"href":"https:\/\/vinilozona.lt\/en\/wp-json\/wp\/v2\/users\/1"}],"replies":[{"embeddable":true,"href":"https:\/\/vinilozona.lt\/en\/wp-json\/wp\/v2\/comments?post=42"}],"version-history":[{"count":1,"href":"https:\/\/vinilozona.lt\/en\/wp-json\/wp\/v2\/pages\/42\/revisions"}],"predecessor-version":[{"id":43,"href":"https:\/\/vinilozona.lt\/en\/wp-json\/wp\/v2\/pages\/42\/revisions\/43"}],"wp:attachment":[{"href":"https:\/\/vinilozona.lt\/en\/wp-json\/wp\/v2\/media?parent=42"}],"curies":[{"name":"wp","href":"https:\/\/api.w.org\/{rel}","templated":true}]}}