{"id":39,"date":"2019-10-26T16:11:39","date_gmt":"2019-10-26T13:11:39","guid":{"rendered":"https:\/\/vinylhome.lt\/?page_id=39"},"modified":"2019-10-26T16:11:40","modified_gmt":"2019-10-26T13:11:40","slug":"bendosios-nuostatos","status":"publish","type":"page","link":"https:\/\/vinilozona.lt\/en\/bendosios-nuostatos\/","title":{"rendered":"General provisions"},"content":{"rendered":"<p>Jeigu prek\u0117 tikrai neatitinka el. parduotuv\u0117je pateikto prek\u0117s apra\u0161ymo, jeigu prek\u0117, kuri\u0105 pirk\u0117jas gavo, yra kita negu u\u017esak\u0117, prek\u0119 galima gr\u0105\u017einti. Para\u0161ykite mums el. pa\u0161tu info@vinilozona.lt ir sutarsime d\u0117l gr\u0105\u017einimo detali\u0173.<\/p>\n\n\n\n<p>Vinilo zonoje prastesn\u0117s nei G kokyb\u0117s vinilin\u0117s plok\u0161tel\u0117s NEPARDUODAMOS.<\/p>\n\n\n\n<p>Preki\u0173 apra\u0161ymuose nurodyta vinilin\u0117s plok\u0161tel\u0117s kokyb\u0117 i\u0161d\u0117stoma tokia tvarka: PLOK\u0160TEL\u0116S KOKYB\u0116\/VIR\u0160ELIO KOKYB\u0116.<\/p>\n\n\n\n<p>Visos vinilin\u0117s plok\u0161tel\u0117s yra i\u0161plautos OKKI NOKKI plovimo ma\u0161ina, taip pat j\u0173 b\u016bkl\u0117 vertinama vizualiai bei perklausant ir nuosekliai patikrinant.<\/p>\n\n\n\n<p>E. parduotuv\u0117je patalpintos vinilini\u0173 plok\u0161teli\u0173 nuotraukos yra asociatyvin\u0117s, nebent prek\u0117s apra\u0161yme nurodyta kitaip.<\/p>\n\n\n\n<p>Jeigu turite papildom\u0173 klausim\u0173 d\u0117l vinilin\u0117s plok\u0161tel\u0117s kokyb\u0117s (jos i\u0161vaizdos, garso \u012fra\u0161o kokyb\u0117s ir pan.), susisiekite su mumis, mes galime Jums atsi\u0173sti originalias prek\u0117s nuotraukas, atsakyti \u012f J\u016bs\u0173 klausimus, pateikti pastabas bei rekomendacijas.<\/p>\n\n\n\n<p>Jeigu Vinilo zonoje neradote plok\u0161tel\u0117s, kurios ie\u0161kojote, ra\u0161ykite mums ir mes pad\u0117sime Jums j\u0105 surasti!<\/p>","protected":false},"excerpt":{"rendered":"<p>Jeigu prek\u0117 tikrai neatitinka el. parduotuv\u0117je pateikto prek\u0117s apra\u0161ymo, jeigu prek\u0117, kuri\u0105 pirk\u0117jas gavo, yra kita negu u\u017esak\u0117, prek\u0119 galima gr\u0105\u017einti. Para\u0161ykite mums el. pa\u0161tu info@vinilozona.lt ir sutarsime d\u0117l gr\u0105\u017einimo detali\u0173. Vinilo zonoje prastesn\u0117s nei G kokyb\u0117s vinilin\u0117s plok\u0161tel\u0117s NEPARDUODAMOS. Preki\u0173 apra\u0161ymuose nurodyta vinilin\u0117s plok\u0161tel\u0117s kokyb\u0117 i\u0161d\u0117stoma tokia tvarka: PLOK\u0160TEL\u0116S KOKYB\u0116\/VIR\u0160ELIO KOKYB\u0116. Visos vinilin\u0117s plok\u0161tel\u0117s [&#8230;]","protected":false},"author":1,"featured_media":0,"parent":0,"menu_order":0,"comment_status":"closed","ping_status":"closed","template":"","meta":{"footnotes":""},"yoast_head":"<!-- This site is optimized with the Yoast SEO plugin v23.5 - https:\/\/yoast.com\/wordpress\/plugins\/seo\/ -->\n<title>Bendosios nuostatos - Vinilo Zona<\/title>\n<meta name=\"robots\" content=\"index, follow, max-snippet:-1, max-image-preview:large, max-video-preview:-1\" \/>\n<link rel=\"canonical\" href=\"https:\/\/vinilozona.lt\/en\/bendosios-nuostatos\/\" \/>\n<meta property=\"og:locale\" content=\"en_GB\" \/>\n<meta property=\"og:type\" content=\"article\" \/>\n<meta property=\"og:title\" content=\"Bendosios nuostatos - Vinilo Zona\" \/>\n<meta property=\"og:description\" content=\"Jeigu prek\u0117 tikrai neatitinka el. parduotuv\u0117je pateikto prek\u0117s apra\u0161ymo, jeigu prek\u0117, kuri\u0105 pirk\u0117jas gavo, yra kita negu u\u017esak\u0117, prek\u0119 galima gr\u0105\u017einti. Para\u0161ykite mums el. pa\u0161tu info@vinilozona.lt ir sutarsime d\u0117l gr\u0105\u017einimo detali\u0173. Vinilo zonoje prastesn\u0117s nei G kokyb\u0117s vinilin\u0117s plok\u0161tel\u0117s NEPARDUODAMOS. Preki\u0173 apra\u0161ymuose nurodyta vinilin\u0117s plok\u0161tel\u0117s kokyb\u0117 i\u0161d\u0117stoma tokia tvarka: PLOK\u0160TEL\u0116S KOKYB\u0116\/VIR\u0160ELIO KOKYB\u0116. Visos vinilin\u0117s plok\u0161tel\u0117s [...]\" \/>\n<meta property=\"og:url\" content=\"https:\/\/vinilozona.lt\/en\/bendosios-nuostatos\/\" \/>\n<meta property=\"og:site_name\" content=\"Vinilo Zona\" \/>\n<meta property=\"article:modified_time\" content=\"2019-10-26T13:11:40+00:00\" \/>\n<meta name=\"twitter:card\" content=\"summary_large_image\" \/>\n<meta name=\"twitter:label1\" content=\"Estimated reading time\" \/>\n\t<meta name=\"twitter:data1\" content=\"1 minute\" \/>\n<script type=\"application\/ld+json\" class=\"yoast-schema-graph\">{\"@context\":\"https:\/\/schema.org\",\"@graph\":[{\"@type\":\"WebPage\",\"@id\":\"https:\/\/vinilozona.lt\/bendosios-nuostatos\/\",\"url\":\"https:\/\/vinilozona.lt\/bendosios-nuostatos\/\",\"name\":\"Bendosios nuostatos - Vinilo Zona\",\"isPartOf\":{\"@id\":\"https:\/\/vinilozona.lt\/#website\"},\"datePublished\":\"2019-10-26T13:11:39+00:00\",\"dateModified\":\"2019-10-26T13:11:40+00:00\",\"breadcrumb\":{\"@id\":\"https:\/\/vinilozona.lt\/bendosios-nuostatos\/#breadcrumb\"},\"inLanguage\":\"en-GB\",\"potentialAction\":[{\"@type\":\"ReadAction\",\"target\":[\"https:\/\/vinilozona.lt\/bendosios-nuostatos\/\"]}]},{\"@type\":\"BreadcrumbList\",\"@id\":\"https:\/\/vinilozona.lt\/bendosios-nuostatos\/#breadcrumb\",\"itemListElement\":[{\"@type\":\"ListItem\",\"position\":1,\"name\":\"Home\",\"item\":\"https:\/\/vinilozona.lt\/\"},{\"@type\":\"ListItem\",\"position\":2,\"name\":\"Bendosios nuostatos\"}]},{\"@type\":\"WebSite\",\"@id\":\"https:\/\/vinilozona.lt\/#website\",\"url\":\"https:\/\/vinilozona.lt\/\",\"name\":\"Vinilo Zona\",\"description\":\"Nup\u016bsk dulkes ir klausyk LP\",\"potentialAction\":[{\"@type\":\"SearchAction\",\"target\":{\"@type\":\"EntryPoint\",\"urlTemplate\":\"https:\/\/vinilozona.lt\/?s={search_term_string}\"},\"query-input\":{\"@type\":\"PropertyValueSpecification\",\"valueRequired\":true,\"valueName\":\"search_term_string\"}}],\"inLanguage\":\"en-GB\"}]}<\/script>\n<!-- \/ Yoast SEO plugin. -->","yoast_head_json":{"title":"Bendosios nuostatos - Vinilo Zona","robots":{"index":"index","follow":"follow","max-snippet":"max-snippet:-1","max-image-preview":"max-image-preview:large","max-video-preview":"max-video-preview:-1"},"canonical":"https:\/\/vinilozona.lt\/en\/bendosios-nuostatos\/","og_locale":"en_GB","og_type":"article","og_title":"Bendosios nuostatos - Vinilo Zona","og_description":"Jeigu prek\u0117 tikrai neatitinka el. parduotuv\u0117je pateikto prek\u0117s apra\u0161ymo, jeigu prek\u0117, kuri\u0105 pirk\u0117jas gavo, yra kita negu u\u017esak\u0117, prek\u0119 galima gr\u0105\u017einti. Para\u0161ykite mums el. pa\u0161tu info@vinilozona.lt ir sutarsime d\u0117l gr\u0105\u017einimo detali\u0173. Vinilo zonoje prastesn\u0117s nei G kokyb\u0117s vinilin\u0117s plok\u0161tel\u0117s NEPARDUODAMOS. Preki\u0173 apra\u0161ymuose nurodyta vinilin\u0117s plok\u0161tel\u0117s kokyb\u0117 i\u0161d\u0117stoma tokia tvarka: PLOK\u0160TEL\u0116S KOKYB\u0116\/VIR\u0160ELIO KOKYB\u0116. Visos vinilin\u0117s plok\u0161tel\u0117s [...]","og_url":"https:\/\/vinilozona.lt\/en\/bendosios-nuostatos\/","og_site_name":"Vinilo Zona","article_modified_time":"2019-10-26T13:11:40+00:00","twitter_card":"summary_large_image","twitter_misc":{"Estimated reading time":"1 minute"},"schema":{"@context":"https:\/\/schema.org","@graph":[{"@type":"WebPage","@id":"https:\/\/vinilozona.lt\/bendosios-nuostatos\/","url":"https:\/\/vinilozona.lt\/bendosios-nuostatos\/","name":"Bendosios nuostatos - Vinilo Zona","isPartOf":{"@id":"https:\/\/vinilozona.lt\/#website"},"datePublished":"2019-10-26T13:11:39+00:00","dateModified":"2019-10-26T13:11:40+00:00","breadcrumb":{"@id":"https:\/\/vinilozona.lt\/bendosios-nuostatos\/#breadcrumb"},"inLanguage":"en-GB","potentialAction":[{"@type":"ReadAction","target":["https:\/\/vinilozona.lt\/bendosios-nuostatos\/"]}]},{"@type":"BreadcrumbList","@id":"https:\/\/vinilozona.lt\/bendosios-nuostatos\/#breadcrumb","itemListElement":[{"@type":"ListItem","position":1,"name":"Home","item":"https:\/\/vinilozona.lt\/"},{"@type":"ListItem","position":2,"name":"Bendosios nuostatos"}]},{"@type":"WebSite","@id":"https:\/\/vinilozona.lt\/#website","url":"https:\/\/vinilozona.lt\/","name":"Vinilo Zona","description":"Nup\u016bsk dulkes ir klausyk LP","potentialAction":[{"@type":"SearchAction","target":{"@type":"EntryPoint","urlTemplate":"https:\/\/vinilozona.lt\/?s={search_term_string}"},"query-input":{"@type":"PropertyValueSpecification","valueRequired":true,"valueName":"search_term_string"}}],"inLanguage":"en-GB"}]}},"_links":{"self":[{"href":"https:\/\/vinilozona.lt\/en\/wp-json\/wp\/v2\/pages\/39"}],"collection":[{"href":"https:\/\/vinilozona.lt\/en\/wp-json\/wp\/v2\/pages"}],"about":[{"href":"https:\/\/vinilozona.lt\/en\/wp-json\/wp\/v2\/types\/page"}],"author":[{"embeddable":true,"href":"https:\/\/vinilozona.lt\/en\/wp-json\/wp\/v2\/users\/1"}],"replies":[{"embeddable":true,"href":"https:\/\/vinilozona.lt\/en\/wp-json\/wp\/v2\/comments?post=39"}],"version-history":[{"count":1,"href":"https:\/\/vinilozona.lt\/en\/wp-json\/wp\/v2\/pages\/39\/revisions"}],"predecessor-version":[{"id":41,"href":"https:\/\/vinilozona.lt\/en\/wp-json\/wp\/v2\/pages\/39\/revisions\/41"}],"wp:attachment":[{"href":"https:\/\/vinilozona.lt\/en\/wp-json\/wp\/v2\/media?parent=39"}],"curies":[{"name":"wp","href":"https:\/\/api.w.org\/{rel}","templated":true}]}}