{"id":37,"date":"2019-10-26T16:10:42","date_gmt":"2019-10-26T13:10:42","guid":{"rendered":"https:\/\/vinylhome.lt\/?page_id=37"},"modified":"2019-10-26T16:10:43","modified_gmt":"2019-10-26T13:10:43","slug":"viniliniu-ploksteliu-kokybes-aprasymas","status":"publish","type":"page","link":"https:\/\/vinilozona.lt\/en\/viniliniu-ploksteliu-kokybes-aprasymas\/","title":{"rendered":"Vinilini\u0173 plok\u0161teli\u0173 kokyb\u0117s apra\u0161ymas"},"content":{"rendered":"<p>Vinilo zonoje prek\u0117s vertinamos pagal \u0161iuos kokyb\u0117s principus:<\/p>\n\n\n\n<ul><li><strong>MINT (M)<br><\/strong><\/li><\/ul>\n\n\n\n<p>Kokyb\u0117 yra ideali visais at\u017evilgiais. Grei\u010diausiai vinilin\u0117 plok\u0161tel\u0117 nebuvo klausyta, galb\u016bt vis dar \u012fpakuota.<\/p>\n\n\n\n<ul><li><strong>NM arba M-<br><\/strong><\/li><\/ul>\n\n\n\n<p>Beveik ideali kokyb\u0117. Grei\u010diausiai niekada nebuvo naudota, vinilin\u0117 plok\u0161tel\u0117 gros puikiai, be garso atk\u016brimo defekt\u0173. \u012era\u0161e nebus ai\u0161ki\u0173 nusid\u0117v\u0117jimo po\u017eymi\u0173. Vinilin\u0117s plok\u0161tel\u0117s vir\u0161elis nebus susirauk\u0161l\u0117j\u0119s, skyl\u0117tas, prakirptas ir netur\u0117s kitoki\u0173 pana\u0161i\u0173 defekt\u0173. Tai galioja ir vidiniams vokams, kitiems priedams (plakatams, dain\u0173 tekst\u0173 lapams ir pan.).<\/p>\n\n\n\n<ul><li><strong>VG +<br><\/strong><\/li><\/ul>\n\n\n\n<p>VG+ \u012fra\u0161u pa\u017eym\u0117ta vinilin\u0117 plok\u0161tel\u0117 tur\u0117s po\u017eymi\u0173, jog ji buvo grota ar kitaip naudota ankstesni\u0173 jos \u0161eiminink\u0173. Defektai tur\u0117t\u0173 b\u016bti daugiau kosmetinio pob\u016bd\u017eio, ne\u012ftakojantys faktinio garso atk\u016brimo kaip visumos. Vinilin\u0117 plok\u0161tel\u0117 gali b\u016bti nusid\u0117v\u0117jusi, t. y. gali tur\u0117ti nedideli\u0173 \u012fbr\u0117\u017eim\u0173 ar labai lengv\u0173 \u012fbr\u0117\u017eim\u0173, kurie neturi \u012ftakos \u012fra\u0161o klausymuisi. Vinilin\u0117s plok\u0161tel\u0117s vir\u0161elis gali tur\u0117ti apval\u0173 plok\u0161tel\u0117s formos \u012fspaud\u0105 ar jo spalva gali b\u016bti pakitusi, ta\u010diau \u0161ie po\u017eymiai n\u0117ra akivaizd\u017eiai pastebimi. Taip pat galimi matyti br\u016bk\u0161niai. Vinilin\u0117s plok\u0161tel\u0117s \u012fd\u0117klai gali b\u016bti \u0161iek tiek nusid\u0117v\u0117j\u0119: lengvai u\u017elenkti kampeliai ar matomi ne\u017eym\u016bs \u012ftr\u016bkimai. I\u0161orinis vokas gali b\u016bti \u012fkirptas, \u012fbr\u0117\u017etas ar be kampelio. Jeigu ne \u0161ie nusid\u0117v\u0117jimo po\u017eymiai, kokyb\u0117 b\u016bt\u0173 NM.<\/p>\n\n\n\n<ul><li><strong>VG<br><\/strong><\/li><\/ul>\n\n\n\n<p>Daugelis VG + \u012fra\u0161e esan\u010di\u0173 defekt\u0173 bus ai\u0161kiau pastebimi VG kokyb\u0117s plok\u0161tel\u0117je. Grojant \u012fra\u0161ui akivaizd\u017eiau gird\u0117sis \u012fra\u0161o defektas-papildomas triuk\u0161mas, ypa\u010d dainos prad\u017eioje (intro) ir garso su\u0161veln\u0117jimo (fade) metu, ta\u010diau kitaip garso \u012fra\u0161o ne\u012ftakos ir neapsunkins. Garsas ne\u0161varus ir nusid\u0117v\u0117j\u0119s, plok\u0161tel\u0117 turi \u0161velni\u0173 \u012fbr\u0117\u017eim\u0173 (pakankamai gili\u0173, kad jaust\u0173si palietus pir\u0161tu), kurie turi \u012ftakos garsui. Etiket\u0117 (plok\u0161tel\u0117s vidurys) gali b\u016bti prira\u0161in\u0117ti, ant j\u0173 gali b\u016bti priklijuota lipduk\u0173 ar j\u0173 dali\u0173. Tas pats pasakytina ir apie vidinius bei i\u0161orinius vokus. Ta\u010diau vinilin\u0117 plok\u0161tel\u0117 gali netur\u0117ti vis\u0173 \u0161i\u0173 defekt\u0173 vienu kartu.<\/p>\n\n\n\n<ul><li><strong>G\/G +<br><\/strong><\/li><\/ul>\n\n\n\n<p>G arba G+ b\u016bkl\u0117s \u012fra\u0161as groja be per\u0161okin\u0117jim\u0173, ta\u010diau girdimas didelis pavir\u0161inis triuk\u0161mas, plok\u0161tel\u0117je yra \u012fbr\u0117\u017eim\u0173 ir nusid\u0117v\u0117jim\u0173 (groove wear). Vir\u0161elis ar vidinis vokas gali b\u016bti apdraskyti, ypa\u010d apa\u010dioje arba \u0161onuose. Matomi apra\u0161in\u0117jimai, plok\u0161tel\u0117s formos \u017eiedo \u012fspaudas ar kiti defektai.<\/p>\n\n\n\n<ul><li><strong>P, F<br><\/strong><\/li><\/ul>\n\n\n\n<p>Plok\u0161tel\u0117 yra \u012ftr\u016bkusi, deformuota ir grojimo metu yra garso pasikartojim\u0173, nutr\u016bkim\u0173. Plok\u0161tel\u0117s \u012fd\u0117klai yra sugadinti vandeniu, suply\u0161\u0119, labai pa\u017eeisti, apra\u0161in\u0117ti. Vidinis vokas yra suply\u0161\u0119s, sulamdytas ir apra\u0161in\u0117tas.<\/p>","protected":false},"excerpt":{"rendered":"<p>Vinilo zonoje prek\u0117s vertinamos pagal \u0161iuos kokyb\u0117s principus: MINT (M) Kokyb\u0117 yra ideali visais at\u017evilgiais. Grei\u010diausiai vinilin\u0117 plok\u0161tel\u0117 nebuvo klausyta, galb\u016bt vis dar \u012fpakuota. NM arba M- Beveik ideali kokyb\u0117. Grei\u010diausiai niekada nebuvo naudota, vinilin\u0117 plok\u0161tel\u0117 gros puikiai, be garso atk\u016brimo defekt\u0173. \u012era\u0161e nebus ai\u0161ki\u0173 nusid\u0117v\u0117jimo po\u017eymi\u0173. Vinilin\u0117s plok\u0161tel\u0117s vir\u0161elis nebus susirauk\u0161l\u0117j\u0119s, skyl\u0117tas, prakirptas ir [&#8230;]","protected":false},"author":1,"featured_media":0,"parent":0,"menu_order":0,"comment_status":"closed","ping_status":"closed","template":"","meta":{"footnotes":""},"yoast_head":"<!-- This site is optimized with the Yoast SEO plugin v23.5 - https:\/\/yoast.com\/wordpress\/plugins\/seo\/ -->\n<title>Vinilini\u0173 plok\u0161teli\u0173 kokyb\u0117s apra\u0161ymas - Vinilo Zona<\/title>\n<meta name=\"robots\" content=\"index, follow, max-snippet:-1, max-image-preview:large, max-video-preview:-1\" \/>\n<link rel=\"canonical\" href=\"https:\/\/vinilozona.lt\/en\/viniliniu-ploksteliu-kokybes-aprasymas\/\" \/>\n<meta property=\"og:locale\" content=\"en_GB\" \/>\n<meta property=\"og:type\" content=\"article\" \/>\n<meta property=\"og:title\" content=\"Vinilini\u0173 plok\u0161teli\u0173 kokyb\u0117s apra\u0161ymas - Vinilo Zona\" \/>\n<meta property=\"og:description\" content=\"Vinilo zonoje prek\u0117s vertinamos pagal \u0161iuos kokyb\u0117s principus: MINT (M) Kokyb\u0117 yra ideali visais at\u017evilgiais. Grei\u010diausiai vinilin\u0117 plok\u0161tel\u0117 nebuvo klausyta, galb\u016bt vis dar \u012fpakuota. NM arba M- Beveik ideali kokyb\u0117. Grei\u010diausiai niekada nebuvo naudota, vinilin\u0117 plok\u0161tel\u0117 gros puikiai, be garso atk\u016brimo defekt\u0173. \u012era\u0161e nebus ai\u0161ki\u0173 nusid\u0117v\u0117jimo po\u017eymi\u0173. Vinilin\u0117s plok\u0161tel\u0117s vir\u0161elis nebus susirauk\u0161l\u0117j\u0119s, skyl\u0117tas, prakirptas ir [...]\" \/>\n<meta property=\"og:url\" content=\"https:\/\/vinilozona.lt\/en\/viniliniu-ploksteliu-kokybes-aprasymas\/\" \/>\n<meta property=\"og:site_name\" content=\"Vinilo Zona\" \/>\n<meta property=\"article:modified_time\" content=\"2019-10-26T13:10:43+00:00\" \/>\n<meta name=\"twitter:card\" content=\"summary_large_image\" \/>\n<meta name=\"twitter:label1\" content=\"Estimated reading time\" \/>\n\t<meta name=\"twitter:data1\" content=\"2 minutes\" \/>\n<script type=\"application\/ld+json\" class=\"yoast-schema-graph\">{\"@context\":\"https:\/\/schema.org\",\"@graph\":[{\"@type\":\"WebPage\",\"@id\":\"https:\/\/vinilozona.lt\/viniliniu-ploksteliu-kokybes-aprasymas\/\",\"url\":\"https:\/\/vinilozona.lt\/viniliniu-ploksteliu-kokybes-aprasymas\/\",\"name\":\"Vinilini\u0173 plok\u0161teli\u0173 kokyb\u0117s apra\u0161ymas - Vinilo Zona\",\"isPartOf\":{\"@id\":\"https:\/\/vinilozona.lt\/#website\"},\"datePublished\":\"2019-10-26T13:10:42+00:00\",\"dateModified\":\"2019-10-26T13:10:43+00:00\",\"breadcrumb\":{\"@id\":\"https:\/\/vinilozona.lt\/viniliniu-ploksteliu-kokybes-aprasymas\/#breadcrumb\"},\"inLanguage\":\"en-GB\",\"potentialAction\":[{\"@type\":\"ReadAction\",\"target\":[\"https:\/\/vinilozona.lt\/viniliniu-ploksteliu-kokybes-aprasymas\/\"]}]},{\"@type\":\"BreadcrumbList\",\"@id\":\"https:\/\/vinilozona.lt\/viniliniu-ploksteliu-kokybes-aprasymas\/#breadcrumb\",\"itemListElement\":[{\"@type\":\"ListItem\",\"position\":1,\"name\":\"Home\",\"item\":\"https:\/\/vinilozona.lt\/\"},{\"@type\":\"ListItem\",\"position\":2,\"name\":\"Vinilini\u0173 plok\u0161teli\u0173 kokyb\u0117s apra\u0161ymas\"}]},{\"@type\":\"WebSite\",\"@id\":\"https:\/\/vinilozona.lt\/#website\",\"url\":\"https:\/\/vinilozona.lt\/\",\"name\":\"Vinilo Zona\",\"description\":\"Nup\u016bsk dulkes ir klausyk LP\",\"potentialAction\":[{\"@type\":\"SearchAction\",\"target\":{\"@type\":\"EntryPoint\",\"urlTemplate\":\"https:\/\/vinilozona.lt\/?s={search_term_string}\"},\"query-input\":{\"@type\":\"PropertyValueSpecification\",\"valueRequired\":true,\"valueName\":\"search_term_string\"}}],\"inLanguage\":\"en-GB\"}]}<\/script>\n<!-- \/ Yoast SEO plugin. -->","yoast_head_json":{"title":"Vinilini\u0173 plok\u0161teli\u0173 kokyb\u0117s apra\u0161ymas - Vinilo Zona","robots":{"index":"index","follow":"follow","max-snippet":"max-snippet:-1","max-image-preview":"max-image-preview:large","max-video-preview":"max-video-preview:-1"},"canonical":"https:\/\/vinilozona.lt\/en\/viniliniu-ploksteliu-kokybes-aprasymas\/","og_locale":"en_GB","og_type":"article","og_title":"Vinilini\u0173 plok\u0161teli\u0173 kokyb\u0117s apra\u0161ymas - Vinilo Zona","og_description":"Vinilo zonoje prek\u0117s vertinamos pagal \u0161iuos kokyb\u0117s principus: MINT (M) Kokyb\u0117 yra ideali visais at\u017evilgiais. Grei\u010diausiai vinilin\u0117 plok\u0161tel\u0117 nebuvo klausyta, galb\u016bt vis dar \u012fpakuota. NM arba M- Beveik ideali kokyb\u0117. Grei\u010diausiai niekada nebuvo naudota, vinilin\u0117 plok\u0161tel\u0117 gros puikiai, be garso atk\u016brimo defekt\u0173. \u012era\u0161e nebus ai\u0161ki\u0173 nusid\u0117v\u0117jimo po\u017eymi\u0173. Vinilin\u0117s plok\u0161tel\u0117s vir\u0161elis nebus susirauk\u0161l\u0117j\u0119s, skyl\u0117tas, prakirptas ir [...]","og_url":"https:\/\/vinilozona.lt\/en\/viniliniu-ploksteliu-kokybes-aprasymas\/","og_site_name":"Vinilo Zona","article_modified_time":"2019-10-26T13:10:43+00:00","twitter_card":"summary_large_image","twitter_misc":{"Estimated reading time":"2 minutes"},"schema":{"@context":"https:\/\/schema.org","@graph":[{"@type":"WebPage","@id":"https:\/\/vinilozona.lt\/viniliniu-ploksteliu-kokybes-aprasymas\/","url":"https:\/\/vinilozona.lt\/viniliniu-ploksteliu-kokybes-aprasymas\/","name":"Vinilini\u0173 plok\u0161teli\u0173 kokyb\u0117s apra\u0161ymas - Vinilo Zona","isPartOf":{"@id":"https:\/\/vinilozona.lt\/#website"},"datePublished":"2019-10-26T13:10:42+00:00","dateModified":"2019-10-26T13:10:43+00:00","breadcrumb":{"@id":"https:\/\/vinilozona.lt\/viniliniu-ploksteliu-kokybes-aprasymas\/#breadcrumb"},"inLanguage":"en-GB","potentialAction":[{"@type":"ReadAction","target":["https:\/\/vinilozona.lt\/viniliniu-ploksteliu-kokybes-aprasymas\/"]}]},{"@type":"BreadcrumbList","@id":"https:\/\/vinilozona.lt\/viniliniu-ploksteliu-kokybes-aprasymas\/#breadcrumb","itemListElement":[{"@type":"ListItem","position":1,"name":"Home","item":"https:\/\/vinilozona.lt\/"},{"@type":"ListItem","position":2,"name":"Vinilini\u0173 plok\u0161teli\u0173 kokyb\u0117s apra\u0161ymas"}]},{"@type":"WebSite","@id":"https:\/\/vinilozona.lt\/#website","url":"https:\/\/vinilozona.lt\/","name":"Vinilo Zona","description":"Nup\u016bsk dulkes ir klausyk LP","potentialAction":[{"@type":"SearchAction","target":{"@type":"EntryPoint","urlTemplate":"https:\/\/vinilozona.lt\/?s={search_term_string}"},"query-input":{"@type":"PropertyValueSpecification","valueRequired":true,"valueName":"search_term_string"}}],"inLanguage":"en-GB"}]}},"_links":{"self":[{"href":"https:\/\/vinilozona.lt\/en\/wp-json\/wp\/v2\/pages\/37"}],"collection":[{"href":"https:\/\/vinilozona.lt\/en\/wp-json\/wp\/v2\/pages"}],"about":[{"href":"https:\/\/vinilozona.lt\/en\/wp-json\/wp\/v2\/types\/page"}],"author":[{"embeddable":true,"href":"https:\/\/vinilozona.lt\/en\/wp-json\/wp\/v2\/users\/1"}],"replies":[{"embeddable":true,"href":"https:\/\/vinilozona.lt\/en\/wp-json\/wp\/v2\/comments?post=37"}],"version-history":[{"count":1,"href":"https:\/\/vinilozona.lt\/en\/wp-json\/wp\/v2\/pages\/37\/revisions"}],"predecessor-version":[{"id":38,"href":"https:\/\/vinilozona.lt\/en\/wp-json\/wp\/v2\/pages\/37\/revisions\/38"}],"wp:attachment":[{"href":"https:\/\/vinilozona.lt\/en\/wp-json\/wp\/v2\/media?parent=37"}],"curies":[{"name":"wp","href":"https:\/\/api.w.org\/{rel}","templated":true}]}}