{"id":35,"date":"2019-10-26T16:08:35","date_gmt":"2019-10-26T13:08:35","guid":{"rendered":"https:\/\/vinylhome.lt\/?page_id=35"},"modified":"2026-01-05T15:14:52","modified_gmt":"2026-01-05T13:14:52","slug":"prekiu-pirkimo-taisykles","status":"publish","type":"page","link":"https:\/\/vinilozona.lt\/en\/prekiu-pirkimo-taisykles\/","title":{"rendered":"Preki\u0173 pirkimo taisykl\u0117s"},"content":{"rendered":"<h3 class=\"wp-block-heading\">Bendrosios nuostatos<\/h3>\n\n\n\n<ol>\n<li>\u0160ios preki\u0173 pirkimo \u2013 pardavimo taisykl\u0117s (toliau \u2013 Taisykl\u0117s) yra \u0160alims privalomas teisinis dokumentas, kuris nustato Pirk\u0117jo ir Pardav\u0117jo teises, pareigas ir atsakomyb\u0119 Pirk\u0117jui \u012fsigyjant prekes el. parduotuv\u0117je.<\/li>\n\n\n\n<li>Pardav\u0117jas pasilieka teis\u0119 bet kuriuo metu pakeisti, taisyti ar papildyti taisykles, atsi\u017evelgdamas \u012f teis\u0117s akt\u0173 nustatytus reikalavimus. Pirk\u0117jas informuojamas el. parduotuv\u0117s tinklalapyje. Pirk\u0117jui apsiperkant el. parduotuv\u0117je taikomos Taisykl\u0117s, galiojan\u010dios u\u017esakymo pateikimo metu.<\/li>\n\n\n\n<li>Sutartis tarp Pirk\u0117jo ir Pardav\u0117jo laikoma sudaryta nuo to momento, kai Pirk\u0117jas el. parduotuv\u0117je suformav\u0119s preki\u0173 krep\u0161el\u012f, nurod\u0119s pristatymo adres\u0105, pasirink\u0119s atsiskaitymo b\u016bd\u0105 ir susipa\u017ein\u0119s su Pardav\u0117jo taisykl\u0117mis, paspaud\u017eia mygtuk\u0105 \u201ePatvirtinti u\u017esakym\u0105\u201c.<\/li>\n<\/ol>\n\n\n\n<h3 class=\"wp-block-heading\">Asmens duomen\u0173 apsauga<\/h3>\n\n\n\n<ol>\n<li>U\u017esisakyti prekes el. parduotuv\u0117je Pirk\u0117jas gali:\n<ol>\n<li>u\u017esiregistruodamas \u0161ioje el. parduotuv\u0117je \u2013 \u012fvesdamas registracijoje pra\u0161omus duomenis;<\/li>\n\n\n\n<li>nesiregistruodamas \u0161ioje el. parduotuv\u0117je.<\/li>\n<\/ol>\n<\/li>\n\n\n\n<li>Pirk\u0117jas, u\u017esakydamas prekes, atitinkamuose Pardav\u0117jo pateikiamuose informacijos laukuose turi nurodyti preki\u0173 u\u017esakymo tinkamam \u012fvykdymui b\u016btinus Pirk\u0117jo asmens duomenis: vard\u0105, pavard\u0119, preki\u0173 pristatymo adres\u0105, telefono numer\u012f ir el. pa\u0161to adres\u0105.<\/li>\n\n\n\n<li>Patvirtindamas \u0161ias taisykles Pirk\u0117jas sutinka, jog\u00a0 Pirk\u0117jo asmens duomenys b\u016bt\u0173 tvarkomi preki\u0173 ir paslaug\u0173 pardavimo el. parduotuv\u0117je, Pardav\u0117jo veiklos analiz\u0117s ir tiesiogin\u0117s rinkodaros tikslais.<\/li>\n\n\n\n<li>Sutikdamas, kad Pirk\u0117jo asmens duomenys b\u016bt\u0173 tvarkomi preki\u0173 ir paslaug\u0173 pardavimo Pardav\u0117jo el. parduotuv\u0117je tikslu, Pirk\u0117jas taip pat sutinka, kad Pirk\u0117jo nurodytu el. pa\u0161to adresu ir telefono numeriu b\u016bt\u0173 siun\u010diami informaciniai prane\u0161imai, b\u016btini preki\u0173 u\u017esakymui \u012fvykdyti.<\/li>\n\n\n\n<li>Pirk\u0117jas, u\u017esiregistruodamas el. parduotuv\u0117je bei u\u017esakydamas prekes, \u012fsipareigoja saugoti ir niekam neatskleisti prisijungimo duomen\u0173.<\/li>\n<\/ol>\n\n\n\n<h3 class=\"wp-block-heading\">Pirk\u0117jo teis\u0117s ir \u012fsipareigojimai<\/h3>\n\n\n\n<ol>\n<li>Pirk\u0117jas turi teis\u0119 pirkti prekes el. parduotuv\u0117je \u0161i\u0173 Taisykli\u0173 ir kitose \u0161ios el. parduotuv\u0117s informacijos skiltyse nustatyta tvarka.<\/li>\n\n\n\n<li>Pirk\u0117jas \u012fsipareigoja priimti u\u017esakytas prekes ir u\u017e jas sumok\u0117ti sutart\u0105 kain\u0105.<\/li>\n\n\n\n<li>Jeigu pasikei\u010dia Pirk\u0117jo registracijos formoje pateikti duomenys, Pirk\u0117jas privalo nedelsdamas juos atnaujinti.<\/li>\n\n\n\n<li>Pirk\u0117jas \u012fsipareigoja neperduoti tretiesiems asmenims savo prisijungimo duomen\u0173. Jei Pirk\u0117jas praranda prisijungimo duomenis, jis privalo nedelsiant informuoti apie tai Pardav\u0117j\u0105 skyriuje \u201eKontaktai\u201c nurodytomis susisiekimo priemon\u0117mis.<\/li>\n\n\n\n<li>Pirk\u0117jas, naudodamasis el. parduotuve, sutinka su \u0161iomis pirkimo &#8211; pardavimo Taisykl\u0117mis ir \u012fsipareigoja j\u0173 laikytis bei nepa\u017eeisti LR teis\u0117s akt\u0173.<\/li>\n<\/ol>\n\n\n\n<h3 class=\"wp-block-heading\">Pardav\u0117jo teis\u0117s ir \u012fsipareigojimai<\/h3>\n\n\n\n<ol>\n<li>Pardav\u0117jas \u012fsipareigoja sudaryti visas s\u0105lygas Pirk\u0117jui tinkamai naudotis el. parduotuv\u0117s teikiamomis paslaugomis.<\/li>\n\n\n\n<li>Jei Pirk\u0117jas bando pakenkti Pardav\u0117jo el. parduotuv\u0117s darbo stabilumui ir saugumui ar pa\u017eeid\u017eia savo \u012fsipareigojimus, Pardav\u0117jas turi teis\u0119 nedelsiant ir be persp\u0117jimo apriboti ar sustabdyti Pirk\u0117jo galimyb\u0119 naudotis el. parduotuve arba i\u0161skirtiniais atvejais panaikinti Pirk\u0117jo registracij\u0105.<\/li>\n\n\n\n<li>Pardav\u0117jas \u012fsipareigoja gerbti Pirk\u0117jo privatumo teis\u0119 \u012f Pirk\u0117jo priklausan\u010di\u0105 asmenin\u0119 informacij\u0105, nurodyt\u0105 el. parduotuv\u0117s registracijos formoje.<\/li>\n\n\n\n<li>Pardav\u0117jas \u012fsipareigoja pristatyti Pirk\u0117jo u\u017esakytas prekes Pirk\u0117jo nurodytu adresu.<\/li>\n<\/ol>\n\n\n\n<h3 class=\"wp-block-heading\">Preki\u0173 u\u017esakymas, atsiskaitymo tvarka, terminai<\/h3>\n\n\n\n<ol>\n<li>El. parduotuv\u0117je Pirk\u0117jas gali pirkti vis\u0105 par\u0105, 7 dienas per savait\u0119.<\/li>\n\n\n\n<li>Pirk\u0117jas \u012fsipareigoja u\u017e prekes sumok\u0117ti nedelsiant. Tik gavus apmok\u0117jim\u0105 u\u017e prekes pradedamas formuoti preki\u0173 siuntinys ir pradedamas skai\u010diuoti preki\u0173 pristatymo terminas.<\/li>\n<\/ol>\n\n\n\n<h3 class=\"wp-block-heading\">Preki\u0173 pristatymas<\/h3>\n\n\n\n<ol>\n<li>Pirk\u0117jas, u\u017esakymo metu pasirink\u0119s preki\u0173 pristatymo paslaug\u0105, \u012fsipareigoja nurodyti tiksli\u0105 preki\u0173 pristatymo viet\u0105.<\/li>\n\n\n\n<li>Prekes pristato Pardav\u0117jas, Pardav\u0117jo \u012fgaliotas atstovas (kurjeris) arba prek\u0117 pristatoma \u012f preki\u0173 atsi\u0117mimo skyrius.<\/li>\n\n\n\n<li>Visais atvejais Pardav\u0117jas atleid\u017eiamas nuo atsakomyb\u0117s u\u017e preki\u0173 pateikimo termin\u0173 pa\u017eeidim\u0105, jeigu prek\u0117s Pirk\u0117jui n\u0117ra pateikiamos arba pateikiamos ne laiku d\u0117l Pirk\u0117jo kalt\u0117s arba d\u0117l nuo Pardav\u0117jo nepriklausan\u010di\u0173 aplinkybi\u0173.<\/li>\n\n\n\n<li>Pirk\u0117jas privalo visais atvejais nedelsiant informuoti Pardav\u0117j\u0105, jeigu siunta pateikiama sulamdytoje arba kitu b\u016bdu pa\u017eeistoje pakuot\u0117je, jeigu siuntoje pateikiamos neu\u017esakytos prek\u0117s arba netinkamas j\u0173 kiekis, nepilna prek\u0117s komplektacija.<\/li>\n<\/ol>\n\n\n\n<h3 class=\"wp-block-heading\">Preki\u0173 kokyb\u0117s, garantijos ir gr\u0105\u017einimas<\/h3>\n\n\n\n<ol>\n<li>Kiekvienos el. parduotuv\u0117je parduodamos prek\u0117s duomenys bendrai nurodomi prie kiekvienos prek\u0117s esan\u010diame prek\u0117s apra\u0161yme.<\/li>\n\n\n\n<li>Pardav\u0117jas neatsako u\u017e tai, kad el. parduotuv\u0117je esan\u010dios prek\u0117s savo spalva, forma ar kitais parametrais gali neatitikti realaus preki\u0173 dyd\u017eio, form\u0173 ir spalvos d\u0117l Pirk\u0117jo naudojamo vaizduoklio ypatybi\u0173.<\/li>\n\n\n\n<li>Netinkamos kokyb\u0117s prek\u0117s kei\u010diamos ir gr\u0105\u017einamos vadovaujantis Daikt\u0173 gr\u0105\u017einimo ir keitimo taisykl\u0117mis, patvirtintomis 2001m. Bir\u017eelio 29d.\u00a0 LR \u016akio ministro \u012fsakymu Nr.217.<\/li>\n\n\n\n<li>\u012esigijus prek\u0119 per vinilozona.lt elektronin\u0119 parduotuv\u0119 J\u016bs turite galimyb\u0119 gr\u0105\u017einti prek\u0119 per 14d. nuo jos \u012fsigijimo. Apie tai mus informuokite\u00a0elektroniniu pa\u0161tu info@vinlozona.lt.<\/li>\n\n\n\n<li>Gr\u0105\u017einama prek\u0117 turi b\u016bti tvarkinga, nepa\u017eeista pakuote, nesugadinta, su etikete ir nenaudota. Originali prek\u0117s pakuot\u0117 negali b\u016bti pa\u017eeista, supl\u0117\u0161yta ar sutepta. Jei Jums buvo i\u0161si\u0173sta ne ta prek\u0117, jei prek\u0117 neatitinka apra\u0161ymo ar yra nekokybi\u0161ka, mes j\u0105 \u012fsipareigojame suremontuoti, pakeisti, o jei analogi\u0161kos prek\u0117s netur\u0117sime, gr\u0105\u017einsime pinigus.<\/li>\n\n\n\n<li>Pirk\u0117jas gr\u0105\u017eindamas prek\u0119 turi u\u017etikrinti saugi\u0105 pakuot\u0119, kad neb\u016bt\u0173 sugadinta transportavimo metu.<\/li>\n\n\n\n<li>Gr\u0105\u017einant prekes siuntimo i\u0161laidas apmoka Pirk\u0117jas. Pristatymo i\u0161laidos, kurios buvo patirtos \u012fsigijant prek\u0119 taip pat nekompensuojamos. Gr\u0105\u017einant nekokybi\u0161k\u0105 ar netinkam\u0105 prek\u0119 pristatymo i\u0161laidas kompensuosime. Jei Pirk\u0117jas nesilaiko nustatytos preki\u0173 gr\u0105\u017einimo tvarkos, mes turime teis\u0119 nepriimti Pirk\u0117jo gr\u0105\u017einam\u0173 preki\u0173.<\/li>\n\n\n\n<li>Pinigai gr\u0105\u017einami per 7 darbo dienas po prek\u0117s gr\u0105\u017einimo \u012f parduotuv\u0119. Pinigai gr\u0105\u017einami \u012f t\u0105 pa\u010di\u0105 saskait\u0105, i\u0161 kurios apmok\u0117ta \u012fsigyjant prekes.<\/li>\n<\/ol>\n\n\n\n<h3 class=\"wp-block-heading\">Pirk\u0117jo ir pardav\u0117jo atsakomyb\u0117<\/h3>\n\n\n\n<ol>\n<li>Pirk\u0117jas yra visi\u0161kai atsakingas u\u017e Pirk\u0117jo pateikiam\u0173 asmens duomen\u0173 teisingum\u0105. Jei Pirk\u0117jas nepateikia tiksli\u0173 asmens duomen\u0173 registracijos formoje, Pardav\u0117jas neatsako u\u017e d\u0117l to atsiradusius padarinius ir \u012fgyja teis\u0119 reikalauti i\u0161 Pirk\u0117jo patirt\u0173 tiesiogini\u0173 nuostoli\u0173 atlyginimo.<\/li>\n\n\n\n<li>Pirk\u0117jas atsako u\u017e veiksmus, atliktus naudojantis \u0161ia el. parduotuve.<\/li>\n\n\n\n<li>U\u017esiregistrav\u0119s Pirk\u0117jas atsako u\u017e savo prisijungimo duomen\u0173 perdavim\u0105 tretiesiems asmenims. Jei el. parduotuv\u0117s teikiamomis paslaugomis naudojasi tre\u010diasis asmuo, prisijung\u0119s prie el. parduotuv\u0117s naudodamasis Pirk\u0117jo prisijungimo duomenimis, Pardav\u0117jas \u0161\u012f asmen\u012f laiko Pirk\u0117ju.<\/li>\n\n\n\n<li>Pardav\u0117jas atleid\u017eiamas nuo bet kokios atsakomyb\u0117s tais atvejais, kai nuostoliai kyla d\u0117l to, jog Pirk\u0117jas, neatsi\u017evelgdamas \u012f Pardav\u0117jo rekomendacijas ir Pirk\u0117jo \u012fsipareigojimus, nesusipa\u017eino su \u0161iomis Taisykl\u0117mis, nors tokia galimyb\u0117 jam buvo suteikta.<\/li>\n\n\n\n<li>Jei Pardav\u0117jo el. parduotuv\u0117je yra nuorodos \u012f kit\u0173 \u012fmoni\u0173, \u012fstaig\u0173, organizacij\u0173 ar asmen\u0173 el. tinklalapius, Pardav\u0117jas n\u0117ra atsakingas u\u017e ten esan\u010di\u0105 informacij\u0105 ar vykdom\u0105 veikl\u0105, t\u0173 tinklapi\u0173 nepri\u017ei\u016bri, nekontroliuoja ir toms \u012fmon\u0117ms bei asmenims neatstovauja.<\/li>\n\n\n\n<li>Atsiradus \u017ealai, kaltoji \u0160alis atlygina kitai \u0160aliai tiesioginius nuostolius.<\/li>\n<\/ol>\n\n\n\n<h3 class=\"wp-block-heading\">Rinkodara ir informacija<\/h3>\n\n\n\n<ol>\n<li>Pardav\u0117jas savo nuo\u017ei\u016bra gali inicijuoti el. parduotuv\u0117je \u012fvairias akcijas.<\/li>\n\n\n\n<li>Pardav\u0117jas turi teis\u0119 viena\u0161ali\u0161kai, be atskiro \u012fsp\u0117jimo, pakeisti akcij\u0173 s\u0105lygas, taip pat jas panaikinti. Bet koks akcij\u0173 s\u0105lyg\u0173 ir tvarkos pakeitimas ar panaikinimas galioja tik \u012f priek\u012f, t.y. nuo j\u0173 atlikimo momento.<\/li>\n\n\n\n<li>Pardav\u0117jas visus prane\u0161imus siun\u010dia Pirk\u0117jo registracijos formoje nurodytomis susisiekimo priemon\u0117mis.<\/li>\n\n\n\n<li>Pirk\u0117jas visus prane\u0161imus ir klausimus siun\u010dia Pardav\u0117jo el. parduotuv\u0117s skyriuje \u201eKontaktai\u201c nurodytais telefonais ir el. pa\u0161to adresais.<\/li>\n\n\n\n<li>Pardav\u0117jas neatsako jei Pirk\u0117jas negauna siun\u010diam\u0173 informacini\u0173 ar patvirtinan\u010di\u0173 prane\u0161im\u0173 d\u0117l internetinio ry\u0161io, elektroninio pa\u0161to paslaug\u0173 tiek\u0117j\u0173 tinkl\u0173 sutrikim\u0173.<\/li>\n<\/ol>\n\n\n\n<h3 class=\"wp-block-heading\">Baigiamosios nuostatos<\/h3>\n\n\n\n<ol>\n<li>\u0160ios preki\u0173 pirkimo \u2013 pardavimo Taisykl\u0117s sudarytos vadovaujantis LR \u012fstatymais ir teis\u0117s aktais.<\/li>\n\n\n\n<li>Visi nesutarimai, kil\u0119 d\u0117l \u0161i\u0173 Taisykli\u0173 vykdymo, sprend\u017eiami deryb\u0173 b\u016bdu. Nepavykus susitarti, gin\u010dai sprend\u017eiami LR \u012fstatym\u0173 nustatyta tvarka.<\/li>\n<\/ol>","protected":false},"excerpt":{"rendered":"<p>Bendrosios nuostatos Asmens duomen\u0173 apsauga Pirk\u0117jo teis\u0117s ir \u012fsipareigojimai Pardav\u0117jo teis\u0117s ir \u012fsipareigojimai Preki\u0173 u\u017esakymas, atsiskaitymo tvarka, terminai Preki\u0173 pristatymas Preki\u0173 kokyb\u0117s, garantijos ir gr\u0105\u017einimas Pirk\u0117jo ir pardav\u0117jo atsakomyb\u0117 Rinkodara ir informacija Baigiamosios nuostatos<\/p>","protected":false},"author":1,"featured_media":0,"parent":0,"menu_order":0,"comment_status":"closed","ping_status":"closed","template":"","meta":{"footnotes":""},"yoast_head":"<!-- This site is optimized with the Yoast SEO plugin v23.5 - https:\/\/yoast.com\/wordpress\/plugins\/seo\/ -->\n<title>Preki\u0173 pirkimo taisykl\u0117s - Vinilo Zona<\/title>\n<meta name=\"robots\" content=\"index, follow, max-snippet:-1, max-image-preview:large, max-video-preview:-1\" \/>\n<link rel=\"canonical\" href=\"https:\/\/vinilozona.lt\/en\/prekiu-pirkimo-taisykles\/\" \/>\n<meta property=\"og:locale\" content=\"en_GB\" \/>\n<meta property=\"og:type\" content=\"article\" \/>\n<meta property=\"og:title\" content=\"Preki\u0173 pirkimo taisykl\u0117s - Vinilo Zona\" \/>\n<meta property=\"og:description\" content=\"Bendrosios nuostatos Asmens duomen\u0173 apsauga Pirk\u0117jo teis\u0117s ir \u012fsipareigojimai Pardav\u0117jo teis\u0117s ir \u012fsipareigojimai Preki\u0173 u\u017esakymas, atsiskaitymo tvarka, terminai Preki\u0173 pristatymas Preki\u0173 kokyb\u0117s, garantijos ir gr\u0105\u017einimas Pirk\u0117jo ir pardav\u0117jo atsakomyb\u0117 Rinkodara ir informacija Baigiamosios nuostatos\" \/>\n<meta property=\"og:url\" content=\"https:\/\/vinilozona.lt\/en\/prekiu-pirkimo-taisykles\/\" \/>\n<meta property=\"og:site_name\" content=\"Vinilo Zona\" \/>\n<meta property=\"article:modified_time\" content=\"2026-01-05T13:14:52+00:00\" \/>\n<meta name=\"twitter:card\" content=\"summary_large_image\" \/>\n<meta name=\"twitter:label1\" content=\"Estimated reading time\" \/>\n\t<meta name=\"twitter:data1\" content=\"6 minutes\" \/>\n<script type=\"application\/ld+json\" class=\"yoast-schema-graph\">{\"@context\":\"https:\/\/schema.org\",\"@graph\":[{\"@type\":\"WebPage\",\"@id\":\"https:\/\/vinilozona.lt\/prekiu-pirkimo-taisykles\/\",\"url\":\"https:\/\/vinilozona.lt\/prekiu-pirkimo-taisykles\/\",\"name\":\"Preki\u0173 pirkimo taisykl\u0117s - Vinilo Zona\",\"isPartOf\":{\"@id\":\"https:\/\/vinilozona.lt\/#website\"},\"datePublished\":\"2019-10-26T13:08:35+00:00\",\"dateModified\":\"2026-01-05T13:14:52+00:00\",\"breadcrumb\":{\"@id\":\"https:\/\/vinilozona.lt\/prekiu-pirkimo-taisykles\/#breadcrumb\"},\"inLanguage\":\"en-GB\",\"potentialAction\":[{\"@type\":\"ReadAction\",\"target\":[\"https:\/\/vinilozona.lt\/prekiu-pirkimo-taisykles\/\"]}]},{\"@type\":\"BreadcrumbList\",\"@id\":\"https:\/\/vinilozona.lt\/prekiu-pirkimo-taisykles\/#breadcrumb\",\"itemListElement\":[{\"@type\":\"ListItem\",\"position\":1,\"name\":\"Home\",\"item\":\"https:\/\/vinilozona.lt\/\"},{\"@type\":\"ListItem\",\"position\":2,\"name\":\"Preki\u0173 pirkimo taisykl\u0117s\"}]},{\"@type\":\"WebSite\",\"@id\":\"https:\/\/vinilozona.lt\/#website\",\"url\":\"https:\/\/vinilozona.lt\/\",\"name\":\"Vinilo Zona\",\"description\":\"Nup\u016bsk dulkes ir klausyk LP\",\"potentialAction\":[{\"@type\":\"SearchAction\",\"target\":{\"@type\":\"EntryPoint\",\"urlTemplate\":\"https:\/\/vinilozona.lt\/?s={search_term_string}\"},\"query-input\":{\"@type\":\"PropertyValueSpecification\",\"valueRequired\":true,\"valueName\":\"search_term_string\"}}],\"inLanguage\":\"en-GB\"}]}<\/script>\n<!-- \/ Yoast SEO plugin. -->","yoast_head_json":{"title":"Preki\u0173 pirkimo taisykl\u0117s - Vinilo Zona","robots":{"index":"index","follow":"follow","max-snippet":"max-snippet:-1","max-image-preview":"max-image-preview:large","max-video-preview":"max-video-preview:-1"},"canonical":"https:\/\/vinilozona.lt\/en\/prekiu-pirkimo-taisykles\/","og_locale":"en_GB","og_type":"article","og_title":"Preki\u0173 pirkimo taisykl\u0117s - Vinilo Zona","og_description":"Bendrosios nuostatos Asmens duomen\u0173 apsauga Pirk\u0117jo teis\u0117s ir \u012fsipareigojimai Pardav\u0117jo teis\u0117s ir \u012fsipareigojimai Preki\u0173 u\u017esakymas, atsiskaitymo tvarka, terminai Preki\u0173 pristatymas Preki\u0173 kokyb\u0117s, garantijos ir gr\u0105\u017einimas Pirk\u0117jo ir pardav\u0117jo atsakomyb\u0117 Rinkodara ir informacija Baigiamosios nuostatos","og_url":"https:\/\/vinilozona.lt\/en\/prekiu-pirkimo-taisykles\/","og_site_name":"Vinilo Zona","article_modified_time":"2026-01-05T13:14:52+00:00","twitter_card":"summary_large_image","twitter_misc":{"Estimated reading time":"6 minutes"},"schema":{"@context":"https:\/\/schema.org","@graph":[{"@type":"WebPage","@id":"https:\/\/vinilozona.lt\/prekiu-pirkimo-taisykles\/","url":"https:\/\/vinilozona.lt\/prekiu-pirkimo-taisykles\/","name":"Preki\u0173 pirkimo taisykl\u0117s - Vinilo Zona","isPartOf":{"@id":"https:\/\/vinilozona.lt\/#website"},"datePublished":"2019-10-26T13:08:35+00:00","dateModified":"2026-01-05T13:14:52+00:00","breadcrumb":{"@id":"https:\/\/vinilozona.lt\/prekiu-pirkimo-taisykles\/#breadcrumb"},"inLanguage":"en-GB","potentialAction":[{"@type":"ReadAction","target":["https:\/\/vinilozona.lt\/prekiu-pirkimo-taisykles\/"]}]},{"@type":"BreadcrumbList","@id":"https:\/\/vinilozona.lt\/prekiu-pirkimo-taisykles\/#breadcrumb","itemListElement":[{"@type":"ListItem","position":1,"name":"Home","item":"https:\/\/vinilozona.lt\/"},{"@type":"ListItem","position":2,"name":"Preki\u0173 pirkimo taisykl\u0117s"}]},{"@type":"WebSite","@id":"https:\/\/vinilozona.lt\/#website","url":"https:\/\/vinilozona.lt\/","name":"Vinilo Zona","description":"Nup\u016bsk dulkes ir klausyk LP","potentialAction":[{"@type":"SearchAction","target":{"@type":"EntryPoint","urlTemplate":"https:\/\/vinilozona.lt\/?s={search_term_string}"},"query-input":{"@type":"PropertyValueSpecification","valueRequired":true,"valueName":"search_term_string"}}],"inLanguage":"en-GB"}]}},"_links":{"self":[{"href":"https:\/\/vinilozona.lt\/en\/wp-json\/wp\/v2\/pages\/35"}],"collection":[{"href":"https:\/\/vinilozona.lt\/en\/wp-json\/wp\/v2\/pages"}],"about":[{"href":"https:\/\/vinilozona.lt\/en\/wp-json\/wp\/v2\/types\/page"}],"author":[{"embeddable":true,"href":"https:\/\/vinilozona.lt\/en\/wp-json\/wp\/v2\/users\/1"}],"replies":[{"embeddable":true,"href":"https:\/\/vinilozona.lt\/en\/wp-json\/wp\/v2\/comments?post=35"}],"version-history":[{"count":2,"href":"https:\/\/vinilozona.lt\/en\/wp-json\/wp\/v2\/pages\/35\/revisions"}],"predecessor-version":[{"id":30212,"href":"https:\/\/vinilozona.lt\/en\/wp-json\/wp\/v2\/pages\/35\/revisions\/30212"}],"wp:attachment":[{"href":"https:\/\/vinilozona.lt\/en\/wp-json\/wp\/v2\/media?parent=35"}],"curies":[{"name":"wp","href":"https:\/\/api.w.org\/{rel}","templated":true}]}}