{"id":33,"date":"2019-10-26T16:03:53","date_gmt":"2019-10-26T13:03:53","guid":{"rendered":"https:\/\/vinylhome.lt\/?page_id=33"},"modified":"2019-10-26T16:03:54","modified_gmt":"2019-10-26T13:03:54","slug":"apie-mus","status":"publish","type":"page","link":"https:\/\/vinilozona.lt\/en\/apie-mus\/","title":{"rendered":"About us"},"content":{"rendered":"<h3 class=\"wp-block-heading\"><strong>Mes esame<br><\/strong><\/h3>\n\n\n\n<p>Du \u017emon\u0117s, mylintys muzik\u0105.<\/p>\n\n\n\n<h3 class=\"wp-block-heading\"><strong>M\u016bs\u0173 vizija<br><\/strong><\/h3>\n\n\n\n<p>Sieksime, kad \u0161i elektronin\u0117 parduotuv\u0117 b\u016bt\u0173 kasdienio apsilankymo vieta \u012fvairiems \u017emon\u0117ms \u2013 melomanams, ie\u0161kotojams, avanti\u016bristams, pasiklydusiems, sk\u0119stantiems prisiminimuose arba tyrin\u0117tojams.<\/p>\n\n\n\n<h3 class=\"wp-block-heading\"><strong>M\u016bs\u0173 tikslas<br><\/strong><\/h3>\n\n\n\n<p>Norime, kad m\u016bs\u0173 pirk\u0117jai b\u016bt\u0173 laimingi ir patenkinti, kad vinilin\u0117s plok\u0161tel\u0117s b\u016bt\u0173 kuo geresn\u0117s kokyb\u0117s, kaina &#8211; pagal naujausias i\u0161gyvenimo taisykles, o aptarnavimas &#8211; draugi\u0161kas ir nepriekai\u0161tingas.<\/p>\n\n\n\n<h3 class=\"wp-block-heading\"><strong>M\u016bs\u0173 charakteris<br><\/strong><\/h3>\n\n\n\n<p>Propaguojame teigiam\u0105 emocij\u0105 ne\u0161ant\u012f bendravim\u0105, susi\u0161nek\u0117jim\u0105, i\u0161klausym\u0105, nuomoni\u0173 \u012fvairov\u0119, pagr\u012fst\u0105 kritik\u0105 ir atvir\u0105 po\u017ei\u016br\u012f, ta\u010diau grie\u017etai diskriminuojame mel\u0105 ir apgavystes, \u012f\u017eeidin\u0117jimus, geb\u0117jim\u0105 ar\u0161iai konfliktuoti ir demotyvuoti.<\/p>\n\n\n\n<h3 class=\"wp-block-heading\"><strong>M\u016bs\u0173 svajon\u0117<br><\/strong><\/h3>\n\n\n\n<p>Nepasikeisti, nepasimesti ir nieko neu\u017emir\u0161ti \ud83d\ude42<\/p>","protected":false},"excerpt":{"rendered":"<p>Mes esame Du \u017emon\u0117s, mylintys muzik\u0105. M\u016bs\u0173 vizija Sieksime, kad \u0161i elektronin\u0117 parduotuv\u0117 b\u016bt\u0173 kasdienio apsilankymo vieta \u012fvairiems \u017emon\u0117ms \u2013 melomanams, ie\u0161kotojams, avanti\u016bristams, pasiklydusiems, sk\u0119stantiems prisiminimuose arba tyrin\u0117tojams. M\u016bs\u0173 tikslas Norime, kad m\u016bs\u0173 pirk\u0117jai b\u016bt\u0173 laimingi ir patenkinti, kad vinilin\u0117s plok\u0161tel\u0117s b\u016bt\u0173 kuo geresn\u0117s kokyb\u0117s, kaina &#8211; pagal naujausias i\u0161gyvenimo taisykles, o aptarnavimas &#8211; draugi\u0161kas [&#8230;]","protected":false},"author":1,"featured_media":0,"parent":0,"menu_order":0,"comment_status":"closed","ping_status":"closed","template":"","meta":{"footnotes":""},"yoast_head":"<!-- This site is optimized with the Yoast SEO plugin v23.5 - https:\/\/yoast.com\/wordpress\/plugins\/seo\/ -->\n<title>Apie mus - Vinilo Zona<\/title>\n<meta name=\"robots\" content=\"index, follow, max-snippet:-1, max-image-preview:large, max-video-preview:-1\" \/>\n<link rel=\"canonical\" href=\"https:\/\/vinilozona.lt\/en\/apie-mus\/\" \/>\n<meta property=\"og:locale\" content=\"en_GB\" \/>\n<meta property=\"og:type\" content=\"article\" \/>\n<meta property=\"og:title\" content=\"Apie mus - Vinilo Zona\" \/>\n<meta property=\"og:description\" content=\"Mes esame Du \u017emon\u0117s, mylintys muzik\u0105. M\u016bs\u0173 vizija Sieksime, kad \u0161i elektronin\u0117 parduotuv\u0117 b\u016bt\u0173 kasdienio apsilankymo vieta \u012fvairiems \u017emon\u0117ms \u2013 melomanams, ie\u0161kotojams, avanti\u016bristams, pasiklydusiems, sk\u0119stantiems prisiminimuose arba tyrin\u0117tojams. M\u016bs\u0173 tikslas Norime, kad m\u016bs\u0173 pirk\u0117jai b\u016bt\u0173 laimingi ir patenkinti, kad vinilin\u0117s plok\u0161tel\u0117s b\u016bt\u0173 kuo geresn\u0117s kokyb\u0117s, kaina &#8211; pagal naujausias i\u0161gyvenimo taisykles, o aptarnavimas &#8211; draugi\u0161kas [...]\" \/>\n<meta property=\"og:url\" content=\"https:\/\/vinilozona.lt\/en\/apie-mus\/\" \/>\n<meta property=\"og:site_name\" content=\"Vinilo Zona\" \/>\n<meta property=\"article:modified_time\" content=\"2019-10-26T13:03:54+00:00\" \/>\n<meta name=\"twitter:card\" content=\"summary_large_image\" \/>\n<meta name=\"twitter:label1\" content=\"Estimated reading time\" \/>\n\t<meta name=\"twitter:data1\" content=\"1 minute\" \/>\n<script type=\"application\/ld+json\" class=\"yoast-schema-graph\">{\"@context\":\"https:\/\/schema.org\",\"@graph\":[{\"@type\":\"WebPage\",\"@id\":\"https:\/\/vinilozona.lt\/apie-mus\/\",\"url\":\"https:\/\/vinilozona.lt\/apie-mus\/\",\"name\":\"Apie mus - Vinilo Zona\",\"isPartOf\":{\"@id\":\"https:\/\/vinilozona.lt\/#website\"},\"datePublished\":\"2019-10-26T13:03:53+00:00\",\"dateModified\":\"2019-10-26T13:03:54+00:00\",\"breadcrumb\":{\"@id\":\"https:\/\/vinilozona.lt\/apie-mus\/#breadcrumb\"},\"inLanguage\":\"en-GB\",\"potentialAction\":[{\"@type\":\"ReadAction\",\"target\":[\"https:\/\/vinilozona.lt\/apie-mus\/\"]}]},{\"@type\":\"BreadcrumbList\",\"@id\":\"https:\/\/vinilozona.lt\/apie-mus\/#breadcrumb\",\"itemListElement\":[{\"@type\":\"ListItem\",\"position\":1,\"name\":\"Home\",\"item\":\"https:\/\/vinilozona.lt\/\"},{\"@type\":\"ListItem\",\"position\":2,\"name\":\"Apie mus\"}]},{\"@type\":\"WebSite\",\"@id\":\"https:\/\/vinilozona.lt\/#website\",\"url\":\"https:\/\/vinilozona.lt\/\",\"name\":\"Vinilo Zona\",\"description\":\"Nup\u016bsk dulkes ir klausyk LP\",\"potentialAction\":[{\"@type\":\"SearchAction\",\"target\":{\"@type\":\"EntryPoint\",\"urlTemplate\":\"https:\/\/vinilozona.lt\/?s={search_term_string}\"},\"query-input\":{\"@type\":\"PropertyValueSpecification\",\"valueRequired\":true,\"valueName\":\"search_term_string\"}}],\"inLanguage\":\"en-GB\"}]}<\/script>\n<!-- \/ Yoast SEO plugin. -->","yoast_head_json":{"title":"Apie mus - Vinilo Zona","robots":{"index":"index","follow":"follow","max-snippet":"max-snippet:-1","max-image-preview":"max-image-preview:large","max-video-preview":"max-video-preview:-1"},"canonical":"https:\/\/vinilozona.lt\/en\/apie-mus\/","og_locale":"en_GB","og_type":"article","og_title":"Apie mus - Vinilo Zona","og_description":"Mes esame Du \u017emon\u0117s, mylintys muzik\u0105. M\u016bs\u0173 vizija Sieksime, kad \u0161i elektronin\u0117 parduotuv\u0117 b\u016bt\u0173 kasdienio apsilankymo vieta \u012fvairiems \u017emon\u0117ms \u2013 melomanams, ie\u0161kotojams, avanti\u016bristams, pasiklydusiems, sk\u0119stantiems prisiminimuose arba tyrin\u0117tojams. M\u016bs\u0173 tikslas Norime, kad m\u016bs\u0173 pirk\u0117jai b\u016bt\u0173 laimingi ir patenkinti, kad vinilin\u0117s plok\u0161tel\u0117s b\u016bt\u0173 kuo geresn\u0117s kokyb\u0117s, kaina &#8211; pagal naujausias i\u0161gyvenimo taisykles, o aptarnavimas &#8211; draugi\u0161kas [...]","og_url":"https:\/\/vinilozona.lt\/en\/apie-mus\/","og_site_name":"Vinilo Zona","article_modified_time":"2019-10-26T13:03:54+00:00","twitter_card":"summary_large_image","twitter_misc":{"Estimated reading time":"1 minute"},"schema":{"@context":"https:\/\/schema.org","@graph":[{"@type":"WebPage","@id":"https:\/\/vinilozona.lt\/apie-mus\/","url":"https:\/\/vinilozona.lt\/apie-mus\/","name":"Apie mus - Vinilo Zona","isPartOf":{"@id":"https:\/\/vinilozona.lt\/#website"},"datePublished":"2019-10-26T13:03:53+00:00","dateModified":"2019-10-26T13:03:54+00:00","breadcrumb":{"@id":"https:\/\/vinilozona.lt\/apie-mus\/#breadcrumb"},"inLanguage":"en-GB","potentialAction":[{"@type":"ReadAction","target":["https:\/\/vinilozona.lt\/apie-mus\/"]}]},{"@type":"BreadcrumbList","@id":"https:\/\/vinilozona.lt\/apie-mus\/#breadcrumb","itemListElement":[{"@type":"ListItem","position":1,"name":"Home","item":"https:\/\/vinilozona.lt\/"},{"@type":"ListItem","position":2,"name":"Apie mus"}]},{"@type":"WebSite","@id":"https:\/\/vinilozona.lt\/#website","url":"https:\/\/vinilozona.lt\/","name":"Vinilo Zona","description":"Nup\u016bsk dulkes ir klausyk LP","potentialAction":[{"@type":"SearchAction","target":{"@type":"EntryPoint","urlTemplate":"https:\/\/vinilozona.lt\/?s={search_term_string}"},"query-input":{"@type":"PropertyValueSpecification","valueRequired":true,"valueName":"search_term_string"}}],"inLanguage":"en-GB"}]}},"_links":{"self":[{"href":"https:\/\/vinilozona.lt\/en\/wp-json\/wp\/v2\/pages\/33"}],"collection":[{"href":"https:\/\/vinilozona.lt\/en\/wp-json\/wp\/v2\/pages"}],"about":[{"href":"https:\/\/vinilozona.lt\/en\/wp-json\/wp\/v2\/types\/page"}],"author":[{"embeddable":true,"href":"https:\/\/vinilozona.lt\/en\/wp-json\/wp\/v2\/users\/1"}],"replies":[{"embeddable":true,"href":"https:\/\/vinilozona.lt\/en\/wp-json\/wp\/v2\/comments?post=33"}],"version-history":[{"count":1,"href":"https:\/\/vinilozona.lt\/en\/wp-json\/wp\/v2\/pages\/33\/revisions"}],"predecessor-version":[{"id":34,"href":"https:\/\/vinilozona.lt\/en\/wp-json\/wp\/v2\/pages\/33\/revisions\/34"}],"wp:attachment":[{"href":"https:\/\/vinilozona.lt\/en\/wp-json\/wp\/v2\/media?parent=33"}],"curies":[{"name":"wp","href":"https:\/\/api.w.org\/{rel}","templated":true}]}}